{"id":6409,"date":"2023-03-24T05:07:21","date_gmt":"2023-03-24T05:07:21","guid":{"rendered":"http:\/\/innovis.dev8.kancl.goodsailors.cz\/?page_id=6409"},"modified":"2024-03-04T09:41:16","modified_gmt":"2024-03-04T09:41:16","slug":"wo-werden-sie-unsere-expertise-einsetzen","status":"publish","type":"page","link":"https:\/\/innovis.ai\/de\/wo-werden-sie-unsere-expertise-einsetzen\/","title":{"rendered":"Branche"},"content":{"rendered":"\n<div class=\"section\">\n<div class=\"headline\"><h1><span class=\"thin\">IN WELCHEN BEREICHEN K\u00d6NNEN<\/span><br>WIR IHNEN BEI&nbsp;DER L\u00d6SUNG <span class=\"underline\">HELFEN<\/span><\/h1><\/div>\n\n\n\n<div class=\"list js-more\"><div class=\"list__grid\">\n<div class=\"list__item color-1 undefined\"><a href=\"\/de\/logistik-und-industrie\/\" class=\"list__link\"><div class=\"list__bg\"><img decoding=\"async\" src=\"https:\/\/innovis.ai\/wp-content\/uploads\/2023\/09\/logistika-a-prumysl.jpg\" alt=\"\" width=\"1920\" height=\"898\" loading=\"lazy\"\/><\/div><div class=\"list__main\"><div class=\"list__name\"><span class=\"list__line\"><\/span><span class=\"list__head\">LOGISTIK UND&nbsp;INDUSTRIE<\/span><\/div><div class=\"list__desc\">Sorgen Sie f\u00fcr&nbsp;mehr Effizienz, einfachere Planung, reibungslosen Betrieb und&nbsp;Kostenkontrolle in&nbsp;Ihrem Unternehmen. Dank unserer Spitzentechnologien verbessern Sie den Betrieb Ihres Unternehmens und&nbsp;verschaffen sich einen Wettbewerbsvorteil.<\/div><span class=\"list__btn\"><svg xmlns=\"http:\/\/www.w3.org\/2000\/svg\" width=\"14\" height=\"24\" viewBox=\"0 0 14 24\"><path d=\"M0.710203334,0.469210767 C0.950675478,0.228771278 1.34053138,0.22879775 1.58097087,0.469269894 L12.9149405,11.8047788 C13.1553684,12.0452394 13.1553552,12.4350725 12.9149109,12.6755168 L2.05966799,23.5307597 C1.81921217,23.7712155 1.42935627,23.7712155 1.18890045,23.5307597 C0.948444632,23.2903039 0.948444632,22.9004479 1.18890045,22.6599921 L11.6087371,12.2399791 L0.710144207,1.33997831 C0.477719368,1.1075219 0.46999661,0.735474667 0.686957606,0.493741704 L0.710203334,0.469210767 Z\"><\/path><\/svg><\/span><\/div><\/a><\/div>\n\n\n\n<div class=\"list__item color-4 \"><a href=\"\/de\/retail\/\" class=\"list__link\"><div class=\"list__bg\"><img decoding=\"async\" src=\"https:\/\/innovis.ai\/wp-content\/uploads\/2023\/09\/retail.jpg\" alt=\"\" width=\"1920\" height=\"898\" loading=\"lazy\"\/><\/div><div class=\"list__main\"><div class=\"list__name\"><span class=\"list__line\"><\/span><span class=\"list__head\">Retail<\/span><\/div><div class=\"list__desc\">Sorgen Sie f\u00fcr&nbsp;den reibungslosen und&nbsp;sicheren Betrieb Ihrer L\u00e4den, optimieren Sie die Betriebskosten, senken Sie die Kriminalit\u00e4tsrate und&nbsp;gewinnen Sie einzigartige Einblicke in&nbsp;Ihr Gesch\u00e4ft durch&nbsp;die Erfassung und&nbsp;Auswertung komplexer Daten.<\/div><span class=\"list__btn\"><svg xmlns=\"http:\/\/www.w3.org\/2000\/svg\" width=\"14\" height=\"24\" viewBox=\"0 0 14 24\"><path d=\"M0.710203334,0.469210767 C0.950675478,0.228771278 1.34053138,0.22879775 1.58097087,0.469269894 L12.9149405,11.8047788 C13.1553684,12.0452394 13.1553552,12.4350725 12.9149109,12.6755168 L2.05966799,23.5307597 C1.81921217,23.7712155 1.42935627,23.7712155 1.18890045,23.5307597 C0.948444632,23.2903039 0.948444632,22.9004479 1.18890045,22.6599921 L11.6087371,12.2399791 L0.710144207,1.33997831 C0.477719368,1.1075219 0.46999661,0.735474667 0.686957606,0.493741704 L0.710203334,0.469210767 Z\"><\/path><\/svg><\/span><\/div><\/a><\/div>\n\n\n\n<div class=\"list__item color-2 undefined\"><a href=\"\/de\/einkaufszentren\/\" class=\"list__link\"><div class=\"list__bg\"><img decoding=\"async\" src=\"https:\/\/innovis.ai\/wp-content\/uploads\/2023\/09\/nakupni-centra.jpg\" alt=\"\" width=\"1920\" height=\"898\" loading=\"lazy\"\/><\/div><div class=\"list__main\"><div class=\"list__name\"><span class=\"list__line\"><\/span><span class=\"list__head\">EINKAUFSZENTREN<\/span><\/div><div class=\"list__desc\">Sorgen Sie f\u00fcr&nbsp;den reibungslosen und&nbsp;sicheren Betrieb Ihres Einkaufszentrums, optimieren Sie die Betriebskosten und&nbsp;gewinnen Sie einzigartige Einblicke in&nbsp;Ihr Gesch\u00e4ft durch&nbsp;die Erfassung und&nbsp;Auswertung komplexer Daten.<\/div><span class=\"list__btn\"><svg xmlns=\"http:\/\/www.w3.org\/2000\/svg\" width=\"14\" height=\"24\" viewBox=\"0 0 14 24\"><path d=\"M0.710203334,0.469210767 C0.950675478,0.228771278 1.34053138,0.22879775 1.58097087,0.469269894 L12.9149405,11.8047788 C13.1553684,12.0452394 13.1553552,12.4350725 12.9149109,12.6755168 L2.05966799,23.5307597 C1.81921217,23.7712155 1.42935627,23.7712155 1.18890045,23.5307597 C0.948444632,23.2903039 0.948444632,22.9004479 1.18890045,22.6599921 L11.6087371,12.2399791 L0.710144207,1.33997831 C0.477719368,1.1075219 0.46999661,0.735474667 0.686957606,0.493741704 L0.710203334,0.469210767 Z\"><\/path><\/svg><\/span><\/div><\/a><\/div>\n\n\n\n<div class=\"list__item color-3 js-more-item is-hidden\"><a href=\"\/de\/burogebaude\/\" class=\"list__link\"><div class=\"list__bg\"><img decoding=\"async\" src=\"https:\/\/innovis.ai\/wp-content\/uploads\/2023\/09\/kancelarske-budovy.jpg\" alt=\"\" width=\"1920\" height=\"898\" loading=\"lazy\"\/><\/div><div class=\"list__main\"><div class=\"list__name\"><span class=\"list__line\"><\/span><span class=\"list__head\">B\u00dcROGEB\u00c4UDE<\/span><\/div><div class=\"list__desc\">Erhalten Sie die Kontrolle \u00fcber&nbsp;den gesamten Betrieb Ihrer B\u00fcrogeb\u00e4ude und&nbsp;sparen Sie Kosten. Dank intelligenter Technologien senken Sie die Betriebskosten und&nbsp;steigern die Attraktivit\u00e4t und&nbsp;den Komfort des Geb\u00e4udes f\u00fcr&nbsp;bestehende und&nbsp;potenzielle Mieter<\/div><span class=\"list__btn\"><svg xmlns=\"http:\/\/www.w3.org\/2000\/svg\" width=\"14\" height=\"24\" viewBox=\"0 0 14 24\"><path d=\"M0.710203334,0.469210767 C0.950675478,0.228771278 1.34053138,0.22879775 1.58097087,0.469269894 L12.9149405,11.8047788 C13.1553684,12.0452394 13.1553552,12.4350725 12.9149109,12.6755168 L2.05966799,23.5307597 C1.81921217,23.7712155 1.42935627,23.7712155 1.18890045,23.5307597 C0.948444632,23.2903039 0.948444632,22.9004479 1.18890045,22.6599921 L11.6087371,12.2399791 L0.710144207,1.33997831 C0.477719368,1.1075219 0.46999661,0.735474667 0.686957606,0.493741704 L0.710203334,0.469210767 Z\"><\/path><\/svg><\/span><\/div><\/a><\/div>\n\n\n\n<div class=\"list__item color-5 js-more-item is-hidden\"><a href=\"\/de\/autohauser\/\" class=\"list__link\"><div class=\"list__bg\"><img decoding=\"async\" src=\"https:\/\/innovis.ai\/wp-content\/uploads\/2023\/09\/retail-autosalony.jpg\" alt=\"\" width=\"1920\" height=\"898\" loading=\"lazy\"\/><\/div><div class=\"list__main\"><div class=\"list__name\"><span class=\"list__line\"><\/span><span class=\"list__head\">AUTOH\u00c4USER<\/span><\/div><div class=\"list__desc\">Wir helfen Ihnen, die Effizienz Ihrer Autoh\u00e4user auf&nbsp;die n\u00e4chste Stufe zu&nbsp;heben. Dank pr\u00e4ziser Analysen des Besucherverhaltens, Sicherheitstechnologien und&nbsp;erh\u00f6htem Kundenkomfort laufen Ihre Showrooms wie ein gut abgestimmter Motor.<\/div><span class=\"list__btn\"><svg xmlns=\"http:\/\/www.w3.org\/2000\/svg\" width=\"14\" height=\"24\" viewBox=\"0 0 14 24\"><path d=\"M0.710203334,0.469210767 C0.950675478,0.228771278 1.34053138,0.22879775 1.58097087,0.469269894 L12.9149405,11.8047788 C13.1553684,12.0452394 13.1553552,12.4350725 12.9149109,12.6755168 L2.05966799,23.5307597 C1.81921217,23.7712155 1.42935627,23.7712155 1.18890045,23.5307597 C0.948444632,23.2903039 0.948444632,22.9004479 1.18890045,22.6599921 L11.6087371,12.2399791 L0.710144207,1.33997831 C0.477719368,1.1075219 0.46999661,0.735474667 0.686957606,0.493741704 L0.710203334,0.469210767 Z\"><\/path><\/svg><\/span><\/div><\/a><\/div>\n\n\n\n<div class=\"list__item color-6 js-more-item is-hidden\"><a href=\"\/de\/baustellen\/\" class=\"list__link\"><div class=\"list__bg\"><img decoding=\"async\" src=\"https:\/\/innovis.ai\/wp-content\/uploads\/2023\/09\/stavba.jpg\" alt=\"\" width=\"1920\" height=\"898\" loading=\"lazy\"\/><\/div><div class=\"list__main\"><div class=\"list__name\"><span class=\"list__line\"><\/span><span class=\"list__head\">BAUSTELLEN<\/span><\/div><div class=\"list__desc\">Lassen sie Ihr Bauwerk wachsen, nicht die Kosten f\u00fcr&nbsp;den Baustellenbetrieb. Wir sorgen f\u00fcr&nbsp;Sicherheit und&nbsp;helfen Ihnen, Kosten zu&nbsp;sparen, indem wir intelligente Technologien einsetzen, die die Bewegung von&nbsp;Fahrzeugen l\u00f6sen, die T\u00e4tigkeit des physischen Sicherheitsdienstes ersetzen und&nbsp;die Einhaltung der Arbeitssicherheit \u00fcberwachen.<\/div><span class=\"list__btn\"><svg xmlns=\"http:\/\/www.w3.org\/2000\/svg\" width=\"14\" height=\"24\" viewBox=\"0 0 14 24\"><path d=\"M0.710203334,0.469210767 C0.950675478,0.228771278 1.34053138,0.22879775 1.58097087,0.469269894 L12.9149405,11.8047788 C13.1553684,12.0452394 13.1553552,12.4350725 12.9149109,12.6755168 L2.05966799,23.5307597 C1.81921217,23.7712155 1.42935627,23.7712155 1.18890045,23.5307597 C0.948444632,23.2903039 0.948444632,22.9004479 1.18890045,22.6599921 L11.6087371,12.2399791 L0.710144207,1.33997831 C0.477719368,1.1075219 0.46999661,0.735474667 0.686957606,0.493741704 L0.710203334,0.469210767 Z\"><\/path><\/svg><\/span><\/div><\/a><\/div>\n\n\n\n<div class=\"list__item color-7 js-more-item is-hidden\"><a href=\"\/de\/stadte-und-gemeinden\/\" class=\"list__link\"><div class=\"list__bg\"><img decoding=\"async\" src=\"https:\/\/innovis.ai\/wp-content\/uploads\/2023\/09\/mesta.jpg\" alt=\"\" width=\"1920\" height=\"898\" loading=\"lazy\"\/><\/div><div class=\"list__main\"><div class=\"list__name\"><span class=\"list__line\"><\/span><span class=\"list__head\">ST\u00c4DTE UND&nbsp;GEMEINDEN<\/span><\/div><div class=\"list__desc\">Seien Sie einen Schritt voraus, wenn&nbsp;es darum&nbsp;geht, die Sicherheit der Verm\u00f6genswerte Ihrer Stadt zu&nbsp;gew\u00e4hrleisten, den Komfort der B\u00fcrger zu&nbsp;erh\u00f6hen und&nbsp;die Kriminalit\u00e4t zu&nbsp;reduzieren. Dank smarter Technologien helfen wir Ihnen, Kosten zu&nbsp;sparen und&nbsp;die Attraktivit\u00e4t Ihrer Gemeinde zu&nbsp;steigern.<\/div><span class=\"list__btn\"><svg xmlns=\"http:\/\/www.w3.org\/2000\/svg\" width=\"14\" height=\"24\" viewBox=\"0 0 14 24\"><path d=\"M0.710203334,0.469210767 C0.950675478,0.228771278 1.34053138,0.22879775 1.58097087,0.469269894 L12.9149405,11.8047788 C13.1553684,12.0452394 13.1553552,12.4350725 12.9149109,12.6755168 L2.05966799,23.5307597 C1.81921217,23.7712155 1.42935627,23.7712155 1.18890045,23.5307597 C0.948444632,23.2903039 0.948444632,22.9004479 1.18890045,22.6599921 L11.6087371,12.2399791 L0.710144207,1.33997831 C0.477719368,1.1075219 0.46999661,0.735474667 0.686957606,0.493741704 L0.710203334,0.469210767 Z\"><\/path><\/svg><\/span><\/div><\/a><\/div>\n<\/div><div class=\"list__more\"><a href=\"#\" class=\"btn js-more-trigger\"><span class=\"btn__txt\">MEHR ANZEIGEN<\/span><span class=\"btn__icon\"><svg xmlns=\"http:\/\/www.w3.org\/2000\/svg\" width=\"40\" height=\"40\" viewBox=\"0 0 40 40\"><g transform=\"translate(11.51 11.51)\"><path d=\"M8.5,0 C8.77614237,0 9,0.219065566 9,0.489296636 L9,16.4892966 C9,16.7595277 8.77614237,16.9785933 8.5,16.9785933 C8.22385763,16.9785933 8,16.7595277 8,16.4892966 L8,0.489296636 C8,0.219065566 8.22385763,0 8.5,0 Z\"><\/path><path d=\"M16.4892966,8 C16.7595277,8 16.9785933,8.22385763 16.9785933,8.5 C16.9785933,8.77614237 16.7595277,9 16.4892966,9 L0.489296636,9 C0.219065566,9 0,8.77614237 0,8.5 C0,8.22385763 0.219065566,8 0.489296636,8 L16.4892966,8 Z\"><\/path><\/g><\/svg><\/span><\/a><\/div><\/div>\n<\/div>\n","protected":false},"excerpt":{"rendered":"","protected":false},"author":7,"featured_media":0,"parent":0,"menu_order":0,"comment_status":"closed","ping_status":"closed","template":"","meta":{"_acf_changed":false,"inline_featured_image":false,"footnotes":""},"class_list":["post-6409","page","type-page","status-publish","hentry"],"acf":[],"_links":{"self":[{"href":"https:\/\/innovis.ai\/de\/wp-json\/wp\/v2\/pages\/6409","targetHints":{"allow":["GET"]}}],"collection":[{"href":"https:\/\/innovis.ai\/de\/wp-json\/wp\/v2\/pages"}],"about":[{"href":"https:\/\/innovis.ai\/de\/wp-json\/wp\/v2\/types\/page"}],"author":[{"embeddable":true,"href":"https:\/\/innovis.ai\/de\/wp-json\/wp\/v2\/users\/7"}],"replies":[{"embeddable":true,"href":"https:\/\/innovis.ai\/de\/wp-json\/wp\/v2\/comments?post=6409"}],"version-history":[{"count":5,"href":"https:\/\/innovis.ai\/de\/wp-json\/wp\/v2\/pages\/6409\/revisions"}],"predecessor-version":[{"id":6686,"href":"https:\/\/innovis.ai\/de\/wp-json\/wp\/v2\/pages\/6409\/revisions\/6686"}],"wp:attachment":[{"href":"https:\/\/innovis.ai\/de\/wp-json\/wp\/v2\/media?parent=6409"}],"curies":[{"name":"wp","href":"https:\/\/api.w.org\/{rel}","templated":true}]}}