{"id":6414,"date":"2023-04-18T04:47:05","date_gmt":"2023-04-18T04:47:05","guid":{"rendered":"http:\/\/innovis.dev8.kancl.goodsailors.cz\/?page_id=6414"},"modified":"2024-02-16T08:16:39","modified_gmt":"2024-02-16T08:16:39","slug":"dienstleistungen","status":"publish","type":"page","link":"https:\/\/innovis.ai\/de\/dienstleistungen\/","title":{"rendered":"Dienstleistungen"},"content":{"rendered":"\n<div class=\"section\">\n<div class=\"headline\"><h1><span class=\"thin\">Entdecken Sie<\/span><br>unsere Dienstleistungen<\/h1><\/div>\n\n\n<div class=\"list\"><div class=\"list__grid\" id=\"products-grid\"><div class=\"list__item\"><div class=\"post post--dark\"><div class=\"post__image\"><img decoding=\"async\" src=\"https:\/\/innovis.ai\/wp-content\/themes\/innovis-new\/assets\/images\/sluzby\/recepce.jpg\" alt=\"\" width=\"427\" height=\"320\"  loading=\"lazy\"><\/div><!-- .post__image --><div class=\"post__main\"><div class=\"post__content\"><div class=\"post__tags\"><div class=\"tag\"><\/div><\/div><h2>Automatischer empfang<\/h2><p>Der elektronische Empfang (e-Reception) automatisiert und rationalisiert den bestehenden Empfang oder den Eingang zum Geb\u00e4ude. Er kann herk\u00f6mmliche Empfangsprozesse wie das Einchecken und Identifizieren von Besuchern, das F\u00fchren einer Anwesenheitsliste, die Videoverbindung mit Personen im Geb\u00e4ude, die Ausgabe von Eintrittskarten oder die Erstellung von QR-Codes ganz oder teilweise ersetzen.<\/p><\/div><div class=\"post__footer\"><div class=\"post__more\"><a href=\"https:\/\/innovis.ai\/de\/service\/automatischer-empfang\/\" class=\"post__link\"><svg xmlns=\"http:\/\/www.w3.org\/2000\/svg\" width=\"14\" height=\"24\" viewBox=\"0 0 14 24\"><path d=\"M0.710203334,0.469210767 C0.950675478,0.228771278 1.34053138,0.22879775 1.58097087,0.469269894 L12.9149405,11.8047788 C13.1553684,12.0452394 13.1553552,12.4350725 12.9149109,12.6755168 L2.05966799,23.5307597 C1.81921217,23.7712155 1.42935627,23.7712155 1.18890045,23.5307597 C0.948444632,23.2903039 0.948444632,22.9004479 1.18890045,22.6599921 L11.6087371,12.2399791 L0.710144207,1.33997831 C0.477719368,1.1075219 0.46999661,0.735474667 0.686957606,0.493741704 L0.710203334,0.469210767 Z\"><\/path><\/svg><\/a><\/div><\/div><\/div><!-- .post__main --><\/div><!-- .post --><\/div><!-- .list__item --><div class=\"list__item\"><div class=\"post post--dark\"><div class=\"post__image\"><img decoding=\"async\" src=\"https:\/\/innovis.ai\/wp-content\/uploads\/2023\/04\/automaticka-vratnice-nahled-1.jpg\" alt=\"\" width=\"427\" height=\"320\"  loading=\"lazy\"><\/div><!-- .post__image --><div class=\"post__main\"><div class=\"post__content\"><div class=\"post__tags\"><div class=\"tag\"><\/div><\/div><h2>Automatische pforte<\/h2><p>Sparen Sie Kosten und sorgen Sie f\u00fcr mehr Effizienz mit einer automatisierten Zugangs- und Einlasskontrolle.<\/p><\/div><div class=\"post__footer\"><div class=\"post__more\"><a href=\"https:\/\/innovis.ai\/de\/service\/automatische-pforte\/\" class=\"post__link\"><svg xmlns=\"http:\/\/www.w3.org\/2000\/svg\" width=\"14\" height=\"24\" viewBox=\"0 0 14 24\"><path d=\"M0.710203334,0.469210767 C0.950675478,0.228771278 1.34053138,0.22879775 1.58097087,0.469269894 L12.9149405,11.8047788 C13.1553684,12.0452394 13.1553552,12.4350725 12.9149109,12.6755168 L2.05966799,23.5307597 C1.81921217,23.7712155 1.42935627,23.7712155 1.18890045,23.5307597 C0.948444632,23.2903039 0.948444632,22.9004479 1.18890045,22.6599921 L11.6087371,12.2399791 L0.710144207,1.33997831 C0.477719368,1.1075219 0.46999661,0.735474667 0.686957606,0.493741704 L0.710203334,0.469210767 Z\"><\/path><\/svg><\/a><\/div><\/div><\/div><!-- .post__main --><\/div><!-- .post --><\/div><!-- .list__item --><div class=\"list__item\"><div class=\"post post--dark\"><div class=\"post__image\"><img decoding=\"async\" src=\"https:\/\/innovis.ai\/wp-content\/uploads\/2023\/08\/bezpecnostni-sluzby.jpg\" alt=\"\" width=\"427\" height=\"320\"  loading=\"lazy\"><\/div><!-- .post__image --><div class=\"post__main\"><div class=\"post__content\"><div class=\"post__tags\"><div class=\"tag\"><\/div><\/div><h2>Sicherheits technologie<\/h2><p>Wir helfen Ihnen, Ihre Einrichtungen und die Ihnen anvertrauten Verm\u00f6genswerte zu sch\u00fctzen. Wir bieten umfassende Sicherheitsl\u00f6sungen f\u00fcr Projekte und fertige Geb\u00e4ude - von der Bedarfs- und Risikoanalyse \u00fcber die Konzeption der technischen L\u00f6sung bis hin zur schl\u00fcsselfertigen Implementierung.<\/p><\/div><div class=\"post__footer\"><div class=\"post__more\"><a href=\"https:\/\/innovis.ai\/de\/service\/sicherheits-technologie\/\" class=\"post__link\"><svg xmlns=\"http:\/\/www.w3.org\/2000\/svg\" width=\"14\" height=\"24\" viewBox=\"0 0 14 24\"><path d=\"M0.710203334,0.469210767 C0.950675478,0.228771278 1.34053138,0.22879775 1.58097087,0.469269894 L12.9149405,11.8047788 C13.1553684,12.0452394 13.1553552,12.4350725 12.9149109,12.6755168 L2.05966799,23.5307597 C1.81921217,23.7712155 1.42935627,23.7712155 1.18890045,23.5307597 C0.948444632,23.2903039 0.948444632,22.9004479 1.18890045,22.6599921 L11.6087371,12.2399791 L0.710144207,1.33997831 C0.477719368,1.1075219 0.46999661,0.735474667 0.686957606,0.493741704 L0.710203334,0.469210767 Z\"><\/path><\/svg><\/a><\/div><\/div><\/div><!-- .post__main --><\/div><!-- .post --><\/div><!-- .list__item --><div class=\"list__item\"><div class=\"post post--dark\"><div class=\"post__image\"><img decoding=\"async\" src=\"https:\/\/innovis.ai\/wp-content\/uploads\/2023\/04\/pult-centralni-ochrany-product-nahled.jpg\" alt=\"\" width=\"427\" height=\"320\"  loading=\"lazy\"><\/div><!-- .post__image --><div class=\"post__main\"><div class=\"post__content\"><div class=\"post__tags\"><div class=\"tag\"><\/div><\/div><h2>Pult des zentralisierten Schutzes<\/h2><p>Sorgen Sie f\u00fcr Ihre Sicherheit mit unserem zentralen Sicherheitsdienst, von dem aus wir rund um die Uhr Alarmsignale aus der Ferne \u00fcberwachen und auswerten. Im Falle eines Risikos oder eines Sicherheitsvorfalls entsenden wir unsere erfahrenen Einsatzkr\u00e4fte.<\/p><\/div><div class=\"post__footer\"><div class=\"post__more\"><a href=\"https:\/\/innovis.ai\/de\/service\/pult-des-zentralisierten-schutzes\/\" class=\"post__link\"><svg xmlns=\"http:\/\/www.w3.org\/2000\/svg\" width=\"14\" height=\"24\" viewBox=\"0 0 14 24\"><path d=\"M0.710203334,0.469210767 C0.950675478,0.228771278 1.34053138,0.22879775 1.58097087,0.469269894 L12.9149405,11.8047788 C13.1553684,12.0452394 13.1553552,12.4350725 12.9149109,12.6755168 L2.05966799,23.5307597 C1.81921217,23.7712155 1.42935627,23.7712155 1.18890045,23.5307597 C0.948444632,23.2903039 0.948444632,22.9004479 1.18890045,22.6599921 L11.6087371,12.2399791 L0.710144207,1.33997831 C0.477719368,1.1075219 0.46999661,0.735474667 0.686957606,0.493741704 L0.710203334,0.469210767 Z\"><\/path><\/svg><\/a><\/div><\/div><\/div><!-- .post__main --><\/div><!-- .post --><\/div><!-- .list__item --><div class=\"list__item\"><div class=\"post post--dark\"><div class=\"post__image\"><img decoding=\"async\" src=\"https:\/\/innovis.ai\/wp-content\/uploads\/2023\/04\/vzdaleny-monitoring-nahled.jpg\" alt=\"\" width=\"427\" height=\"320\"  loading=\"lazy\"><\/div><!-- .post__image --><div class=\"post__main\"><div class=\"post__content\"><div class=\"post__tags\"><div class=\"tag\"><\/div><\/div><h2>Fern\u00fcberwachung<\/h2><p>Sch\u00fctzen Sie Ihr Unternehmen mit Hilfe von Spitzentechnologie. Wir bieten Ihnen eine kosteng\u00fcnstige 24\/7-Fern\u00fcberwachung.<\/p><\/div><div class=\"post__footer\"><div class=\"post__more\"><a href=\"https:\/\/innovis.ai\/de\/service\/fernuberwachung\/\" class=\"post__link\"><svg xmlns=\"http:\/\/www.w3.org\/2000\/svg\" width=\"14\" height=\"24\" viewBox=\"0 0 14 24\"><path d=\"M0.710203334,0.469210767 C0.950675478,0.228771278 1.34053138,0.22879775 1.58097087,0.469269894 L12.9149405,11.8047788 C13.1553684,12.0452394 13.1553552,12.4350725 12.9149109,12.6755168 L2.05966799,23.5307597 C1.81921217,23.7712155 1.42935627,23.7712155 1.18890045,23.5307597 C0.948444632,23.2903039 0.948444632,22.9004479 1.18890045,22.6599921 L11.6087371,12.2399791 L0.710144207,1.33997831 C0.477719368,1.1075219 0.46999661,0.735474667 0.686957606,0.493741704 L0.710203334,0.469210767 Z\"><\/path><\/svg><\/a><\/div><\/div><\/div><!-- .post__main --><\/div><!-- .post --><\/div><!-- .list__item --><div class=\"list__item\"><div class=\"post post--dark\"><div class=\"post__image\"><img decoding=\"async\" src=\"https:\/\/innovis.ai\/wp-content\/uploads\/2023\/04\/zabezpeceni-arealu-a-budov-nahled.jpg\" alt=\"\" width=\"427\" height=\"320\"  loading=\"lazy\"><\/div><!-- .post__image --><div class=\"post__main\"><div class=\"post__content\"><div class=\"post__tags\"><div class=\"tag\"><\/div><\/div><h2>Sicherheit von&nbsp;Gel\u00e4nden und&nbsp;Geb\u00e4uden<\/h2><p>Sorgen Sie f\u00fcr einen zuverl\u00e4ssigen Schutz Ihrer Verm\u00f6genswerte durch eine intelligente Fern\u00fcberwachung des Gel\u00e4ndes mit 24\/7-\u00dcberwachung der gesamten Anlage, einschlie\u00dflich der Geb\u00e4udeh\u00fclle.<\/p><\/div><div class=\"post__footer\"><div class=\"post__more\"><a href=\"https:\/\/innovis.ai\/de\/service\/sicherheit-von-gelanden-und-gebauden\/\" class=\"post__link\"><svg xmlns=\"http:\/\/www.w3.org\/2000\/svg\" width=\"14\" height=\"24\" viewBox=\"0 0 14 24\"><path d=\"M0.710203334,0.469210767 C0.950675478,0.228771278 1.34053138,0.22879775 1.58097087,0.469269894 L12.9149405,11.8047788 C13.1553684,12.0452394 13.1553552,12.4350725 12.9149109,12.6755168 L2.05966799,23.5307597 C1.81921217,23.7712155 1.42935627,23.7712155 1.18890045,23.5307597 C0.948444632,23.2903039 0.948444632,22.9004479 1.18890045,22.6599921 L11.6087371,12.2399791 L0.710144207,1.33997831 C0.477719368,1.1075219 0.46999661,0.735474667 0.686957606,0.493741704 L0.710203334,0.469210767 Z\"><\/path><\/svg><\/a><\/div><\/div><\/div><!-- .post__main --><\/div><!-- .post --><\/div><!-- .list__item --><div class=\"list__item\"><div class=\"post post--dark\"><div class=\"post__image\"><img decoding=\"async\" src=\"https:\/\/innovis.ai\/wp-content\/uploads\/2023\/04\/zabezpeceni-staveniste-nahled.jpg\" alt=\"\" width=\"427\" height=\"320\"  loading=\"lazy\"><\/div><!-- .post__image --><div class=\"post__main\"><div class=\"post__content\"><div class=\"post__tags\"><div class=\"tag\"><\/div><\/div><h2>Sicherung der baustelle<\/h2><p>Sichern Sie Ihre Standorte durch CCTV mit fortschrittlicher Analytik.<\/p><\/div><div class=\"post__footer\"><div class=\"post__more\"><a href=\"https:\/\/innovis.ai\/de\/service\/sicherung-der-baustelle\/\" class=\"post__link\"><svg xmlns=\"http:\/\/www.w3.org\/2000\/svg\" width=\"14\" height=\"24\" viewBox=\"0 0 14 24\"><path d=\"M0.710203334,0.469210767 C0.950675478,0.228771278 1.34053138,0.22879775 1.58097087,0.469269894 L12.9149405,11.8047788 C13.1553684,12.0452394 13.1553552,12.4350725 12.9149109,12.6755168 L2.05966799,23.5307597 C1.81921217,23.7712155 1.42935627,23.7712155 1.18890045,23.5307597 C0.948444632,23.2903039 0.948444632,22.9004479 1.18890045,22.6599921 L11.6087371,12.2399791 L0.710144207,1.33997831 C0.477719368,1.1075219 0.46999661,0.735474667 0.686957606,0.493741704 L0.710203334,0.469210767 Z\"><\/path><\/svg><\/a><\/div><\/div><\/div><!-- .post__main --><\/div><!-- .post --><\/div><!-- .list__item --><div class=\"list__item\"><div class=\"post post--dark\"><div class=\"post__image\"><img decoding=\"async\" src=\"https:\/\/innovis.ai\/wp-content\/uploads\/2023\/04\/zabezpeceni-verejnych-prostor-nahled.jpg\" alt=\"\" width=\"427\" height=\"320\"  loading=\"lazy\"><\/div><!-- .post__image --><div class=\"post__main\"><div class=\"post__content\"><div class=\"post__tags\"><div class=\"tag\"><\/div><\/div><h2>Sicherung \u00f6ffentlicher r\u00e4ume<\/h2><p>Sch\u00fctzen Sie st\u00e4dtische Anlagen mit kosteng\u00fcnstiger 24\/7-Fern\u00fcberwachung.<\/p><\/div><div class=\"post__footer\"><div class=\"post__more\"><a href=\"https:\/\/innovis.ai\/de\/service\/sicherung-offentlicher-raume\/\" class=\"post__link\"><svg xmlns=\"http:\/\/www.w3.org\/2000\/svg\" width=\"14\" height=\"24\" viewBox=\"0 0 14 24\"><path d=\"M0.710203334,0.469210767 C0.950675478,0.228771278 1.34053138,0.22879775 1.58097087,0.469269894 L12.9149405,11.8047788 C13.1553684,12.0452394 13.1553552,12.4350725 12.9149109,12.6755168 L2.05966799,23.5307597 C1.81921217,23.7712155 1.42935627,23.7712155 1.18890045,23.5307597 C0.948444632,23.2903039 0.948444632,22.9004479 1.18890045,22.6599921 L11.6087371,12.2399791 L0.710144207,1.33997831 C0.477719368,1.1075219 0.46999661,0.735474667 0.686957606,0.493741704 L0.710203334,0.469210767 Z\"><\/path><\/svg><\/a><\/div><\/div><\/div><!-- .post__main --><\/div><!-- .post --><\/div><!-- .list__item --><div class=\"list__item\"><div class=\"post post--dark\"><div class=\"post__image\"><img decoding=\"async\" src=\"https:\/\/innovis.ai\/wp-content\/uploads\/2023\/04\/zabezpeceni-zbozi-nahled.jpg\" alt=\"\" width=\"427\" height=\"320\"  loading=\"lazy\"><\/div><!-- .post__image --><div class=\"post__main\"><div class=\"post__content\"><div class=\"post__tags\"><div class=\"tag\"><\/div><\/div><h2>Sicherheit von&nbsp;waren<\/h2><p>Sichern Sie Ihre Waren und sch\u00fctzen Sie sich vor interner und externer Kriminalit\u00e4t mit einem intelligenten Kamerasystem mit Echtzeit-Analysen und Anbindung an POS-Systeme.<\/p><\/div><div class=\"post__footer\"><div class=\"post__more\"><a href=\"https:\/\/innovis.ai\/de\/service\/sicherheit-von-waren\/\" class=\"post__link\"><svg xmlns=\"http:\/\/www.w3.org\/2000\/svg\" width=\"14\" height=\"24\" viewBox=\"0 0 14 24\"><path d=\"M0.710203334,0.469210767 C0.950675478,0.228771278 1.34053138,0.22879775 1.58097087,0.469269894 L12.9149405,11.8047788 C13.1553684,12.0452394 13.1553552,12.4350725 12.9149109,12.6755168 L2.05966799,23.5307597 C1.81921217,23.7712155 1.42935627,23.7712155 1.18890045,23.5307597 C0.948444632,23.2903039 0.948444632,22.9004479 1.18890045,22.6599921 L11.6087371,12.2399791 L0.710144207,1.33997831 C0.477719368,1.1075219 0.46999661,0.735474667 0.686957606,0.493741704 L0.710203334,0.469210767 Z\"><\/path><\/svg><\/a><\/div><\/div><\/div><!-- .post__main --><\/div><!-- .post --><\/div><!-- .list__item --><div class=\"list__item\"><div class=\"post post--dark\"><div class=\"post__image\"><img decoding=\"async\" src=\"https:\/\/innovis.ai\/wp-content\/uploads\/2023\/04\/monitoring-bezpecnostnich-pravidel-nahled.jpg\" alt=\"\" width=\"427\" height=\"320\"  loading=\"lazy\"><\/div><!-- .post__image --><div class=\"post__main\"><div class=\"post__content\"><div class=\"post__tags\"><div class=\"tag\"><\/div><\/div><h2>\u00dcberwachung von&nbsp; sicherheitsregeln<\/h2><p>\u00dcberlassen Sie die \u00dcberwachung der Sicherheitskonformit\u00e4t der intelligenten Technologie und beugen Sie Risiken vor, ohne das Personal zu belasten.<\/p><\/div><div class=\"post__footer\"><div class=\"post__more\"><a href=\"https:\/\/innovis.ai\/de\/service\/uberwachung-von-sicherheitsregeln\/\" class=\"post__link\"><svg xmlns=\"http:\/\/www.w3.org\/2000\/svg\" width=\"14\" height=\"24\" viewBox=\"0 0 14 24\"><path d=\"M0.710203334,0.469210767 C0.950675478,0.228771278 1.34053138,0.22879775 1.58097087,0.469269894 L12.9149405,11.8047788 C13.1553684,12.0452394 13.1553552,12.4350725 12.9149109,12.6755168 L2.05966799,23.5307597 C1.81921217,23.7712155 1.42935627,23.7712155 1.18890045,23.5307597 C0.948444632,23.2903039 0.948444632,22.9004479 1.18890045,22.6599921 L11.6087371,12.2399791 L0.710144207,1.33997831 C0.477719368,1.1075219 0.46999661,0.735474667 0.686957606,0.493741704 L0.710203334,0.469210767 Z\"><\/path><\/svg><\/a><\/div><\/div><\/div><!-- .post__main --><\/div><!-- .post --><\/div><!-- .list__item --><div class=\"list__item\"><div class=\"post post--dark\"><div class=\"post__image\"><img decoding=\"async\" src=\"https:\/\/innovis.ai\/wp-content\/uploads\/2023\/04\/sluzby-marketingova-data-o-navstevnosti-nahled.jpg\" alt=\"\" width=\"427\" height=\"320\"  loading=\"lazy\"><\/div><!-- .post__image --><div class=\"post__main\"><div class=\"post__content\"><div class=\"post__tags\"><div class=\"tag\"><\/div><\/div><h2>Daten zur anwesenheit und&nbsp;bewegung von&nbsp;personen<\/h2><p>Gewinnen Sie klare, genaue und aufschlussreiche demografische Daten \u00fcber Ihre Ladenbesucher mit detaillierten Analysen.<\/p><\/div><div class=\"post__footer\"><div class=\"post__more\"><a href=\"https:\/\/innovis.ai\/de\/service\/daten-zur-anwesenheit-und-bewegung-von-personen\/\" class=\"post__link\"><svg xmlns=\"http:\/\/www.w3.org\/2000\/svg\" width=\"14\" height=\"24\" viewBox=\"0 0 14 24\"><path d=\"M0.710203334,0.469210767 C0.950675478,0.228771278 1.34053138,0.22879775 1.58097087,0.469269894 L12.9149405,11.8047788 C13.1553684,12.0452394 13.1553552,12.4350725 12.9149109,12.6755168 L2.05966799,23.5307597 C1.81921217,23.7712155 1.42935627,23.7712155 1.18890045,23.5307597 C0.948444632,23.2903039 0.948444632,22.9004479 1.18890045,22.6599921 L11.6087371,12.2399791 L0.710144207,1.33997831 C0.477719368,1.1075219 0.46999661,0.735474667 0.686957606,0.493741704 L0.710203334,0.469210767 Z\"><\/path><\/svg><\/a><\/div><\/div><\/div><!-- .post__main --><\/div><!-- .post --><\/div><!-- .list__item --><div class=\"list__item\"><div class=\"post post--dark\"><div class=\"post__image\"><img decoding=\"async\" src=\"https:\/\/innovis.ai\/wp-content\/uploads\/2023\/04\/digitalizace-auditnich-cinnosti-nahled.jpg\" alt=\"\" width=\"427\" height=\"320\"  loading=\"lazy\"><\/div><!-- .post__image --><div class=\"post__main\"><div class=\"post__content\"><div class=\"post__tags\"><div class=\"tag\"><\/div><\/div><h2>Digitalisierung der pr\u00fcfungst\u00e4tigkeit<\/h2><p>Vereinfachen Sie die Einhaltung von Vorschriften durch automatisierte \u00dcberwachung, Audits und einheitliche Standards f\u00fcr Ihr gesamtes Verkaufsstellennetz.<\/p><\/div><div class=\"post__footer\"><div class=\"post__more\"><a href=\"https:\/\/innovis.ai\/de\/service\/digitalisierung-der-prufungstatigkeit\/\" class=\"post__link\"><svg xmlns=\"http:\/\/www.w3.org\/2000\/svg\" width=\"14\" height=\"24\" viewBox=\"0 0 14 24\"><path d=\"M0.710203334,0.469210767 C0.950675478,0.228771278 1.34053138,0.22879775 1.58097087,0.469269894 L12.9149405,11.8047788 C13.1553684,12.0452394 13.1553552,12.4350725 12.9149109,12.6755168 L2.05966799,23.5307597 C1.81921217,23.7712155 1.42935627,23.7712155 1.18890045,23.5307597 C0.948444632,23.2903039 0.948444632,22.9004479 1.18890045,22.6599921 L11.6087371,12.2399791 L0.710144207,1.33997831 C0.477719368,1.1075219 0.46999661,0.735474667 0.686957606,0.493741704 L0.710203334,0.469210767 Z\"><\/path><\/svg><\/a><\/div><\/div><\/div><!-- .post__main --><\/div><!-- .post --><\/div><!-- .list__item --><\/div><div class=\"pagination-wrap\" id=\"pagination-wrap\" data-post=\"6414\" data-posttype=\"sluzba\"><div class=\"gears-pagination\"><span class=\"pagination-current-item\" id=\"pagination-current-item\" data-page=\"1\">1<\/span><a class=\"pagination-item pagination-item\" data-page=\"2\" href=\"https:\/\/innovis.ai\/de\/dienstleistungen\/page\/2\">2<\/a><a class=\"pagination-item next pagination-item\" data-page=\"2\" href=\"https:\/\/innovis.ai\/de\/dienstleistungen\/page\/2\"><svg xmlns=\"http:\/\/www.w3.org\/2000\/svg\" width=\"14\" height=\"24\" viewBox=\"0 0 14 24\"><path d=\"M0.710203334,0.469210767 C0.950675478,0.228771278 1.34053138,0.22879775 1.58097087,0.469269894 L12.9149405,11.8047788 C13.1553684,12.0452394 13.1553552,12.4350725 12.9149109,12.6755168 L2.05966799,23.5307597 C1.81921217,23.7712155 1.42935627,23.7712155 1.18890045,23.5307597 C0.948444632,23.2903039 0.948444632,22.9004479 1.18890045,22.6599921 L11.6087371,12.2399791 L0.710144207,1.33997831 C0.477719368,1.1075219 0.46999661,0.735474667 0.686957606,0.493741704 L0.710203334,0.469210767 Z\"><\/path><\/svg><\/a><\/div><\/div><\/div>\n<\/div>\n","protected":false},"excerpt":{"rendered":"","protected":false},"author":7,"featured_media":0,"parent":0,"menu_order":0,"comment_status":"closed","ping_status":"closed","template":"","meta":{"_acf_changed":false,"inline_featured_image":false,"footnotes":""},"class_list":["post-6414","page","type-page","status-publish","hentry"],"acf":[],"_links":{"self":[{"href":"https:\/\/innovis.ai\/de\/wp-json\/wp\/v2\/pages\/6414","targetHints":{"allow":["GET"]}}],"collection":[{"href":"https:\/\/innovis.ai\/de\/wp-json\/wp\/v2\/pages"}],"about":[{"href":"https:\/\/innovis.ai\/de\/wp-json\/wp\/v2\/types\/page"}],"author":[{"embeddable":true,"href":"https:\/\/innovis.ai\/de\/wp-json\/wp\/v2\/users\/7"}],"replies":[{"embeddable":true,"href":"https:\/\/innovis.ai\/de\/wp-json\/wp\/v2\/comments?post=6414"}],"version-history":[{"count":1,"href":"https:\/\/innovis.ai\/de\/wp-json\/wp\/v2\/pages\/6414\/revisions"}],"predecessor-version":[{"id":6415,"href":"https:\/\/innovis.ai\/de\/wp-json\/wp\/v2\/pages\/6414\/revisions\/6415"}],"wp:attachment":[{"href":"https:\/\/innovis.ai\/de\/wp-json\/wp\/v2\/media?parent=6414"}],"curies":[{"name":"wp","href":"https:\/\/api.w.org\/{rel}","templated":true}]}}