{"id":6470,"date":"2023-03-17T20:01:15","date_gmt":"2023-03-17T20:01:15","guid":{"rendered":"http:\/\/innovis.dev8.kancl.goodsailors.cz\/?page_id=6470"},"modified":"2024-02-29T10:13:40","modified_gmt":"2024-02-29T10:13:40","slug":"kontakt","status":"publish","type":"page","link":"https:\/\/innovis.ai\/de\/kontakt\/","title":{"rendered":"Kontakt"},"content":{"rendered":"\n<div class=\"light-bg\"><div class=\"section\">\n<div class=\"headline\"><h1><span class=\"thin\">Vereinbaren Sie<\/span><br>eine unverbindliche Besprechung<\/h1><\/div>\n\n\n  <p>* Pflichtfeld<\/p>\n  <form id=\"contact-form-wrap\" method=\"post\" data-type=\"contact\" data-email=\"\" novalidate=\"\">\n      <div class=\"contact-form-wrap\">\n          <div class=\"contact-form-wrap-inner\">\n              <div class=\"contact-form-line\">\n                  <div class=\"contact-form-line-full\">\n                      <label for=\"name\">Name*<\/label>\n                      <input type=\"text\" id=\"contact-form-name\" pattern=\"[A-Za-z]+\" name=\"name\" class=\"input-type-text form-input require\" placeholder=\"Name\" onfocusout=\"validateName()\" \/>\n\n                      <div id=\"contact-form-name-errors\" class=\"contact-form_errors-box\">\n                          <div id=\"contact-form-error-name_missing\">Geben Sie Ihren Namen ein.<\/div>\n                          <div id=\"contact-form-error-name_bad-characters\">Nur die Buchstaben A-Z.<\/div>\n                          <div id=\"contact-form-error-name_count-characters\">Mindestens 2 Zeichen.<\/div>\n                      <\/div>\n                  <\/div>\n              <\/div>\n\n              <div class=\"contact-form-line\">\n                  <div class=\"contact-form-line-full\">\n                      <label for=\"companyname\">Name des Unternehmens<\/label>\n                      <input type=\"text\" id=\"contact-form-companyname\" pattern=\"[A-Za-z]+\" name=\"companyname\" class=\"input-type-text form-input\" placeholder=\"Name des Unternehmens\" onfocusout=\"validateCompanyName()\" \/>\n\n                      <div id=\"contact-form-companyname-errors\" class=\"contact-form_errors-box\">\n                          <div id=\"contact-form-error-companyname_bad-characters\">Nur die Buchstaben A-Z.<\/div>\n                          <div id=\"contact-form-error-companyname_count-characters\">Mindestens 2 Zeichen.<\/div>\n                      <\/div>\n                  <\/div>\n              <\/div>\n\n              <div class=\"contact-form-line\">\n                  <div class=\"contact-form-line-full\">\n                      <label for=\"name\">E-Mail*<\/label>\n                      <input type=\"email\" id=\"contact-form-email\" name=\"email\" class=\"input-type-email form-input require\" placeholder=\"E-Mail\" onfocusout=\"validateEmail()\" \/>\n                      <div id=\"contact-form-email-errors\" class=\"contact-form_errors-box\">\n                          <div id=\"contact-form-error-email_missing\">Geben Sie Ihre E-Mail-Adresse ein.<\/div>\n                          <div id=\"contact-form-error-email_bad-format\">Die E-Mail-Adresse hat ein schlechtes Format.<\/div>\n                      <\/div>\n                  <\/div>\n              <\/div>\n\n              <div class=\"contact-form-line\">\n                  <div class=\"contact-form-line-full\">\n                      <label for=\"Phone\">Telefon*<\/label>\n                      <input type=\"text\" id=\"contact-form-phone\" pattern=\"\\d{9}\" name=\"phone\" class=\"input-type-text form-input require\" placeholder=\"Telefon\" onfocusout=\"validatePhone()\" \/>\n                      <div id=\"contact-form-phone-errors\" class=\"contact-form_errors-box\">\n                          <div id=\"contact-form-error-phone_missing\">Geben Sie Ihre Telefonnummer ein.<\/div>\n                          <div id=\"contact-form-error-phone_bad-characters\">Unzul\u00e4ssige Zeichen.<\/div>\n                          <div id=\"contact-form-error-phone_count-characters\">Nur 9-stellige Nummer.<\/div>\n                      <\/div>\n                  <\/div>\n              <\/div>\n\n              <div class=\"contact-form-line\">\n                  <div class=\"contact-form-line-full\">\n                      <label for=\"file\">Dateien beif\u00fcgen<\/label>\n\n                      <div class=\"file-upload\">\n                          <input type=\"file\" name=\"file\" id=\"file\" class=\"inputfile\" data-multiple-caption=\"{count} files selected\" multiple=\"\" placeholder=\"Datei nicht ausgew\u00e4hlt\">\n\n                              <label for=\"file\" class=\"btn btn--secondary\">\n                                  <span class=\"btn__txt\">Anhang hochladen<\/span>\n                                  <span class=\"btn__icon\">\n                                      <svg xmlns=\"http:\/\/www.w3.org\/2000\/svg\" viewBox=\"0 0 24 24\" width=\"16\" height=\"16\"><path d=\"M4 19H20V12H22V20C22 20.5523 21.5523 21 21 21H3C2.44772 21 2 20.5523 2 20V12H4V19ZM13 9V16H11V9H6L12 3L18 9H13Z\"><\/path><\/svg>\n                                  <\/span>\n                              <\/label>\n                      <\/div>\n                  <\/div>\n              <\/div>\n\n              <div class=\"contact-form-line\">\n                  <div class=\"contact-form-line-full\">\n                      <label for=\"name\">Nachricht<\/label>\n                      <textarea name=\"message\" id=\"contact-form-message\" pattern=\"[A-Za-z0-9]+\" class=\"form-input require\" placeholder=\"Schreiben Sie eine Nachricht...\" onfocusout=\"validateMessage()\"><\/textarea>\n                      <div id=\"contact-form-message-errors\" class=\"contact-form_errors-box\">\n                          <div id=\"contact-form-error-message_missing\">Die Nachricht muss mindestens 10 Zeichen enthalten<\/div>\n                      <\/div>\n                  <\/div>\n              <\/div>\n\n              <div class=\"contact-form-line\">\n                  <div class=\"contact-form-line-full contact-form-terms\">\n                      <input type=\"checkbox\" name=\"terms\" class=\"input-type-terms form-input require\" id=\"contact-form-terms\" \/>\n                      <label for=\"name\">Ich stimme der&nbsp;<a href=\"https:\/\/innovis.ai\/de\/informace-o-zpracovani-osobnich-udaju\/\" target=\"_blank\"> verarbeitung personenbezogener Daten zu<\/a><\/label>\n                  <\/div>\n\n                  <div id=\"contact-form-term-errors\" class=\"contact-form_errors-box\">\n                      <div id=\"contact-form-error-terms_missing\">Sie m\u00fcssen der Verarbeitung personenbezogener Daten zustimmen.<\/div>\n                  <\/div>\n              <\/div>\n\n               <div class=\"contact-form-line captcha\">\n                  <div class=\"g-recaptcha\" id=\"contact-form-captcha\"\n                    data-sitekey=\"6Lf0FWIpAAAAALyo7t7ZoM4Mkn4PQjBjp0-cODtw\"><\/div>\n\n                  <div id=\"contact-form-term-errors\" class=\"contact-form_errors-box\">\n                      <div id=\"contact-form-error-captcha_missing\">Pros\u00edm ov\u011b\u0159te, \u017ee&nbsp;nejste robot!<\/div>\n                  <\/div>\n              <\/div>\n\n              <div class=\"contact-form-line\" id=\"error-response\" style=\"display:none\"><\/div>\n              <div class=\"contact-form-line\" id=\"success-response\" style=\"display:none\">\n                  Das Formular wurde erfolgreich gesendet.              <\/div>\n\n\n              <div class=\"contact-form-line\">\n                  <div class=\"contact-form-line-full contact-form-send-containter\" \/>\n                  <span id=\"send-message\">\n                      <button type=\"submit\" class=\"btn btn--secondary\">\n                          <span class=\"btn__txt\">Senden<\/span>\n                          <span class=\"btn__icon\">\n                              <svg xmlns=\"http:\/\/www.w3.org\/2000\/svg\" width=\"40\" height=\"40\" viewBox=\"0 0 40 40\"><g transform=\"translate(11.5 13.456)\"><path d=\"M10.1478819 6.144593C10.3409094 5.95160773 10.6538346 5.95164197 10.8468199 6.14466946L16.4933263 11.7924115C16.6863116 11.985439 16.6862774 12.2983642 16.4932499 12.4913494 16.3002224 12.6843347 15.9872972 12.6843005 15.7943119 12.491273L10.1478055 6.84353094C9.95482019 6.65050345 9.95485442 6.33757827 10.1478819 6.144593ZM6.14710235 6.14463123C6.34010873 5.95162485 6.65303391 5.95162485 6.84604029 6.14463123 7.03904668 6.33763762 7.03904668 6.65056279 6.84604029 6.84356918L1.1216936 12.5679159C.928687213 12.7609223.615762036 12.7609223.422755653 12.5679159.229749269 12.3749095.229749269 12.0619843.422755653 11.8689779L6.14710235 6.14463123Z\"><\/path><path d=\"M15.8697193,0.420284534 C16.0627256,0.22727815 16.3756508,0.22727815 16.5686572,0.420284534 C16.7616636,0.613290918 16.7616636,0.926216094 16.5686572,1.11922248 L9.51049321,8.17738549 C8.95048985,8.73927438 8.041572,8.73927438 7.48024036,8.17794274 L0.422725066,1.11919189 C0.229735576,0.926168612 0.229762966,0.613243437 0.422786242,0.420253947 C0.615809519,0.227264457 0.928734694,0.227291847 1.12172418,0.420315123 L8.17920889,7.47903538 C8.35430123,7.65412773 8.63646264,7.65412773 8.81096842,7.47903538 L15.8697193,0.420284534 Z\"><\/path><path d=\"M15.5532217,4.54747351e-13 L1.43572002,4.54747351e-13 C0.642597269,4.54747351e-13 0,0.642597269 0,1.43572002 L0,11.5537159 C0,12.3459297 0.642923363,12.989436 1.43572002,12.989436 L15.5532217,12.989436 C16.3460184,12.989436 16.9889417,12.3459297 16.9889417,11.5537159 L16.9889417,1.43572002 C16.9889417,0.642597269 16.3463445,4.54747351e-13 15.5532217,4.54747351e-13 Z M15.5532217,0.98844752 C15.80044,0.98844752 16.0004942,1.18850176 16.0004942,1.43572002 L16.0004942,11.5537159 C16.0004942,11.8002256 15.7999133,12.0009884 15.5532217,12.0009884 L1.43572002,12.0009884 C1.18902847,12.0009884 0.98844752,11.8002256 0.98844752,11.5537159 L0.98844752,1.43572002 C0.98844752,1.18850176 1.18850176,0.98844752 1.43572002,0.98844752 L15.5532217,0.98844752 Z\"><\/path><\/g><\/svg>\n                          <\/span>\n                      <\/button>\n                  <\/span>\n              <\/div>\n          <\/div>\n      <\/div>\n  <\/div>\n  <\/form>\n\n  <\/div><\/div>\n\n\n\n<div class=\"map\"><div id=\"map__canvas\" class=\"map__canvas\"><\/div><div class=\"map__main\"><div class=\"map__section\"><div class=\"map__card\"><div class=\"map__logo\"><img decoding=\"async\" src=\"https:\/\/innovis.ai\/wp-content\/uploads\/2023\/07\/logo.svg\" alt=\"Innovis\" width=\"137\"\/><\/div><div class=\"map__avatar\"><div class=\"map__img\"><img decoding=\"async\" src=\"https:\/\/innovis.ai\/wp-content\/uploads\/2023\/04\/kuliskova.png\" alt=\"\" width=\"106\" height=\"132\" loading=\"lazy\"\/><\/div><\/div><div class=\"map__info\"><p class=\"xl\">KATE\u0158INA KUL\u00cd\u0160KOV\u00c1<\/p><p>Business Development Coordinator<\/p><ul><li><span><svg xmlns=\"http:\/\/www.w3.org\/2000\/svg\" viewBox=\"0 0 24 24\" width=\"16\" height=\"16\"><path d=\"M12 20.8995L16.9497 15.9497C19.6834 13.2161 19.6834 8.78392 16.9497 6.05025C14.2161 3.31658 9.78392 3.31658 7.05025 6.05025C4.31658 8.78392 4.31658 13.2161 7.05025 15.9497L12 20.8995ZM12 23.7279L5.63604 17.364C2.12132 13.8492 2.12132 8.15076 5.63604 4.63604C9.15076 1.12132 14.8492 1.12132 18.364 4.63604C21.8787 8.15076 21.8787 13.8492 18.364 17.364L12 23.7279ZM12 13C13.1046 13 14 12.1046 14 11C14 9.89543 13.1046 9 12 9C10.8954 9 10 9.89543 10 11C10 12.1046 10.8954 13 12 13ZM12 15C9.79086 15 8 13.2091 8 11C8 8.79086 9.79086 7 12 7C14.2091 7 16 8.79086 16 11C16 13.2091 14.2091 15 12 15Z\"><\/path><\/svg><\/span><span>Tom\u00ed\u010dkova 2144\/1, 148&nbsp;00 Praha 11 \u2013 Chodov<\/span><\/li><li><span><svg xmlns=\"http:\/\/www.w3.org\/2000\/svg\" viewBox=\"0 0 24 24\" width=\"16\" height=\"16\"><path d=\"M3 3H21C21.5523 3 22 3.44772 22 4V20C22 20.5523 21.5523 21 21 21H3C2.44772 21 2 20.5523 2 20V4C2 3.44772 2.44772 3 3 3ZM20 7.23792L12.0718 14.338L4 7.21594V19H20V7.23792ZM4.51146 5L12.0619 11.662L19.501 5H4.51146Z\"><\/path><\/svg><\/span><span><a href=\"mailto:tech.sales@m2c.eu \">tech.sales@m2c.eu <\/a><\/span><\/li><li><span><svg xmlns=\"http:\/\/www.w3.org\/2000\/svg\" viewBox=\"0 0 24 24\" width=\"16\" height=\"16\"><path d=\"M9.36556 10.6821C10.302 12.3288 11.6712 13.698 13.3179 14.6344L14.2024 13.3961C14.4965 12.9845 15.0516 12.8573 15.4956 13.0998C16.9024 13.8683 18.4571 14.3353 20.0789 14.4637C20.599 14.5049 21 14.9389 21 15.4606V19.9234C21 20.4361 20.6122 20.8657 20.1022 20.9181C19.5723 20.9726 19.0377 21 18.5 21C9.93959 21 3 14.0604 3 5.5C3 4.96227 3.02742 4.42771 3.08189 3.89776C3.1343 3.38775 3.56394 3 4.07665 3H8.53942C9.0611 3 9.49513 3.40104 9.5363 3.92109C9.66467 5.54288 10.1317 7.09764 10.9002 8.50444C11.1427 8.9484 11.0155 9.50354 10.6039 9.79757L9.36556 10.6821ZM6.84425 10.0252L8.7442 8.66809C8.20547 7.50514 7.83628 6.27183 7.64727 5H5.00907C5.00303 5.16632 5 5.333 5 5.5C5 12.9558 11.0442 19 18.5 19C18.667 19 18.8337 18.997 19 18.9909V16.3527C17.7282 16.1637 16.4949 15.7945 15.3319 15.2558L13.9748 17.1558C13.4258 16.9425 12.8956 16.6915 12.3874 16.4061L12.3293 16.373C10.3697 15.2587 8.74134 13.6303 7.627 11.6707L7.59394 11.6126C7.30849 11.1044 7.05754 10.5742 6.84425 10.0252Z\"><\/path><\/svg><\/span><span><a href=\"tel:+420 702 297 453\">+420&nbsp;702&nbsp;297&nbsp;453<\/a><\/span><\/li><\/ul><\/div><\/div><\/div><\/div><div class=\"map__loading\"><p>Nahr\u00e1v\u00e1m mapu<\/p><\/div><\/div>\n\n\n\n<div class=\"section\">\n<div class=\"heading\"><h2>Postangaben<\/h2><\/div>\n\n\n\n<p><strong>Innovis<\/strong><\/p>\n\n\n\n<p>Tom\u00ed\u010dkova 2144\/1<br>148&nbsp;00 Praha 11 \u2013 Chodov<\/p>\n\n\n\n<p>Ident.-Nr.: 25719751<br>USt-IdNr.: CZ25719751<\/p>\n\n\n\n<p>Die Gesellschaft ist im Handelsregister des Stadtgerichts in&nbsp;Prag, Abteilung B, Einlage 5692 eingetragen.<\/p>\n\n\n\n<div style=\"height:8.75rem\" aria-hidden=\"true\" class=\"wp-block-spacer\"><\/div>\n<\/div>\n","protected":false},"excerpt":{"rendered":"","protected":false},"author":7,"featured_media":0,"parent":0,"menu_order":0,"comment_status":"closed","ping_status":"closed","template":"","meta":{"_acf_changed":false,"inline_featured_image":false,"footnotes":""},"class_list":["post-6470","page","type-page","status-publish","hentry"],"acf":[],"_links":{"self":[{"href":"https:\/\/innovis.ai\/de\/wp-json\/wp\/v2\/pages\/6470","targetHints":{"allow":["GET"]}}],"collection":[{"href":"https:\/\/innovis.ai\/de\/wp-json\/wp\/v2\/pages"}],"about":[{"href":"https:\/\/innovis.ai\/de\/wp-json\/wp\/v2\/types\/page"}],"author":[{"embeddable":true,"href":"https:\/\/innovis.ai\/de\/wp-json\/wp\/v2\/users\/7"}],"replies":[{"embeddable":true,"href":"https:\/\/innovis.ai\/de\/wp-json\/wp\/v2\/comments?post=6470"}],"version-history":[{"count":2,"href":"https:\/\/innovis.ai\/de\/wp-json\/wp\/v2\/pages\/6470\/revisions"}],"predecessor-version":[{"id":6639,"href":"https:\/\/innovis.ai\/de\/wp-json\/wp\/v2\/pages\/6470\/revisions\/6639"}],"wp:attachment":[{"href":"https:\/\/innovis.ai\/de\/wp-json\/wp\/v2\/media?parent=6470"}],"curies":[{"name":"wp","href":"https:\/\/api.w.org\/{rel}","templated":true}]}}