{"id":6473,"date":"2023-07-26T19:40:20","date_gmt":"2023-07-26T19:40:20","guid":{"rendered":"http:\/\/innovis.dev8.kancl.goodsailors.cz\/?page_id=6473"},"modified":"2024-02-19T08:11:42","modified_gmt":"2024-02-19T08:11:42","slug":"karriere","status":"publish","type":"page","link":"https:\/\/innovis.ai\/de\/karriere\/","title":{"rendered":"Karriere"},"content":{"rendered":"\n<div class=\"hero\"><div class=\"hero__main\"><div class=\"hero__article hero__article--midi\"><h1>TRETEN SIE UNSEREM TEAM AUS&nbsp;AU\u00dfERGEW\u00d6HNLICHEN TALENTEN BEI<\/h1><p>Bei INNOVIS sind wir uns bewusst, dass&nbsp;unsere Mitarbeiter die Grundlage unseres Erfolgs sind. Das Fachwissen, die Leidenschaft und&nbsp;die Entschlossenheit unseres Teams treiben uns voran. Wir sind immer auf&nbsp;der Suche nach&nbsp;talentierten K\u00f6pfen \u2013 machen Sie den ersten Schritt und&nbsp;entdecken Sie Karrierem\u00f6glichkeiten bei&nbsp;INNOVIS!<\/p><\/div><\/div><div class=\"hero__fig is-dark\"><img loading=\"lazy\" decoding=\"async\" src=\"http:\/\/innovis.ai\/wp-content\/uploads\/2023\/07\/join-us.jpg\" alt=\"\" width=\"1920\" height=\"898\"\/><\/div><\/div>\n\n\n\n<div class=\"section\"><div class=\"entry\"><div class=\"heading heading--small\"><h2>WARUM INNOVIS?<\/h2><\/div><p><strong>Bei INNOVIS sch\u00e4tzen wir unsere Mitarbeiter. Ohne&nbsp;ihr Wissen, ihre Begeisterung und&nbsp;ihren Einsatz h\u00e4tten wir unsere Ziele nicht erreichen k\u00f6nnen. Wir unterst\u00fctzen ein Umfeld, in&nbsp;dem jeder Mensch einen sinnvollen Job und&nbsp;M\u00f6glichkeiten zur beruflichen Weiterentwicklung hat. Kommen Sie zu&nbsp;uns und&nbsp;werden Sie ein wichtiger Teil unseres dynamischen Teams<\/strong><\/p><\/div><\/div>\n\n\n\n<div class=\"talent\"><div class=\"talent__section\"><div class=\"talent__main\"><div class=\"heading heading--small\"><h2>WIR SUCHEN VIELF\u00c4LTIGE TALENTE<\/h2><\/div>\n<p><strong>Wir suchen Absolventen, junge und&nbsp;erfahrene Kollegen, Profis mit&nbsp;Blick f\u00fcrs Detail, Kreativit\u00e4t und&nbsp;Kundenorientierung. Gemeinsam bieten wir unseren Kunden au\u00dfergew\u00f6hnlichen Service<\/strong>.<\/p>\n\n\n\n<p><strong>Unternehmenskultur:<\/strong><br>Wir schaffen eine Unternehmenskultur, die auf&nbsp;Unabh\u00e4ngigkeit und&nbsp;agilem Wachstum basiert. Wir haben ein dynamisches Umfeld und&nbsp;passen uns schnell an&nbsp;neue Situationen an. Jedes Teammitglied bringt eine einzigartige Kombination aus&nbsp;F\u00e4higkeiten, Erfahrung und&nbsp;Fachwissen mit, die zum gemeinsamen Erfolg beitragen.<\/p>\n<\/div><div class=\"talent__fig\"><img decoding=\"async\" src=\"http:\/\/innovis.ai\/wp-content\/uploads\/2023\/07\/talent.png\" alt=\"\" width=\"1250\" height=\"897\" loading=\"lazy\"\/><\/div><\/div><\/div>\n\n\n\n<div class=\"light-bg\"><div class=\"section\">\n<div class=\"heading heading--small\"><h2>MACHEN SIE SICH AUF&nbsp;DEN WEG MIT&nbsp;INNOVIS<\/h2><\/div><article class=\"article\">\n<p><strong>Entdecken Sie unsere aktuellen Stellenangebote. Kommen Sie zu&nbsp;uns und&nbsp;beteiligen Sie sich am Aufbau der Technologien der Zukunft<\/strong>.<\/p>\n\n\n\n<p><strong>F\u00fcllen Sie das Kontaktformular aus&nbsp;und&nbsp;schreiben Sie eine kurze Nachricht dar\u00fcber, warum Sie f\u00fcr&nbsp;unser Team gut w\u00e4ren. Wir freuen uns von&nbsp;Ihnen zu&nbsp;h\u00f6ren<\/strong>.<\/p>\n<\/article>\n\n\n  <p>* Pflichtfeld<\/p>\n  <form id=\"contact-form-wrap\" method=\"post\" data-type=\"contact\" data-email=\"\" novalidate=\"\">\n      <div class=\"contact-form-wrap\">\n          <div class=\"contact-form-wrap-inner\">\n              <div class=\"contact-form-line\">\n                  <div class=\"contact-form-line-full\">\n                      <label for=\"name\">Name*<\/label>\n                      <input type=\"text\" id=\"contact-form-name\" pattern=\"[A-Za-z]+\" name=\"name\" class=\"input-type-text form-input require\" placeholder=\"Name\" onfocusout=\"validateName()\" \/>\n\n                      <div id=\"contact-form-name-errors\" class=\"contact-form_errors-box\">\n                          <div id=\"contact-form-error-name_missing\">Geben Sie Ihren Namen ein.<\/div>\n                          <div id=\"contact-form-error-name_bad-characters\">Nur die Buchstaben A-Z.<\/div>\n                          <div id=\"contact-form-error-name_count-characters\">Mindestens 2 Zeichen.<\/div>\n                      <\/div>\n                  <\/div>\n              <\/div>\n\n              <div class=\"contact-form-line\">\n                  <div class=\"contact-form-line-full\">\n                      <label for=\"companyname\">Name des Unternehmens<\/label>\n                      <input type=\"text\" id=\"contact-form-companyname\" pattern=\"[A-Za-z]+\" name=\"companyname\" class=\"input-type-text form-input\" placeholder=\"Name des Unternehmens\" onfocusout=\"validateCompanyName()\" \/>\n\n                      <div id=\"contact-form-companyname-errors\" class=\"contact-form_errors-box\">\n                          <div id=\"contact-form-error-companyname_bad-characters\">Nur die Buchstaben A-Z.<\/div>\n                          <div id=\"contact-form-error-companyname_count-characters\">Mindestens 2 Zeichen.<\/div>\n                      <\/div>\n                  <\/div>\n              <\/div>\n\n              <div class=\"contact-form-line\">\n                  <div class=\"contact-form-line-full\">\n                      <label for=\"name\">E-Mail*<\/label>\n                      <input type=\"email\" id=\"contact-form-email\" name=\"email\" class=\"input-type-email form-input require\" placeholder=\"E-Mail\" onfocusout=\"validateEmail()\" \/>\n                      <div id=\"contact-form-email-errors\" class=\"contact-form_errors-box\">\n                          <div id=\"contact-form-error-email_missing\">Geben Sie Ihre E-Mail-Adresse ein.<\/div>\n                          <div id=\"contact-form-error-email_bad-format\">Die E-Mail-Adresse hat ein schlechtes Format.<\/div>\n                      <\/div>\n                  <\/div>\n              <\/div>\n\n              <div class=\"contact-form-line\">\n                  <div class=\"contact-form-line-full\">\n                      <label for=\"Phone\">Telefon*<\/label>\n                      <input type=\"text\" id=\"contact-form-phone\" pattern=\"\\d{9}\" name=\"phone\" class=\"input-type-text form-input require\" placeholder=\"Telefon\" onfocusout=\"validatePhone()\" \/>\n                      <div id=\"contact-form-phone-errors\" class=\"contact-form_errors-box\">\n                          <div id=\"contact-form-error-phone_missing\">Geben Sie Ihre Telefonnummer ein.<\/div>\n                          <div id=\"contact-form-error-phone_bad-characters\">Unzul\u00e4ssige Zeichen.<\/div>\n                          <div id=\"contact-form-error-phone_count-characters\">Nur 9-stellige Nummer.<\/div>\n                      <\/div>\n                  <\/div>\n              <\/div>\n\n              <div class=\"contact-form-line\">\n                  <div class=\"contact-form-line-full\">\n                      <label for=\"file\">Dateien beif\u00fcgen<\/label>\n\n                      <div class=\"file-upload\">\n                          <input type=\"file\" name=\"file\" id=\"file\" class=\"inputfile\" data-multiple-caption=\"{count} files selected\" multiple=\"\" placeholder=\"Datei nicht ausgew\u00e4hlt\">\n\n                              <label for=\"file\" class=\"btn btn--secondary\">\n                                  <span class=\"btn__txt\">Anhang hochladen<\/span>\n                                  <span class=\"btn__icon\">\n                                      <svg xmlns=\"http:\/\/www.w3.org\/2000\/svg\" viewBox=\"0 0 24 24\" width=\"16\" height=\"16\"><path d=\"M4 19H20V12H22V20C22 20.5523 21.5523 21 21 21H3C2.44772 21 2 20.5523 2 20V12H4V19ZM13 9V16H11V9H6L12 3L18 9H13Z\"><\/path><\/svg>\n                                  <\/span>\n                              <\/label>\n                      <\/div>\n                  <\/div>\n              <\/div>\n\n              <div class=\"contact-form-line\">\n                  <div class=\"contact-form-line-full\">\n                      <label for=\"name\">Nachricht<\/label>\n                      <textarea name=\"message\" id=\"contact-form-message\" pattern=\"[A-Za-z0-9]+\" class=\"form-input require\" placeholder=\"Schreiben Sie eine Nachricht...\" onfocusout=\"validateMessage()\"><\/textarea>\n                      <div id=\"contact-form-message-errors\" class=\"contact-form_errors-box\">\n                          <div id=\"contact-form-error-message_missing\">Die Nachricht muss mindestens 10 Zeichen enthalten<\/div>\n                      <\/div>\n                  <\/div>\n              <\/div>\n\n              <div class=\"contact-form-line\">\n                  <div class=\"contact-form-line-full contact-form-terms\">\n                      <input type=\"checkbox\" name=\"terms\" class=\"input-type-terms form-input require\" id=\"contact-form-terms\" \/>\n                      <label for=\"name\">Ich stimme der&nbsp;<a href=\"https:\/\/innovis.ai\/de\/informace-o-zpracovani-osobnich-udaju\/\" target=\"_blank\"> verarbeitung personenbezogener Daten zu<\/a><\/label>\n                  <\/div>\n\n                  <div id=\"contact-form-term-errors\" class=\"contact-form_errors-box\">\n                      <div id=\"contact-form-error-terms_missing\">Sie m\u00fcssen der Verarbeitung personenbezogener Daten zustimmen.<\/div>\n                  <\/div>\n              <\/div>\n\n               <div class=\"contact-form-line captcha\">\n                  <div class=\"g-recaptcha\" id=\"contact-form-captcha\"\n                    data-sitekey=\"6Lf0FWIpAAAAALyo7t7ZoM4Mkn4PQjBjp0-cODtw\"><\/div>\n\n                  <div id=\"contact-form-term-errors\" class=\"contact-form_errors-box\">\n                      <div id=\"contact-form-error-captcha_missing\">Pros\u00edm ov\u011b\u0159te, \u017ee&nbsp;nejste robot!<\/div>\n                  <\/div>\n              <\/div>\n\n              <div class=\"contact-form-line\" id=\"error-response\" style=\"display:none\"><\/div>\n              <div class=\"contact-form-line\" id=\"success-response\" style=\"display:none\">\n                  Das Formular wurde erfolgreich gesendet.              <\/div>\n\n\n              <div class=\"contact-form-line\">\n                  <div class=\"contact-form-line-full contact-form-send-containter\" \/>\n                  <span id=\"send-message\">\n                      <button type=\"submit\" class=\"btn btn--secondary\">\n                          <span class=\"btn__txt\">Senden<\/span>\n                          <span class=\"btn__icon\">\n                              <svg xmlns=\"http:\/\/www.w3.org\/2000\/svg\" width=\"40\" height=\"40\" viewBox=\"0 0 40 40\"><g transform=\"translate(11.5 13.456)\"><path d=\"M10.1478819 6.144593C10.3409094 5.95160773 10.6538346 5.95164197 10.8468199 6.14466946L16.4933263 11.7924115C16.6863116 11.985439 16.6862774 12.2983642 16.4932499 12.4913494 16.3002224 12.6843347 15.9872972 12.6843005 15.7943119 12.491273L10.1478055 6.84353094C9.95482019 6.65050345 9.95485442 6.33757827 10.1478819 6.144593ZM6.14710235 6.14463123C6.34010873 5.95162485 6.65303391 5.95162485 6.84604029 6.14463123 7.03904668 6.33763762 7.03904668 6.65056279 6.84604029 6.84356918L1.1216936 12.5679159C.928687213 12.7609223.615762036 12.7609223.422755653 12.5679159.229749269 12.3749095.229749269 12.0619843.422755653 11.8689779L6.14710235 6.14463123Z\"><\/path><path d=\"M15.8697193,0.420284534 C16.0627256,0.22727815 16.3756508,0.22727815 16.5686572,0.420284534 C16.7616636,0.613290918 16.7616636,0.926216094 16.5686572,1.11922248 L9.51049321,8.17738549 C8.95048985,8.73927438 8.041572,8.73927438 7.48024036,8.17794274 L0.422725066,1.11919189 C0.229735576,0.926168612 0.229762966,0.613243437 0.422786242,0.420253947 C0.615809519,0.227264457 0.928734694,0.227291847 1.12172418,0.420315123 L8.17920889,7.47903538 C8.35430123,7.65412773 8.63646264,7.65412773 8.81096842,7.47903538 L15.8697193,0.420284534 Z\"><\/path><path d=\"M15.5532217,4.54747351e-13 L1.43572002,4.54747351e-13 C0.642597269,4.54747351e-13 0,0.642597269 0,1.43572002 L0,11.5537159 C0,12.3459297 0.642923363,12.989436 1.43572002,12.989436 L15.5532217,12.989436 C16.3460184,12.989436 16.9889417,12.3459297 16.9889417,11.5537159 L16.9889417,1.43572002 C16.9889417,0.642597269 16.3463445,4.54747351e-13 15.5532217,4.54747351e-13 Z M15.5532217,0.98844752 C15.80044,0.98844752 16.0004942,1.18850176 16.0004942,1.43572002 L16.0004942,11.5537159 C16.0004942,11.8002256 15.7999133,12.0009884 15.5532217,12.0009884 L1.43572002,12.0009884 C1.18902847,12.0009884 0.98844752,11.8002256 0.98844752,11.5537159 L0.98844752,1.43572002 C0.98844752,1.18850176 1.18850176,0.98844752 1.43572002,0.98844752 L15.5532217,0.98844752 Z\"><\/path><\/g><\/svg>\n                          <\/span>\n                      <\/button>\n                  <\/span>\n              <\/div>\n          <\/div>\n      <\/div>\n  <\/div>\n  <\/form>\n\n  <\/div><\/div>\n","protected":false},"excerpt":{"rendered":"","protected":false},"author":7,"featured_media":0,"parent":0,"menu_order":0,"comment_status":"closed","ping_status":"closed","template":"","meta":{"_acf_changed":false,"inline_featured_image":false,"footnotes":""},"class_list":["post-6473","page","type-page","status-publish","hentry"],"acf":[],"_links":{"self":[{"href":"https:\/\/innovis.ai\/de\/wp-json\/wp\/v2\/pages\/6473","targetHints":{"allow":["GET"]}}],"collection":[{"href":"https:\/\/innovis.ai\/de\/wp-json\/wp\/v2\/pages"}],"about":[{"href":"https:\/\/innovis.ai\/de\/wp-json\/wp\/v2\/types\/page"}],"author":[{"embeddable":true,"href":"https:\/\/innovis.ai\/de\/wp-json\/wp\/v2\/users\/7"}],"replies":[{"embeddable":true,"href":"https:\/\/innovis.ai\/de\/wp-json\/wp\/v2\/comments?post=6473"}],"version-history":[{"count":3,"href":"https:\/\/innovis.ai\/de\/wp-json\/wp\/v2\/pages\/6473\/revisions"}],"predecessor-version":[{"id":6478,"href":"https:\/\/innovis.ai\/de\/wp-json\/wp\/v2\/pages\/6473\/revisions\/6478"}],"wp:attachment":[{"href":"https:\/\/innovis.ai\/de\/wp-json\/wp\/v2\/media?parent=6473"}],"curies":[{"name":"wp","href":"https:\/\/api.w.org\/{rel}","templated":true}]}}