{"id":6479,"date":"2023-03-13T21:29:09","date_gmt":"2023-03-13T21:29:09","guid":{"rendered":"http:\/\/innovis.dev8.kancl.goodsailors.cz\/?page_id=6479"},"modified":"2024-02-28T12:54:01","modified_gmt":"2024-02-28T12:54:01","slug":"informationen-zur-verarbeitung-personenbezogener-daten","status":"publish","type":"page","link":"https:\/\/innovis.ai\/de\/informationen-zur-verarbeitung-personenbezogener-daten\/","title":{"rendered":"Informationen zur Verarbeitung personenbezogener Daten"},"content":{"rendered":"\n<div class=\"section\">\n<div class=\"headline\"><h1>Informationen zur Verarbeitung personenbezogener Daten<\/h1><\/div>\n\n\n\n<p>gem\u00e4\u00df der Verordnung (EU) 2016\/679 des Europ\u00e4ischen Parlaments und&nbsp;des Rates, Datenschutz-Grundverordnung (im Folgenden \u201eDSGVO\u201c genannt)<\/p>\n\n\n\n<p>Liebe Besucher der Webseite der Mark2 Corporation (im Folgenden M2C genannt), vielen Dank f\u00fcr&nbsp;Ihr Interesse an&nbsp;unseren Aktivit\u00e4ten und&nbsp;Dienstleistungen. Um&nbsp;sicherzustellen, dass&nbsp;Sie umfassend informiert sind, erlauben wir uns Ihnen Informationen dar\u00fcber zu&nbsp;erteilen, welche Daten bei&nbsp;Ihrem Besuch auf&nbsp;unserer Webseite erhoben und&nbsp;zu&nbsp;welchem \u200bZweck und&nbsp;wie diese verarbeitet werden<\/p>\n\n\n\n<h2 class=\"wp-block-heading\"><strong>Grundlegende Informationen zur Verarbeitung personenbezogener Daten<\/strong><\/h2>\n\n\n\n<p>Der Verantwortliche f\u00fcr&nbsp;die personenbezogenen Daten, die wir bei&nbsp;Ihrem Besuch auf&nbsp;unserer Webseite erhalten, sind wir, Mark2 Corporation Czech a.s., Ident.-Nr.: 257&nbsp;19&nbsp;751, mit&nbsp;Sitz in&nbsp;Pod&nbsp;vi\u0161\u0148ovkou 1622\/23, 140&nbsp;00 Praha 4. Sie k\u00f6nnen uns an&nbsp;der Adresse Mark2 Corporation Czech a.s., Vladislavova 17, 110&nbsp;00 Praha 1 kontaktieren.<\/p>\n\n\n\n<p>Da es der Umfang unserer sonstigen T\u00e4tigkeiten erfordert, haben wir zudem einen Datenschutzbeauftragten bestellt. Sie k\u00f6nnen auch seine Dienste nutzen:<br><em>Kontakt mit&nbsp;dem Datenschutzbeauftragten:\u00a0<\/em><a href=\"https:\/\/web.archive.org\/web\/20230326092528\/mailto:cz.dpo@m2c.eu\" target=\"_blank\" rel=\"noopener\"><em>cz.dpo@m2c.eu<\/em><\/a><em>.<\/em><\/p>\n\n\n\n<p>Ihr Name, Ihre Adresse und&nbsp;sonstige Kontaktdaten werden nicht erfasst, es sei denn, Sie \u00fcbermitteln uns diese selbst \u00fcber&nbsp;eines der auf&nbsp;unserer Webseite befindlichen Formulare. W\u00e4hrend&nbsp;Ihres Besuchs erfassen wir insbesondere folgende Daten:<\/p>\n\n\n\n<p>Wenn Sie unsere Webseite besuchen, speichern unsere Webserver vor\u00fcbergehend die Verbindungsdaten des anfragenden Ger\u00e4ts<\/p>\n\n\n\n<ul class=\"wp-block-list\">\n<li>Datum und&nbsp;Uhrzeit Ihres Besuchs auf&nbsp;unserer Webseite,<\/li>\n\n\n\n<li>besuchte Webseite,<\/li>\n\n\n\n<li>Informationen \u00fcber&nbsp;Browsertyp und&nbsp;Betriebssystem,<\/li>\n\n\n\n<li>Webseite, \u00fcber&nbsp;die Sie unsere Webseite besucht haben.&nbsp;<\/li>\n<\/ul>\n\n\n\n<p>Bei der Verarbeitung mit&nbsp;anderen Webtools k\u00f6nnen auch andere Daten verarbeitet werden; ihr Umfang wird dann f\u00fcr&nbsp;einzelne Informationen im Webtool festgelegt.<\/p>\n\n\n\n<p>Wir verarbeiten die erhobenen personenbezogenen Daten im Rahmen der Notwendigkeit zur Wahrung unserer berechtigten Interessen, n\u00e4mlich der Systemsicherheit, der technischen Verwaltung und&nbsp;der Optimierung des Betriebs unserer Webseite und&nbsp;ihrer Suche, sowie auf&nbsp;Grundlage Ihrer Einwilligung, die aus&nbsp;den Einstellungen Ihres Browsers zum Zwecke eines erweiterten Angebots unserer Dienste und&nbsp;der Auswertung von&nbsp;Besucherstatistiken resultiert.<\/p>\n\n\n\n<p>Die Dauer der Speicherung der bei&nbsp;einem Besuch anfallenden personenbezogenen Daten richtet sich nach&nbsp;den jeweiligen Verarbeitungszwecken, erfolgt jedoch&nbsp;stets nur f\u00fcr&nbsp;den erforderlichen Zeitraum.<\/p>\n\n\n\n<p>Wir \u00fcbermitteln keine personenbezogenen Daten in&nbsp;Drittl\u00e4nder oder&nbsp;an&nbsp;andere Empf\u00e4nger, mit&nbsp;Ausnahme unserer externen Verarbeiter, die wir zur Gew\u00e4hrleistung der Systemsicherheit, der technischen Verwaltung und&nbsp;des Betriebs unserer Webseite und&nbsp;Online-Werbung einsetzen. Dar\u00fcber hinaus verpflichten wir diese Verarbeiter zur Einhaltung aller Regeln f\u00fcr&nbsp;die Verarbeitung personenbezogener Daten und&nbsp;zur Verschwiegenheit.<\/p>\n\n\n\n<h2 class=\"wp-block-heading\"><strong>Ihre Rechte als&nbsp;betroffene Person<\/strong><\/h2>\n\n\n\n<p>Als betroffene Person haben Sie das Recht auf&nbsp;Zugang zu&nbsp;personenbezogenen Daten, die Sie betreffen, und&nbsp;die von&nbsp;uns als&nbsp;Verantwortlichem verarbeitet werden. Sie haben das Recht, deren Berichtigung zu&nbsp;verlangen, Widerspruch gegen&nbsp;die Verarbeitung einzulegen oder&nbsp;eine Einschr\u00e4nkung der Verarbeitung zu&nbsp;verlangen, wenn&nbsp;Sie feststellen, dass&nbsp;diese Daten unrichtig sind oder&nbsp;die Verarbeitung unter&nbsp;Versto\u00df gegen&nbsp;gesetzliche Vorschriften erfolgt. In&nbsp;einigen F\u00e4llen k\u00f6nnen Sie von&nbsp;uns auch personenbezogene Daten in&nbsp;einem strukturierten, g\u00e4ngigen und&nbsp;maschinenlesbaren Format und&nbsp;deren \u00dcbermittlung an&nbsp;einen anderen Verantwortlichen verlangen. Sie haben das Recht, nicht einer Entscheidung unterworfen zu&nbsp;werden, die ausschlie\u00dflich auf&nbsp;einer automatisierten Entscheidung ohne&nbsp;menschliches Eingreifen beruht. Alle Ihre Rechte k\u00f6nnen Sie beim Datenschutzbeauftragten unter&nbsp;der oben genannten E-Mail-Adresse oder&nbsp;schriftlich unter&nbsp;unserer Kontaktadresse des Verantwortlichen geltend machen.<\/p>\n\n\n\n<p>Bei der Verarbeitung aller oben genannten personenbezogenen Daten achten wir stets auf&nbsp;die Einhaltung der grundlegenden Grunds\u00e4tze gem\u00e4\u00df Art. 6 der DSGVO. Die Sicherheit personenbezogener Daten wird durch&nbsp;organisatorische und&nbsp;technische Ma\u00dfnahmen gew\u00e4hrleistet, die gem\u00e4\u00df den gesetzlichen Vorschriften getroffen werden, um&nbsp;sicherzustellen, dass&nbsp;es nicht zu&nbsp;einer versehentlichen oder&nbsp;rechtswidrigen Vernichtung, einem Verlust, einer \u00c4nderung, einer unbefugten Offenlegung der \u00fcbertragenen, gespeicherten oder&nbsp;anderweitig verarbeiteten personenbezogenen Daten oder&nbsp;einem unbefugten Zugriff auf&nbsp;sie kommt. Alle unsere Mitarbeiter sind zur Verschwiegenheit \u00fcber&nbsp;die Tatsachen verpflichtet, die sie im Rahmen ihrer T\u00e4tigkeit erfahren. Die Webseite verwendet eine sichere Kommunikation (HTTPS-Protokoll).<\/p>\n\n\n\n<p>Wenn Sie der Ansicht sind, dass&nbsp;die Verarbeitung personenbezogener Daten gegen&nbsp;die DSGVO verst\u00f6\u00dft, haben Sie das Recht, eine Beschwerde bei&nbsp;der Datenschutzbeh\u00f6rde unter&nbsp;der Adresse Pplk. Sochora 27, 170&nbsp;00 Praha 7, Tschechische Republik einzureichen.<\/p>\n\n\n\n<h2 class=\"wp-block-heading\"><strong>Verwendung von&nbsp;Cookies<\/strong><\/h2>\n\n\n\n<p>Unsere Webseite verwendet Cookies, das sind kleine Textdateien, die einige Webseiten auf&nbsp;Ihrem Computer speichern. Der Zweck der Platzierung von&nbsp;Cookies auf&nbsp;unserer Webseite besteht darin, die Nutzungsm\u00f6glichkeiten unserer Webseite zu&nbsp;verbessern, den Benutzerkomfort und&nbsp;die Effizienz zu&nbsp;erh\u00f6hen, d. h. Ihnen die optimale M\u00f6glichkeit zur Nutzung unserer Webseite zu&nbsp;bieten. Der Inhalt der Cookie-Datei beschr\u00e4nkt sich auf&nbsp;eine Identifikationsnummer; Personenbezogene Daten wie Ihr Name, Ihre IP-Adresse etc. werden dabei nicht gespeichert<\/p>\n\n\n\n<p>Die Nutzung unserer Webseite ist auch ohne&nbsp;Cookies m\u00f6glich, indem Sie diese \u00fcber&nbsp;Ihren Browser deaktivieren, Cookies nur auf&nbsp;bestimmte Webseiten beschr\u00e4nken oder&nbsp;Sie auf&nbsp;die \u00dcbermittlung einer Cookie-Datei hinweisen. Cookies k\u00f6nnen auch von&nbsp;Ihrem Computer oder&nbsp;einem anderen Endger\u00e4t gel\u00f6scht werden. Bei&nbsp;der Einschr\u00e4nkung der Verwendung von&nbsp;Cookies durch&nbsp;unsere Webseite ist jedoch&nbsp;mit&nbsp;einer eingeschr\u00e4nkten Darstellung der Seite und&nbsp;einer Einschr\u00e4nkung der Anweisungen f\u00fcr&nbsp;den Benutzer zu&nbsp;rechnen.<\/p>\n\n\n\n<h2 class=\"wp-block-heading\"><strong>Links zu&nbsp;sozialen Netzwerken<\/strong><\/h2>\n\n\n\n<p>Durch die Nutzung einer Verlinkung zu&nbsp;sozialen Netzwerken \u2013 z. B. Facebook, Twitter, Google Plus&nbsp;etc. \u2013 \u00fcbermitteln Sie Ihre personenbezogenen Daten an&nbsp;die Anbieter dieser sozialen Netzwerke (einige Anbieter haben ihren Sitz auch in&nbsp;Drittl\u00e4ndern, z. B. den USA). Auf&nbsp;unserer Webseite findet keine Interaktion mit&nbsp;diesen sozialen Netzwerken statt und&nbsp;die verwendeten Piktogramme dienen lediglich als&nbsp;Links, um&nbsp;den Zugriff auf&nbsp;unsere Profile zu&nbsp;erleichtern.<\/p>\n\n\n\n<h2 class=\"wp-block-heading\"><strong>Links zu&nbsp;Webseiten Dritter<\/strong><\/h2>\n\n\n\n<p>Unsere Webseite kann Links&nbsp;zu&nbsp;Webseiten Dritter enthalten. Obwohl&nbsp;diese Webseiten vor&nbsp;der Verlinkung sorgf\u00e4ltig gepr\u00fcft wurden, hat M2C keinen Einfluss auf&nbsp;den Inhalt dieser Webseiten und&nbsp;es kann somit nicht ausgeschlossen werden, dass&nbsp;sich deren Inhalt \u00e4ndert<\/p>\n\n\n\n<p>Durch die Nutzung eines Links&nbsp;zu&nbsp;einer Webseite Dritter k\u00f6nnen Ihre personenbezogenen Daten an&nbsp;den Betreiber dieser Webseite weitergegeben werden. M2C hat keinen Einfluss auf&nbsp;die Erhebung personenbezogener Daten auf&nbsp;Webseiten Dritter und&nbsp;kann daher die Rechtm\u00e4\u00dfigkeit der Verarbeitung personenbezogener Daten auf&nbsp;diesen Webseiten nicht gew\u00e4hrleisten.<\/p>\n\n\n\n<h2 class=\"wp-block-heading\"><strong>Google Analytics<\/strong><\/h2>\n\n\n\n<p>Unsere Webseite nutzt auch Google Analytics-Dienste, die Ihre personenbezogenen Daten jedoch&nbsp;ebenfalls nicht direkt nutzen. N\u00e4here Informationen zu&nbsp;diesem Dienst und&nbsp;Einstellungsm\u00f6glichkeiten finden Sie unter&nbsp;<a href=\"https:\/\/web.archive.org\/web\/20230326092528\/https:\/\/support.google.com\/analytics\/answer\/6004245?hl=cs&amp;ref_topic=2919631\" target=\"_blank\" rel=\"noreferrer noopener\">https:\/\/support.google.com\/analytics\/answer\/6004245?hl=cs&amp;ref_topic=2919631<\/a><\/p>\n\n\n\n<h2 class=\"wp-block-heading\"><strong>Retargeting<\/strong><\/h2>\n\n\n\n<p>Unsere Webseite nutzt die Retargeting-Technologie des Sklik-Dienstes, der von&nbsp;der Gesellschaft Seznam.cz, a.s. betrieben wird. Diese erm\u00f6glicht uns, den Besuchern, die bereits Interesse an&nbsp;unseren Produkten gezeigt haben, unsere Werbung im Werbenetzwerk der Seznam.cz, a.s. anzuzeigen. Laut&nbsp;Seznam.cz, a.s. werden bei&nbsp;diesem Prozess keine personenbezogenen Daten erhoben. Weitere Informationen finden Sie hier&nbsp;<a href=\"https:\/\/web.archive.org\/web\/20230326092528\/http:\/\/www.imedia.cz\/\" target=\"_blank\" rel=\"noreferrer noopener\">http:\/\/www.imedia.cz\/<\/a><br>Weitere Informationen und&nbsp;M\u00f6glichkeiten, nicht an&nbsp;verhaltensbasierter Werbung teilzunehmen, finden Sie auch unter&nbsp;<a href=\"https:\/\/web.archive.org\/web\/20230326092528\/http:\/\/www.youronlinechoices.com\/\" target=\"_blank\" rel=\"noreferrer noopener\">http:\/\/www.youronlinechoices.com\/<\/a>.<\/p>\n\n\n\n<div style=\"height:100px\" aria-hidden=\"true\" class=\"wp-block-spacer\"><\/div>\n<\/div>\n","protected":false},"excerpt":{"rendered":"","protected":false},"author":7,"featured_media":0,"parent":0,"menu_order":0,"comment_status":"closed","ping_status":"open","template":"","meta":{"_acf_changed":false,"inline_featured_image":false,"footnotes":""},"class_list":["post-6479","page","type-page","status-publish","hentry"],"acf":[],"_links":{"self":[{"href":"https:\/\/innovis.ai\/de\/wp-json\/wp\/v2\/pages\/6479","targetHints":{"allow":["GET"]}}],"collection":[{"href":"https:\/\/innovis.ai\/de\/wp-json\/wp\/v2\/pages"}],"about":[{"href":"https:\/\/innovis.ai\/de\/wp-json\/wp\/v2\/types\/page"}],"author":[{"embeddable":true,"href":"https:\/\/innovis.ai\/de\/wp-json\/wp\/v2\/users\/7"}],"replies":[{"embeddable":true,"href":"https:\/\/innovis.ai\/de\/wp-json\/wp\/v2\/comments?post=6479"}],"version-history":[{"count":2,"href":"https:\/\/innovis.ai\/de\/wp-json\/wp\/v2\/pages\/6479\/revisions"}],"predecessor-version":[{"id":6619,"href":"https:\/\/innovis.ai\/de\/wp-json\/wp\/v2\/pages\/6479\/revisions\/6619"}],"wp:attachment":[{"href":"https:\/\/innovis.ai\/de\/wp-json\/wp\/v2\/media?parent=6479"}],"curies":[{"name":"wp","href":"https:\/\/api.w.org\/{rel}","templated":true}]}}