{"id":7178,"date":"2024-05-06T08:15:38","date_gmt":"2024-05-06T08:15:38","guid":{"rendered":"https:\/\/innovis.ai\/?page_id=7178"},"modified":"2024-05-06T08:25:31","modified_gmt":"2024-05-06T08:25:31","slug":"impressum","status":"publish","type":"page","link":"https:\/\/innovis.ai\/de\/impressum\/","title":{"rendered":"Impressum"},"content":{"rendered":"\n<div class=\"section\">\n<div class=\"headline\"><h1>Impressum<\/h1><\/div>\n<\/div>\n\n\n\n<div class=\"section\">\n<p><strong>Name of&nbsp;the website owner:<\/strong>\n<p>Mark2 Corporation Czech a.s.<\/p><br><\/p>\n\n\n\n<p><strong>Registered address and&nbsp;representative:<\/strong>\n<p>Mark2 Corporation Czech a.s.<br>Registered Seat: Vladislavova 1390\/17, 110&nbsp;00 Prague,<br>Tax Number: CZ25719751, Company register number: 25719751<br>The Commercial Register maintained by&nbsp;the Municipal Court in&nbsp;Prague, section B, file 5692\/MSPH<br>represented by: Oldrich Rutar<\/p><br><\/p>\n\n\n\n<p><strong>Email address for&nbsp;quick contact:<\/strong><br><a href=\"mailto:marketing@m2c.eu\">marketing@m2c.eu<\/a><p><strong>Phone number: <\/strong> +420&nbsp;800&nbsp;111&nbsp;112<\/p>\n<p>In Germany, M2C is registered in&nbsp;the commercial register of&nbsp;companies as&nbsp;M2C Deutschland GmbH, which is a&nbsp;subsidiary of&nbsp;the above&nbsp;mentioned M2C Czech, a.s.<\/p><\/p>\n\n\n\n<p><strong>Name of&nbsp;the company: <\/strong> M2C Deutschland GmbH<br><strong>Address: <\/strong> \u00c4u\u00dfere Sulzbacher Str.&nbsp;159-161, 90491 N\u00fcrnberg<br><strong>VAT: <\/strong> DE351563336<br><strong>Telefon number: <\/strong> +49152&nbsp;3460&nbsp;2073<br><strong>E-mail address: <\/strong> <a href=\"mailto:sales@m2c.eu\">sales@m2c.eu<\/a><br><strong>Commercial register number: <\/strong> Amtsgericht N\u00fcrnberg, HRB 39721<br><strong>Managing Director: <\/strong> Matej Barta<\/p>\n<\/div>\n\n\n\n<p><\/p>\n\n\n\n<p><\/p>\n\n\n\n<p><\/p>\n\n\n\n<p><\/p>\n","protected":false},"excerpt":{"rendered":"","protected":false},"author":7,"featured_media":0,"parent":0,"menu_order":0,"comment_status":"closed","ping_status":"closed","template":"","meta":{"_acf_changed":false,"inline_featured_image":false,"footnotes":""},"class_list":["post-7178","page","type-page","status-publish","hentry"],"acf":[],"_links":{"self":[{"href":"https:\/\/innovis.ai\/de\/wp-json\/wp\/v2\/pages\/7178","targetHints":{"allow":["GET"]}}],"collection":[{"href":"https:\/\/innovis.ai\/de\/wp-json\/wp\/v2\/pages"}],"about":[{"href":"https:\/\/innovis.ai\/de\/wp-json\/wp\/v2\/types\/page"}],"author":[{"embeddable":true,"href":"https:\/\/innovis.ai\/de\/wp-json\/wp\/v2\/users\/7"}],"replies":[{"embeddable":true,"href":"https:\/\/innovis.ai\/de\/wp-json\/wp\/v2\/comments?post=7178"}],"version-history":[{"count":9,"href":"https:\/\/innovis.ai\/de\/wp-json\/wp\/v2\/pages\/7178\/revisions"}],"predecessor-version":[{"id":7197,"href":"https:\/\/innovis.ai\/de\/wp-json\/wp\/v2\/pages\/7178\/revisions\/7197"}],"wp:attachment":[{"href":"https:\/\/innovis.ai\/de\/wp-json\/wp\/v2\/media?parent=7178"}],"curies":[{"name":"wp","href":"https:\/\/api.w.org\/{rel}","templated":true}]}}