{"id":5434,"date":"2023-04-19T14:40:14","date_gmt":"2023-04-19T14:40:14","guid":{"rendered":"http:\/\/innovis.dev8.kancl.goodsailors.cz\/?page_id=5434"},"modified":"2024-03-05T14:55:55","modified_gmt":"2024-03-05T14:55:55","slug":"kantoorgebouwen","status":"publish","type":"page","link":"https:\/\/innovis.ai\/nl\/kantoorgebouwen\/","title":{"rendered":"Kantoorgebouwen"},"content":{"rendered":"\n<div class=\"hero\"><div class=\"hero__main\"><div class=\"hero__article\"><h1>Kantoorgebouwen<br><\/h1><p>Krijg controle over&nbsp;de volledige werking van uw administratieve gebouwen en bespaar op kosten. Dankzij slimme technologie\u00ebn verlaagt u&nbsp;de bedrijfskosten en vergroot u&nbsp;de aantrekkelijkheid en het comfort van het gebouw voor&nbsp;bestaande en potenti\u00eble huurders.<br><\/p><\/div><\/div><div class=\"hero__fig color-3\"><img loading=\"lazy\" decoding=\"async\" src=\"https:\/\/innovis.ai\/wp-content\/uploads\/2023\/07\/kancelarske-budovy.jpg\" alt=\"\" width=\"1920\" height=\"898\"\/><\/div><\/div>\n\n\n\n<div class=\"section\">\n<div class=\"boxes\"><div class=\"boxes__item\"><div class=\"boxes__box boxes__box1\"><p class=\"xl\">30&nbsp;%<\/p><p class=\"sm__sub\">typische uitgavenbesparing per&nbsp;jaar<br><br><\/p><\/div><\/div><div class=\"boxes__item\"><div class=\"boxes__box boxes__box2\"><p class=\"xl\">15&nbsp;000&nbsp;m\u00b2<\/p><p class=\"sm__sub\">gedekt door onze technologie<br><br><\/p><\/div><\/div><div class=\"boxes__item\"><div class=\"boxes__box boxes__box3\"><p class=\"xl\">30 +<\/p><p class=\"sm__sub\">&nbsp;jaar ervaring op de markt<br><\/p><\/div><\/div><\/div>\n\n\n\n<div class=\"heading\"><h2>OPLOSSINGEN<br><span class=\"thin\">WAAROP U&nbsp;KUNT&nbsp;<span class=\"underline\">VERTROUWEN<\/span><\/span><\/h2><\/div>\n\n\n<div class=\"list js-more\"><div class=\"list__grid\" id=\"product-grid\"><div class=\"list__item\"><div class=\"post post--dark\"><div class=\"post__image\"><img decoding=\"async\" src=\"https:\/\/innovis.ai\/wp-content\/themes\/innovis-new\/assets\/images\/sluzby\/recepce.jpg\" alt=\"Automatische receptie\" width=\"430\" height=\"320\" loading=\"lazy\" class=\"attachment-sluzby-grid size-sluzby-grid wp-post-image\" \/><\/div><div class=\"post__main\"><div class=\"post__content\"><div class=\"post__tags\"><div class=\"tag\"><\/div><\/div><h2>Automatische receptie<\/h2><p>Elektronische receptie (e-Reception) automatiseert en stroomlijnt de bestaande receptie of&nbsp;ingang van het pand. Het kan conventionele receptieprocessen geheel of&nbsp;gedeeltelijk vervangen, zoals het inchecken en identificeren van bezoekers, het bijhouden van presentielijsten, videoverbinding met&nbsp;mensen in&nbsp;het gebouw, het uitgeven van toegangskaarten of&nbsp;het genereren van QR-codes.<\/p><\/div><div class=\"post__footer\"><div class=\"post__more\"><a href=\"https:\/\/innovis.ai\/nl\/dienst\/automatische-receptie\/\" class=\"post__link\"><svg xmlns=\"http:\/\/www.w3.org\/2000\/svg\" width=\"14\" height=\"24\" viewBox=\"0 0 14 24\"><path d=\"M0.710203334,0.469210767 C0.950675478,0.228771278 1.34053138,0.22879775 1.58097087,0.469269894 L12.9149405,11.8047788 C13.1553684,12.0452394 13.1553552,12.4350725 12.9149109,12.6755168 L2.05966799,23.5307597 C1.81921217,23.7712155 1.42935627,23.7712155 1.18890045,23.5307597 C0.948444632,23.2903039 0.948444632,22.9004479 1.18890045,22.6599921 L11.6087371,12.2399791 L0.710144207,1.33997831 C0.477719368,1.1075219 0.46999661,0.735474667 0.686957606,0.493741704 L0.710203334,0.469210767 Z\"><\/path><\/svg><\/a><\/div><\/div><\/div><\/div><\/div><div class=\"list__item\"><div class=\"post post--dark\"><div class=\"post__image\"><img decoding=\"async\" src=\"https:\/\/innovis.ai\/wp-content\/uploads\/2023\/04\/centralni-rizeni-bms-1024x635.png\" alt=\"Centraal management BMS\" width=\"430\" height=\"320\" loading=\"lazy\" class=\"attachment-sluzby-grid size-sluzby-grid wp-post-image\" \/><\/div><div class=\"post__main\"><div class=\"post__content\"><div class=\"post__tags\"><div class=\"tag\"><\/div><\/div><h2>Centraal management BMS<\/h2><p>Vertrouw het gebouwbeheer van uw verkoopeenheden toe aan een team van experts en bespaar op operationele kosten. Een centraal BMS (gebouwbeheersysteem &#8211; MAR) maakt gebruik van beheer en toezicht op afstand van technologie vanaf \u00e9\u00e9n centrale locatie door ons team van professionals.<\/p><\/div><div class=\"post__footer\"><div class=\"post__more\"><a href=\"https:\/\/innovis.ai\/nl\/dienst\/centraal-management-bms\/\" class=\"post__link\"><svg xmlns=\"http:\/\/www.w3.org\/2000\/svg\" width=\"14\" height=\"24\" viewBox=\"0 0 14 24\"><path d=\"M0.710203334,0.469210767 C0.950675478,0.228771278 1.34053138,0.22879775 1.58097087,0.469269894 L12.9149405,11.8047788 C13.1553684,12.0452394 13.1553552,12.4350725 12.9149109,12.6755168 L2.05966799,23.5307597 C1.81921217,23.7712155 1.42935627,23.7712155 1.18890045,23.5307597 C0.948444632,23.2903039 0.948444632,22.9004479 1.18890045,22.6599921 L11.6087371,12.2399791 L0.710144207,1.33997831 C0.477719368,1.1075219 0.46999661,0.735474667 0.686957606,0.493741704 L0.710203334,0.469210767 Z\"><\/path><\/svg><\/a><\/div><\/div><\/div><\/div><\/div><div class=\"list__item\"><div class=\"post post--dark\"><div class=\"post__image\"><img decoding=\"async\" src=\"https:\/\/innovis.ai\/wp-content\/uploads\/2023\/08\/bezpecnostni-sluzby.jpg\" alt=\"Beveiligings technologie\" width=\"430\" height=\"320\" loading=\"lazy\" class=\"attachment-sluzby-grid size-sluzby-grid wp-post-image\" \/><\/div><div class=\"post__main\"><div class=\"post__content\"><div class=\"post__tags\"><div class=\"tag\"><\/div><\/div><h2>Beveiligings technologie<\/h2><p>Wij kunnen u&nbsp;helpen uw faciliteiten en de aan u&nbsp;toevertrouwde activa te beschermen. We&nbsp;bieden uitgebreide beveiligingsoplossingen voor&nbsp;projecten en bestaande gebouwen &#8211; van behoeften- en risicoanalyse tot het ontwerp van de technologische oplossing en kant-en-klare implementatie.<\/p><\/div><div class=\"post__footer\"><div class=\"post__more\"><a href=\"https:\/\/innovis.ai\/nl\/dienst\/beveiligings-technologie\/\" class=\"post__link\"><svg xmlns=\"http:\/\/www.w3.org\/2000\/svg\" width=\"14\" height=\"24\" viewBox=\"0 0 14 24\"><path d=\"M0.710203334,0.469210767 C0.950675478,0.228771278 1.34053138,0.22879775 1.58097087,0.469269894 L12.9149405,11.8047788 C13.1553684,12.0452394 13.1553552,12.4350725 12.9149109,12.6755168 L2.05966799,23.5307597 C1.81921217,23.7712155 1.42935627,23.7712155 1.18890045,23.5307597 C0.948444632,23.2903039 0.948444632,22.9004479 1.18890045,22.6599921 L11.6087371,12.2399791 L0.710144207,1.33997831 C0.477719368,1.1075219 0.46999661,0.735474667 0.686957606,0.493741704 L0.710203334,0.469210767 Z\"><\/path><\/svg><\/a><\/div><\/div><\/div><\/div><\/div><div class=\"list__item js-more-item is-hidden\"><div class=\"post post--dark\"><div class=\"post__image\"><img decoding=\"async\" src=\"https:\/\/innovis.ai\/wp-content\/uploads\/2023\/04\/vzdaleny-monitoring-nahled.jpg\" alt=\"Afstands monitoring\" width=\"430\" height=\"320\" loading=\"lazy\" class=\"attachment-sluzby-grid size-sluzby-grid wp-post-image\" \/><\/div><div class=\"post__main\"><div class=\"post__content\"><div class=\"post__tags\"><div class=\"tag\"><\/div><\/div><h2>Afstands monitoring<\/h2><p>Bescherm uw bedrijf met&nbsp;behulp van geavanceerde technologie. Wij bieden u&nbsp;kosteneffectieve 24\/7 bewaking op afstand.<\/p><\/div><div class=\"post__footer\"><div class=\"post__more\"><a href=\"https:\/\/innovis.ai\/nl\/dienst\/afstandsmonitoring\/\" class=\"post__link\"><svg xmlns=\"http:\/\/www.w3.org\/2000\/svg\" width=\"14\" height=\"24\" viewBox=\"0 0 14 24\"><path d=\"M0.710203334,0.469210767 C0.950675478,0.228771278 1.34053138,0.22879775 1.58097087,0.469269894 L12.9149405,11.8047788 C13.1553684,12.0452394 13.1553552,12.4350725 12.9149109,12.6755168 L2.05966799,23.5307597 C1.81921217,23.7712155 1.42935627,23.7712155 1.18890045,23.5307597 C0.948444632,23.2903039 0.948444632,22.9004479 1.18890045,22.6599921 L11.6087371,12.2399791 L0.710144207,1.33997831 C0.477719368,1.1075219 0.46999661,0.735474667 0.686957606,0.493741704 L0.710203334,0.469210767 Z\"><\/path><\/svg><\/a><\/div><\/div><\/div><\/div><\/div><div class=\"list__item js-more-item is-hidden\"><div class=\"post post--dark\"><div class=\"post__image\"><img decoding=\"async\" src=\"https:\/\/innovis.ai\/wp-content\/uploads\/2023\/04\/pult-centralni-ochrany-product-nahled.jpg\" alt=\"Centrale beveiligingsdesk\" width=\"430\" height=\"320\" loading=\"lazy\" class=\"attachment-sluzby-grid size-sluzby-grid wp-post-image\" \/><\/div><div class=\"post__main\"><div class=\"post__content\"><div class=\"post__tags\"><div class=\"tag\"><\/div><\/div><h2>Centrale beveiligingsdesk<\/h2><p>Verzeker uw veiligheid met&nbsp;onze centrale beveiligingsservice, van waaruit we&nbsp;24\/7 op afstand alarmsignalen bewaken en evalueren. In&nbsp;het geval van een risico of&nbsp;beveiligingsincident sturen we&nbsp;onze ervaren interventie-eenheden.<\/p><\/div><div class=\"post__footer\"><div class=\"post__more\"><a href=\"https:\/\/innovis.ai\/nl\/dienst\/centrale-beveiligingsdesk\/\" class=\"post__link\"><svg xmlns=\"http:\/\/www.w3.org\/2000\/svg\" width=\"14\" height=\"24\" viewBox=\"0 0 14 24\"><path d=\"M0.710203334,0.469210767 C0.950675478,0.228771278 1.34053138,0.22879775 1.58097087,0.469269894 L12.9149405,11.8047788 C13.1553684,12.0452394 13.1553552,12.4350725 12.9149109,12.6755168 L2.05966799,23.5307597 C1.81921217,23.7712155 1.42935627,23.7712155 1.18890045,23.5307597 C0.948444632,23.2903039 0.948444632,22.9004479 1.18890045,22.6599921 L11.6087371,12.2399791 L0.710144207,1.33997831 C0.477719368,1.1075219 0.46999661,0.735474667 0.686957606,0.493741704 L0.710203334,0.469210767 Z\"><\/path><\/svg><\/a><\/div><\/div><\/div><\/div><\/div><div class=\"list__item js-more-item is-hidden\"><div class=\"post post--dark\"><div class=\"post__image\"><img decoding=\"async\" src=\"https:\/\/innovis.ai\/wp-content\/uploads\/2023\/04\/zabezpeceni-arealu-a-budov-nahled.jpg\" alt=\"Beveiliging van sites en gebouwen\" width=\"430\" height=\"320\" loading=\"lazy\" class=\"attachment-sluzby-grid size-sluzby-grid wp-post-image\" \/><\/div><div class=\"post__main\"><div class=\"post__content\"><div class=\"post__tags\"><div class=\"tag\"><\/div><\/div><h2>Beveiliging van sites en gebouwen<\/h2><p>Zorg voor&nbsp;een betrouwbare bescherming van uw bedrijfsmiddelen met&nbsp;intelligente perimeterbeveiliging op afstand met&nbsp;24\/7 bewaking van de hele faciliteit, inclusief de gebouwschil.<\/p><\/div><div class=\"post__footer\"><div class=\"post__more\"><a href=\"https:\/\/innovis.ai\/nl\/dienst\/beveiliging-van-sites-en-gebouwen\/\" class=\"post__link\"><svg xmlns=\"http:\/\/www.w3.org\/2000\/svg\" width=\"14\" height=\"24\" viewBox=\"0 0 14 24\"><path d=\"M0.710203334,0.469210767 C0.950675478,0.228771278 1.34053138,0.22879775 1.58097087,0.469269894 L12.9149405,11.8047788 C13.1553684,12.0452394 13.1553552,12.4350725 12.9149109,12.6755168 L2.05966799,23.5307597 C1.81921217,23.7712155 1.42935627,23.7712155 1.18890045,23.5307597 C0.948444632,23.2903039 0.948444632,22.9004479 1.18890045,22.6599921 L11.6087371,12.2399791 L0.710144207,1.33997831 C0.477719368,1.1075219 0.46999661,0.735474667 0.686957606,0.493741704 L0.710203334,0.469210767 Z\"><\/path><\/svg><\/a><\/div><\/div><\/div><\/div><\/div><\/div><div class=\"list__more\"><a href=\"#\" class=\"btn  js-more-trigger\"><span class=\"btn__txt\">Laat meer zien<\/span><span class=\"btn__icon\"><svg xmlns=\"http:\/\/www.w3.org\/2000\/svg\" width=\"40\" height=\"40\" viewBox=\"0 0 40 40\"><g transform=\"translate(11.51 11.51)\"><path d=\"M8.5,0 C8.77614237,0 9,0.219065566 9,0.489296636 L9,16.4892966 C9,16.7595277 8.77614237,16.9785933 8.5,16.9785933 C8.22385763,16.9785933 8,16.7595277 8,16.4892966 L8,0.489296636 C8,0.219065566 8.22385763,0 8.5,0 Z\"><\/path><path d=\"M16.4892966,8 C16.7595277,8 16.9785933,8.22385763 16.9785933,8.5 C16.9785933,8.77614237 16.7595277,9 16.4892966,9 L0.489296636,9 C0.219065566,9 0,8.77614237 0,8.5 C0,8.22385763 0.219065566,8 0.489296636,8 L16.4892966,8 Z\"><\/path><\/g><\/svg><\/span><\/a><\/div><\/div><\/div>\n\n\n\n<div class=\"banner color-3\" id=\"banner\"><div class=\"banner__main\"><div class=\"banner__article\"><h2><span class=\"thin\">BEKIJK EEN<\/span><br>INTERACTIEVE KAART VAN ONZE DIENSTEN<\/h2><a href=\"https:\/\/innovis.ai\/interactive-map\/commerce-and-hotels\" class=\"btn btn--transparent\"><span class=\"btn__txt\">Toon de kaart<\/span><span class=\"btn__icon\"><svg xmlns=\"http:\/\/www.w3.org\/2000\/svg\" width=\"14\" height=\"24\" viewBox=\"0 0 14 24\"><path d=\"M0.710203334,0.469210767 C0.950675478,0.228771278 1.34053138,0.22879775 1.58097087,0.469269894 L12.9149405,11.8047788 C13.1553684,12.0452394 13.1553552,12.4350725 12.9149109,12.6755168 L2.05966799,23.5307597 C1.81921217,23.7712155 1.42935627,23.7712155 1.18890045,23.5307597 C0.948444632,23.2903039 0.948444632,22.9004479 1.18890045,22.6599921 L11.6087371,12.2399791 L0.710144207,1.33997831 C0.477719368,1.1075219 0.46999661,0.735474667 0.686957606,0.493741704 L0.710203334,0.469210767 Z\"><\/path><\/svg><\/span><\/a><\/div><\/div><div class=\"banner__fig\"><img loading=\"lazy\" decoding=\"async\" src=\"https:\/\/innovis.ai\/wp-content\/uploads\/2023\/07\/mapa-sluzeb.jpg\" alt=\"\" width=\"1920\" height=\"898\"\/><\/div><\/div>\n\n\n\n<div class=\"section\">\n<div class=\"heading\"><h2><span class=\"thin\">WAT<\/span>&nbsp;ONZE DESKUNDIGEN <span class=\"thin\">ZEGGEN<\/span><\/h2><\/div>\n\n\n\n<div class=\"quote\"><div class=\"quote__item\"><div class=\"quote__aside\"><div class=\"quote__img\"><img decoding=\"async\" src=\"https:\/\/innovis.ai\/wp-content\/uploads\/2023\/04\/kuliskova.png\" alt=\"\" width=\"106\" height=\"132\" loading=\"lazy\"\/><\/div><\/div><div class=\"quote__main\">\n<p>\u201cMet onze technologie kunnen we&nbsp;de kosten verlagen, de beveiliging verhogen en de dagelijkse werkzaamheden in&nbsp;kantoorgebouwen automatiseren. Tegelijkertijd geven we&nbsp;aan onze klanten belangrijke informatie over&nbsp;het gedrag en de bewegingspatronen van bezoekers van gebouwen. Hierdoor kunnen we&nbsp;weloverwogen beslissingen nemen en maatregelen treffen om alle prestaties van de e bedrijven van onze klanten te verbeteren.\u201d<\/p>\n\n\n\n<p><strong>Kate\u0159ina Kul\u00ed\u0161kov\u00e1 | Business Development Co\u00f6rdinator<\/strong><\/p>\n<\/div><div class=\"quote__arrow\"><\/div><\/div><\/div>\n<\/div>\n\n\n\n<div class=\"light-bg\"><div class=\"section\">\n<div class=\"heading\"><h2><span class=\"thin\">MAAK <\/span><br>een afspraak voor&nbsp;een vrijblijvend adviesgesprek<\/h2><\/div>\n\n\n  <p>* Verplicht veld<\/p>\n  <form id=\"contact-form-wrap\" method=\"post\" data-type=\"contact\" data-email=\"\" novalidate=\"\">\n      <div class=\"contact-form-wrap\">\n          <div class=\"contact-form-wrap-inner\">\n              <div class=\"contact-form-line\">\n                  <div class=\"contact-form-line-full\">\n                      <label for=\"name\">Naam*<\/label>\n                      <input type=\"text\" id=\"contact-form-name\" pattern=\"[A-Za-z]+\" name=\"name\" class=\"input-type-text form-input require\" placeholder=\"Naam\" onfocusout=\"validateName()\" \/>\n\n                      <div id=\"contact-form-name-errors\" class=\"contact-form_errors-box\">\n                          <div id=\"contact-form-error-name_missing\">Vul uw naam in.<\/div>\n                          <div id=\"contact-form-error-name_bad-characters\">Alleen de letters A\u2013Z.<\/div>\n                          <div id=\"contact-form-error-name_count-characters\">Minimaal 2 tekens.<\/div>\n                      <\/div>\n                  <\/div>\n              <\/div>\n\n              <div class=\"contact-form-line\">\n                  <div class=\"contact-form-line-full\">\n                      <label for=\"companyname\">Bedrijfsnaam<\/label>\n                      <input type=\"text\" id=\"contact-form-companyname\" pattern=\"[A-Za-z]+\" name=\"companyname\" class=\"input-type-text form-input\" placeholder=\"Bedrijfsnaam\" onfocusout=\"validateCompanyName()\" \/>\n\n                      <div id=\"contact-form-companyname-errors\" class=\"contact-form_errors-box\">\n                          <div id=\"contact-form-error-companyname_bad-characters\">Alleen de letters A\u2013Z.<\/div>\n                          <div id=\"contact-form-error-companyname_count-characters\">Minimaal 2 tekens.<\/div>\n                      <\/div>\n                  <\/div>\n              <\/div>\n\n              <div class=\"contact-form-line\">\n                  <div class=\"contact-form-line-full\">\n                      <label for=\"name\">Email*<\/label>\n                      <input type=\"email\" id=\"contact-form-email\" name=\"email\" class=\"input-type-email form-input require\" placeholder=\"Email\" onfocusout=\"validateEmail()\" \/>\n                      <div id=\"contact-form-email-errors\" class=\"contact-form_errors-box\">\n                          <div id=\"contact-form-error-email_missing\">Vul uw e-mail in.<\/div>\n                          <div id=\"contact-form-error-email_bad-format\">De E-mail heeft een slecht formaat.<\/div>\n                      <\/div>\n                  <\/div>\n              <\/div>\n\n              <div class=\"contact-form-line\">\n                  <div class=\"contact-form-line-full\">\n                      <label for=\"Phone\">Telefoon*<\/label>\n                      <input type=\"text\" id=\"contact-form-phone\" pattern=\"\\d{9}\" name=\"phone\" class=\"input-type-text form-input require\" placeholder=\"Telefoon\" onfocusout=\"validatePhone()\" \/>\n                      <div id=\"contact-form-phone-errors\" class=\"contact-form_errors-box\">\n                          <div id=\"contact-form-error-phone_missing\">Vul telefoonnummer in.<\/div>\n                          <div id=\"contact-form-error-phone_bad-characters\">Ongeoorloofde tekens.<\/div>\n                          <div id=\"contact-form-error-phone_count-characters\">Alleen 9-cijferig nummer.<\/div>\n                      <\/div>\n                  <\/div>\n              <\/div>\n\n              <div class=\"contact-form-line\">\n                  <div class=\"contact-form-line-full\">\n                      <label for=\"file\">Voeg de bestanden toe<\/label>\n\n                      <div class=\"file-upload\">\n                          <input type=\"file\" name=\"file\" id=\"file\" class=\"inputfile\" data-multiple-caption=\"{count} files selected\" multiple=\"\" placeholder=\"Geen bestand geselecteerd\">\n\n                              <label for=\"file\" class=\"btn btn--secondary\">\n                                  <span class=\"btn__txt\">Bijlage uploaden<\/span>\n                                  <span class=\"btn__icon\">\n                                      <svg xmlns=\"http:\/\/www.w3.org\/2000\/svg\" viewBox=\"0 0 24 24\" width=\"16\" height=\"16\"><path d=\"M4 19H20V12H22V20C22 20.5523 21.5523 21 21 21H3C2.44772 21 2 20.5523 2 20V12H4V19ZM13 9V16H11V9H6L12 3L18 9H13Z\"><\/path><\/svg>\n                                  <\/span>\n                              <\/label>\n                      <\/div>\n                  <\/div>\n              <\/div>\n\n              <div class=\"contact-form-line\">\n                  <div class=\"contact-form-line-full\">\n                      <label for=\"name\">Bericht*<\/label>\n                      <textarea name=\"message\" id=\"contact-form-message\" pattern=\"[A-Za-z0-9]+\" class=\"form-input require\" placeholder=\"Schrijf een bericht..\" onfocusout=\"validateMessage()\"><\/textarea>\n                      <div id=\"contact-form-message-errors\" class=\"contact-form_errors-box\">\n                          <div id=\"contact-form-error-message_missing\">Het bericht moet minimaal 10 tekens bevatten<\/div>\n                      <\/div>\n                  <\/div>\n              <\/div>\n\n              <div class=\"contact-form-line\">\n                  <div class=\"contact-form-line-full contact-form-terms\">\n                      <input type=\"checkbox\" name=\"terms\" class=\"input-type-terms form-input require\" id=\"contact-form-terms\" \/>\n                      <label for=\"name\">Ik ga akkoord met&nbsp;<a href=\"https:\/\/innovis.ai\/nl\/informace-o-zpracovani-osobnich-udaju\/\" target=\"_blank\"> de verwerking van persoonsgegevens<\/a><\/label>\n                  <\/div>\n\n                  <div id=\"contact-form-term-errors\" class=\"contact-form_errors-box\">\n                      <div id=\"contact-form-error-terms_missing\">U moet akkoord gaan met&nbsp;de verwerking van persoonsgegevens<\/div>\n                  <\/div>\n              <\/div>\n\n               <div class=\"contact-form-line captcha\">\n                  <div class=\"g-recaptcha\" id=\"contact-form-captcha\"\n                    data-sitekey=\"6Lf0FWIpAAAAALyo7t7ZoM4Mkn4PQjBjp0-cODtw\"><\/div>\n\n                  <div id=\"contact-form-term-errors\" class=\"contact-form_errors-box\">\n                      <div id=\"contact-form-error-captcha_missing\">Pros\u00edm ov\u011b\u0159te, \u017ee&nbsp;nejste robot!<\/div>\n                  <\/div>\n              <\/div>\n\n              <div class=\"contact-form-line\" id=\"error-response\" style=\"display:none\"><\/div>\n              <div class=\"contact-form-line\" id=\"success-response\" style=\"display:none\">\n                  Het formulier is succesvol verzonden.              <\/div>\n\n\n              <div class=\"contact-form-line\">\n                  <div class=\"contact-form-line-full contact-form-send-containter\" \/>\n                  <span id=\"send-message\">\n                      <button type=\"submit\" class=\"btn btn--secondary\">\n                          <span class=\"btn__txt\">Verzenden<\/span>\n                          <span class=\"btn__icon\">\n                              <svg xmlns=\"http:\/\/www.w3.org\/2000\/svg\" width=\"40\" height=\"40\" viewBox=\"0 0 40 40\"><g transform=\"translate(11.5 13.456)\"><path d=\"M10.1478819 6.144593C10.3409094 5.95160773 10.6538346 5.95164197 10.8468199 6.14466946L16.4933263 11.7924115C16.6863116 11.985439 16.6862774 12.2983642 16.4932499 12.4913494 16.3002224 12.6843347 15.9872972 12.6843005 15.7943119 12.491273L10.1478055 6.84353094C9.95482019 6.65050345 9.95485442 6.33757827 10.1478819 6.144593ZM6.14710235 6.14463123C6.34010873 5.95162485 6.65303391 5.95162485 6.84604029 6.14463123 7.03904668 6.33763762 7.03904668 6.65056279 6.84604029 6.84356918L1.1216936 12.5679159C.928687213 12.7609223.615762036 12.7609223.422755653 12.5679159.229749269 12.3749095.229749269 12.0619843.422755653 11.8689779L6.14710235 6.14463123Z\"><\/path><path d=\"M15.8697193,0.420284534 C16.0627256,0.22727815 16.3756508,0.22727815 16.5686572,0.420284534 C16.7616636,0.613290918 16.7616636,0.926216094 16.5686572,1.11922248 L9.51049321,8.17738549 C8.95048985,8.73927438 8.041572,8.73927438 7.48024036,8.17794274 L0.422725066,1.11919189 C0.229735576,0.926168612 0.229762966,0.613243437 0.422786242,0.420253947 C0.615809519,0.227264457 0.928734694,0.227291847 1.12172418,0.420315123 L8.17920889,7.47903538 C8.35430123,7.65412773 8.63646264,7.65412773 8.81096842,7.47903538 L15.8697193,0.420284534 Z\"><\/path><path d=\"M15.5532217,4.54747351e-13 L1.43572002,4.54747351e-13 C0.642597269,4.54747351e-13 0,0.642597269 0,1.43572002 L0,11.5537159 C0,12.3459297 0.642923363,12.989436 1.43572002,12.989436 L15.5532217,12.989436 C16.3460184,12.989436 16.9889417,12.3459297 16.9889417,11.5537159 L16.9889417,1.43572002 C16.9889417,0.642597269 16.3463445,4.54747351e-13 15.5532217,4.54747351e-13 Z M15.5532217,0.98844752 C15.80044,0.98844752 16.0004942,1.18850176 16.0004942,1.43572002 L16.0004942,11.5537159 C16.0004942,11.8002256 15.7999133,12.0009884 15.5532217,12.0009884 L1.43572002,12.0009884 C1.18902847,12.0009884 0.98844752,11.8002256 0.98844752,11.5537159 L0.98844752,1.43572002 C0.98844752,1.18850176 1.18850176,0.98844752 1.43572002,0.98844752 L15.5532217,0.98844752 Z\"><\/path><\/g><\/svg>\n                          <\/span>\n                      <\/button>\n                  <\/span>\n              <\/div>\n          <\/div>\n      <\/div>\n  <\/div>\n  <\/form>\n\n  <\/div><\/div>\n","protected":false},"excerpt":{"rendered":"","protected":false},"author":7,"featured_media":0,"parent":0,"menu_order":0,"comment_status":"closed","ping_status":"closed","template":"","meta":{"_acf_changed":false,"inline_featured_image":false,"footnotes":""},"class_list":["post-5434","page","type-page","status-publish","hentry"],"acf":[],"_links":{"self":[{"href":"https:\/\/innovis.ai\/nl\/wp-json\/wp\/v2\/pages\/5434","targetHints":{"allow":["GET"]}}],"collection":[{"href":"https:\/\/innovis.ai\/nl\/wp-json\/wp\/v2\/pages"}],"about":[{"href":"https:\/\/innovis.ai\/nl\/wp-json\/wp\/v2\/types\/page"}],"author":[{"embeddable":true,"href":"https:\/\/innovis.ai\/nl\/wp-json\/wp\/v2\/users\/7"}],"replies":[{"embeddable":true,"href":"https:\/\/innovis.ai\/nl\/wp-json\/wp\/v2\/comments?post=5434"}],"version-history":[{"count":2,"href":"https:\/\/innovis.ai\/nl\/wp-json\/wp\/v2\/pages\/5434\/revisions"}],"predecessor-version":[{"id":6730,"href":"https:\/\/innovis.ai\/nl\/wp-json\/wp\/v2\/pages\/5434\/revisions\/6730"}],"wp:attachment":[{"href":"https:\/\/innovis.ai\/nl\/wp-json\/wp\/v2\/media?parent=5434"}],"curies":[{"name":"wp","href":"https:\/\/api.w.org\/{rel}","templated":true}]}}