{"id":5243,"date":"2023-07-26T19:40:20","date_gmt":"2023-07-26T19:40:20","guid":{"rendered":"http:\/\/innovis.dev8.kancl.goodsailors.cz\/?page_id=5243"},"modified":"2024-01-22T11:03:54","modified_gmt":"2024-01-22T11:03:54","slug":"kariera","status":"publish","type":"page","link":"https:\/\/innovis.ai\/pl\/kariera\/","title":{"rendered":"Kariera"},"content":{"rendered":"\n<div class=\"hero\"><div class=\"hero__main\"><div class=\"hero__article hero__article--midi\"><h1><br>DO\u0141\u0104CZ DO&nbsp;NASZEGO ZESPO\u0141U WYJ\u0104TKOWYCH TALENT\u00d3W<\/h1><p><br>W INNOVIS zdajemy sobie spraw\u0119, \u017ce odpowiedni ludzie s\u0105 podstaw\u0105 sukcesu. Wiedza, pasja i&nbsp;zaanga\u017cowanie naszego zespo\u0142u s\u0105 tym, co nas nap\u0119dza. Zawsze szukamy utalentowanych os\u00f3b &#8211; zr\u00f3b pierwszy krok i&nbsp;odkryj mo\u017cliwo\u015bci kariery w&nbsp;INNOVIS!<\/p><\/div><\/div><div class=\"hero__fig is-dark\"><img loading=\"lazy\" decoding=\"async\" src=\"http:\/\/innovis.ai\/wp-content\/uploads\/2023\/07\/join-us.jpg\" alt=\"\" width=\"1920\" height=\"898\"\/><\/div><\/div>\n\n\n\n<div class=\"section\"><div class=\"entry\"><div class=\"heading heading--small\"><h2>DLACZEGO INNOVIS?<\/h2><\/div><p>W INNOVIS cenimy naszych pracownik\u00f3w. Bez&nbsp;ich wiedzy, entuzjazmu i&nbsp;wysi\u0142k\u00f3w nie mogliby\u015bmy osi\u0105gn\u0105\u0107 naszych cel\u00f3w. Wspieramy \u015brodowisko, w&nbsp;kt\u00f3rym ka\u017cdy ma warto\u015bci\u0105 prac\u0119 i&nbsp;mo\u017cliwo\u015bci rozwoju kariery. Do\u0142\u0105cz do&nbsp;nas i&nbsp;sta\u0144 si\u0119 wa\u017cn\u0105 cz\u0119\u015bci\u0105 naszego dynamicznego zespo\u0142u.<\/p><\/div><\/div>\n\n\n\n<div class=\"talent\"><div class=\"talent__section\"><div class=\"talent__main\"><div class=\"heading heading--small\"><h2>SZUKAMY R\u00d3\u017bNORODNYCH TALENT\u00d3W<\/h2><\/div>\n<p>Poszukujemy absolwent\u00f3w, m\u0142odych i&nbsp;do\u015bwiadczonych profesjonalist\u00f3w, kt\u00f3rzy dbaj\u0105 o&nbsp;szczeg\u00f3\u0142y, s\u0105 kreatywni i&nbsp;zorientowani na&nbsp;obs\u0142ug\u0119 klienta. Razem zapewniamy wyj\u0105tkow\u0105 obs\u0142ug\u0119 naszych klient\u00f3w.<\/p>\n\n\n\n<p><strong>Kultura firmy:<\/strong><br>budujemy kultur\u0119 firmy opart\u0105 na&nbsp;autonomii i&nbsp;elastycznym rozwoju. Rozwijamy si\u0119 w&nbsp;dynamicznym \u015brodowisku i&nbsp;szybko dostosowujemy si\u0119 do&nbsp;nowych sytuacji. Ka\u017cdy cz\u0142onek zespo\u0142u wnosi unikaln\u0105 kombinacj\u0119 umiej\u0119tno\u015bci, do\u015bwiadczenia i&nbsp;wiedzy, kt\u00f3re przyczyniaj\u0105 si\u0119 do&nbsp;naszego wsp\u00f3lnego sukcesu.<\/p>\n<\/div><div class=\"talent__fig\"><img decoding=\"async\" src=\"http:\/\/innovis.ai\/wp-content\/uploads\/2023\/07\/talent.png\" alt=\"\" width=\"1250\" height=\"897\" loading=\"lazy\"\/><\/div><\/div><\/div>\n\n\n\n<div class=\"light-bg\"><div class=\"section\">\n<div class=\"heading heading--small\"><h2>WYRUSZ W&nbsp;PODR\u00d3\u017b Z&nbsp;INNOVIS<\/h2><\/div><article class=\"article\">\n<p>Sprawd\u017a nasze aktualne oferty pracy. Do\u0142\u0105cz do&nbsp;nas i&nbsp;we\u017a udzia\u0142 w&nbsp;tworzeniu technologii przysz\u0142o\u015bci.<\/p>\n\n\n\n<p>Wype\u0142nij formularz kontaktowy i&nbsp;napisz kr\u00f3tk\u0105 wiadomo\u015b\u0107 o&nbsp;tym, dlaczego pasujesz do&nbsp;naszego zespo\u0142u. Czekamy na&nbsp;wiadomo\u015b\u0107 od&nbsp;Ciebie.<\/p>\n<\/article>\n\n\n  <p>* Wymagane pole<\/p>\n  <form id=\"contact-form-wrap\" method=\"post\" data-type=\"contact\" data-email=\"\" novalidate=\"\">\n      <div class=\"contact-form-wrap\">\n          <div class=\"contact-form-wrap-inner\">\n              <div class=\"contact-form-line\">\n                  <div class=\"contact-form-line-full\">\n                      <label for=\"name\">Imi\u0119 i&nbsp;nazwisko*<\/label>\n                      <input type=\"text\" id=\"contact-form-name\" pattern=\"[A-Za-z]+\" name=\"name\" class=\"input-type-text form-input require\" placeholder=\"Imi\u0119 i nazwisko\" onfocusout=\"validateName()\" \/>\n\n                      <div id=\"contact-form-name-errors\" class=\"contact-form_errors-box\">\n                          <div id=\"contact-form-error-name_missing\">Wpisz swoje imi\u0119 i&nbsp;nazwisko. <\/div>\n                          <div id=\"contact-form-error-name_bad-characters\">Tylko litery A-Z.<\/div>\n                          <div id=\"contact-form-error-name_count-characters\">Minimum 2 znaki.<\/div>\n                      <\/div>\n                  <\/div>\n              <\/div>\n\n              <div class=\"contact-form-line\">\n                  <div class=\"contact-form-line-full\">\n                      <label for=\"companyname\">Nazwa firmy<\/label>\n                      <input type=\"text\" id=\"contact-form-companyname\" pattern=\"[A-Za-z]+\" name=\"companyname\" class=\"input-type-text form-input\" placeholder=\"Nazwa firmy\" onfocusout=\"validateCompanyName()\" \/>\n\n                      <div id=\"contact-form-companyname-errors\" class=\"contact-form_errors-box\">\n                          <div id=\"contact-form-error-companyname_bad-characters\">Tylko litery A-Z.<\/div>\n                          <div id=\"contact-form-error-companyname_count-characters\">Minimum 2 znaki.<\/div>\n                      <\/div>\n                  <\/div>\n              <\/div>\n\n              <div class=\"contact-form-line\">\n                  <div class=\"contact-form-line-full\">\n                      <label for=\"name\">E-mail*<\/label>\n                      <input type=\"email\" id=\"contact-form-email\" name=\"email\" class=\"input-type-email form-input require\" placeholder=\"E-mail\" onfocusout=\"validateEmail()\" \/>\n                      <div id=\"contact-form-email-errors\" class=\"contact-form_errors-box\">\n                          <div id=\"contact-form-error-email_missing\">Wpisz sw\u00f3j adres e-mail.<\/div>\n                          <div id=\"contact-form-error-email_bad-format\">Adres e-mail ma nieprawid\u0142owy format.<\/div>\n                      <\/div>\n                  <\/div>\n              <\/div>\n\n              <div class=\"contact-form-line\">\n                  <div class=\"contact-form-line-full\">\n                      <label for=\"Phone\">Telefon*<\/label>\n                      <input type=\"text\" id=\"contact-form-phone\" pattern=\"\\d{9}\" name=\"phone\" class=\"input-type-text form-input require\" placeholder=\"Telefon\" onfocusout=\"validatePhone()\" \/>\n                      <div id=\"contact-form-phone-errors\" class=\"contact-form_errors-box\">\n                          <div id=\"contact-form-error-phone_missing\">Wpisz sw\u00f3j numer telefonu.<\/div>\n                          <div id=\"contact-form-error-phone_bad-characters\">Niedozwolone znaki.<\/div>\n                          <div id=\"contact-form-error-phone_count-characters\">Tylko 9-cyfrowy numer.<\/div>\n                      <\/div>\n                  <\/div>\n              <\/div>\n\n              <div class=\"contact-form-line\">\n                  <div class=\"contact-form-line-full\">\n                      <label for=\"file\">Za\u0142\u0105cz pliki<\/label>\n\n                      <div class=\"file-upload\">\n                          <input type=\"file\" name=\"file\" id=\"file\" class=\"inputfile\" data-multiple-caption=\"{count} files selected\" multiple=\"\" placeholder=\"Plik nie zosta\u0142 wybrany\">\n\n                              <label for=\"file\" class=\"btn btn--secondary\">\n                                  <span class=\"btn__txt\">DODAJ ZA\u0141\u0104CZNIK<\/span>\n                                  <span class=\"btn__icon\">\n                                      <svg xmlns=\"http:\/\/www.w3.org\/2000\/svg\" viewBox=\"0 0 24 24\" width=\"16\" height=\"16\"><path d=\"M4 19H20V12H22V20C22 20.5523 21.5523 21 21 21H3C2.44772 21 2 20.5523 2 20V12H4V19ZM13 9V16H11V9H6L12 3L18 9H13Z\"><\/path><\/svg>\n                                  <\/span>\n                              <\/label>\n                      <\/div>\n                  <\/div>\n              <\/div>\n\n              <div class=\"contact-form-line\">\n                  <div class=\"contact-form-line-full\">\n                      <label for=\"name\">Wiadomo\u015b\u0107*<\/label>\n                      <textarea name=\"message\" id=\"contact-form-message\" pattern=\"[A-Za-z0-9]+\" class=\"form-input require\" placeholder=\"Wpisz wiadomo\u015b\u0107..\" onfocusout=\"validateMessage()\"><\/textarea>\n                      <div id=\"contact-form-message-errors\" class=\"contact-form_errors-box\">\n                          <div id=\"contact-form-error-message_missing\">Wiadomo\u015b\u0107 musi zawiera\u0107 co najmniej 10 znak\u00f3w<\/div>\n                      <\/div>\n                  <\/div>\n              <\/div>\n\n              <div class=\"contact-form-line\">\n                  <div class=\"contact-form-line-full contact-form-terms\">\n                      <input type=\"checkbox\" name=\"terms\" class=\"input-type-terms form-input require\" id=\"contact-form-terms\" \/>\n                      <label for=\"name\">Wyra\u017cam zgod\u0119 na&nbsp;<a href=\"https:\/\/innovis.ai\/pl\/informace-o-zpracovani-osobnich-udaju\/\" target=\"_blank\"> przetwarzanie danych osobowych<\/a><\/label>\n                  <\/div>\n\n                  <div id=\"contact-form-term-errors\" class=\"contact-form_errors-box\">\n                      <div id=\"contact-form-error-terms_missing\">Musisz wyrazi\u0107 zgod\u0119 na&nbsp;przetwarzanie danych osobowych<\/div>\n                  <\/div>\n              <\/div>\n\n               <div class=\"contact-form-line captcha\">\n                  <div class=\"g-recaptcha\" id=\"contact-form-captcha\"\n                    data-sitekey=\"6Lf0FWIpAAAAALyo7t7ZoM4Mkn4PQjBjp0-cODtw\"><\/div>\n\n                  <div id=\"contact-form-term-errors\" class=\"contact-form_errors-box\">\n                      <div id=\"contact-form-error-captcha_missing\">Pros\u00edm ov\u011b\u0159te, \u017ee&nbsp;nejste robot!<\/div>\n                  <\/div>\n              <\/div>\n\n              <div class=\"contact-form-line\" id=\"error-response\" style=\"display:none\"><\/div>\n              <div class=\"contact-form-line\" id=\"success-response\" style=\"display:none\">\n                  Formularz zosta\u0142 pomy\u015blnie przes\u0142any.              <\/div>\n\n\n              <div class=\"contact-form-line\">\n                  <div class=\"contact-form-line-full contact-form-send-containter\" \/>\n                  <span id=\"send-message\">\n                      <button type=\"submit\" class=\"btn btn--secondary\">\n                          <span class=\"btn__txt\">WY\u015aLIJ<\/span>\n                          <span class=\"btn__icon\">\n                              <svg xmlns=\"http:\/\/www.w3.org\/2000\/svg\" width=\"40\" height=\"40\" viewBox=\"0 0 40 40\"><g transform=\"translate(11.5 13.456)\"><path d=\"M10.1478819 6.144593C10.3409094 5.95160773 10.6538346 5.95164197 10.8468199 6.14466946L16.4933263 11.7924115C16.6863116 11.985439 16.6862774 12.2983642 16.4932499 12.4913494 16.3002224 12.6843347 15.9872972 12.6843005 15.7943119 12.491273L10.1478055 6.84353094C9.95482019 6.65050345 9.95485442 6.33757827 10.1478819 6.144593ZM6.14710235 6.14463123C6.34010873 5.95162485 6.65303391 5.95162485 6.84604029 6.14463123 7.03904668 6.33763762 7.03904668 6.65056279 6.84604029 6.84356918L1.1216936 12.5679159C.928687213 12.7609223.615762036 12.7609223.422755653 12.5679159.229749269 12.3749095.229749269 12.0619843.422755653 11.8689779L6.14710235 6.14463123Z\"><\/path><path d=\"M15.8697193,0.420284534 C16.0627256,0.22727815 16.3756508,0.22727815 16.5686572,0.420284534 C16.7616636,0.613290918 16.7616636,0.926216094 16.5686572,1.11922248 L9.51049321,8.17738549 C8.95048985,8.73927438 8.041572,8.73927438 7.48024036,8.17794274 L0.422725066,1.11919189 C0.229735576,0.926168612 0.229762966,0.613243437 0.422786242,0.420253947 C0.615809519,0.227264457 0.928734694,0.227291847 1.12172418,0.420315123 L8.17920889,7.47903538 C8.35430123,7.65412773 8.63646264,7.65412773 8.81096842,7.47903538 L15.8697193,0.420284534 Z\"><\/path><path d=\"M15.5532217,4.54747351e-13 L1.43572002,4.54747351e-13 C0.642597269,4.54747351e-13 0,0.642597269 0,1.43572002 L0,11.5537159 C0,12.3459297 0.642923363,12.989436 1.43572002,12.989436 L15.5532217,12.989436 C16.3460184,12.989436 16.9889417,12.3459297 16.9889417,11.5537159 L16.9889417,1.43572002 C16.9889417,0.642597269 16.3463445,4.54747351e-13 15.5532217,4.54747351e-13 Z M15.5532217,0.98844752 C15.80044,0.98844752 16.0004942,1.18850176 16.0004942,1.43572002 L16.0004942,11.5537159 C16.0004942,11.8002256 15.7999133,12.0009884 15.5532217,12.0009884 L1.43572002,12.0009884 C1.18902847,12.0009884 0.98844752,11.8002256 0.98844752,11.5537159 L0.98844752,1.43572002 C0.98844752,1.18850176 1.18850176,0.98844752 1.43572002,0.98844752 L15.5532217,0.98844752 Z\"><\/path><\/g><\/svg>\n                          <\/span>\n                      <\/button>\n                  <\/span>\n              <\/div>\n          <\/div>\n      <\/div>\n  <\/div>\n  <\/form>\n\n  <\/div><\/div>\n","protected":false},"excerpt":{"rendered":"","protected":false},"author":7,"featured_media":0,"parent":0,"menu_order":0,"comment_status":"closed","ping_status":"closed","template":"","meta":{"_acf_changed":false,"inline_featured_image":false,"footnotes":""},"class_list":["post-5243","page","type-page","status-publish","hentry"],"acf":[],"_links":{"self":[{"href":"https:\/\/innovis.ai\/pl\/wp-json\/wp\/v2\/pages\/5243","targetHints":{"allow":["GET"]}}],"collection":[{"href":"https:\/\/innovis.ai\/pl\/wp-json\/wp\/v2\/pages"}],"about":[{"href":"https:\/\/innovis.ai\/pl\/wp-json\/wp\/v2\/types\/page"}],"author":[{"embeddable":true,"href":"https:\/\/innovis.ai\/pl\/wp-json\/wp\/v2\/users\/7"}],"replies":[{"embeddable":true,"href":"https:\/\/innovis.ai\/pl\/wp-json\/wp\/v2\/comments?post=5243"}],"version-history":[{"count":1,"href":"https:\/\/innovis.ai\/pl\/wp-json\/wp\/v2\/pages\/5243\/revisions"}],"predecessor-version":[{"id":5246,"href":"https:\/\/innovis.ai\/pl\/wp-json\/wp\/v2\/pages\/5243\/revisions\/5246"}],"wp:attachment":[{"href":"https:\/\/innovis.ai\/pl\/wp-json\/wp\/v2\/media?parent=5243"}],"curies":[{"name":"wp","href":"https:\/\/api.w.org\/{rel}","templated":true}]}}