{"id":5249,"date":"2023-03-13T21:29:09","date_gmt":"2023-03-13T21:29:09","guid":{"rendered":"http:\/\/innovis.dev8.kancl.goodsailors.cz\/?page_id=5249"},"modified":"2024-02-28T07:57:58","modified_gmt":"2024-02-28T07:57:58","slug":"informacje-o-przetwarzaniu-danych-osobowych","status":"publish","type":"page","link":"https:\/\/innovis.ai\/pl\/informacje-o-przetwarzaniu-danych-osobowych\/","title":{"rendered":"Informacje o&nbsp;przetwarzaniu danych osobowych"},"content":{"rendered":"\n<div class=\"section\">\n<div class=\"headline\"><h1>Informacje o&nbsp;przetwarzaniu danych osobowych<\/h1><\/div>\n\n\n\n<p>zgodnie z&nbsp;rozporz\u0105dzeniem Parlamentu Europejskiego i&nbsp;Rady (UE) 2016\/679, og\u00f3lne rozporz\u0105dzenie o&nbsp;ochronie danych (RODO)<\/p>\n\n\n\n<p>Drogi odwiedzaj\u0105cy stron\u0119 internetow\u0105 Grupy Mark2 Corporation (zwanej dalej M2C), dzi\u0119kujemy za&nbsp;zainteresowanie naszymi dzia\u0142aniami i&nbsp;us\u0142ugami. Aby&nbsp;zapewni\u0107, \u017ce jeste\u015b w&nbsp;pe\u0142ni poinformowany, chcieliby\u015bmy przekaza\u0107 Ci informacje dotycz\u0105ce danych, kt\u00f3re s\u0105 gromadzone podczas odwiedzania naszej strony internetowej oraz&nbsp;w&nbsp;jakim celu i&nbsp;w&nbsp;jaki spos\u00f3b s\u0105 one przetwarzane.<\/p>\n\n\n\n<h2 class=\"wp-block-heading\">Podstawowe informacje o&nbsp;przetwarzaniu danych osobowych:<\/h2>\n\n\n\n<p>Administratorem danych osobowych gromadzonych w&nbsp;zwi\u0105zku z&nbsp;wizyt\u0105 u\u017cytkownika na&nbsp;naszej stronie internetowej jeste\u015bmy my, Mark2 Corporation Czech a.s., nr identyfikacyjny: 257&nbsp;19&nbsp;751, z&nbsp;siedzib\u0105 pod&nbsp;adresem Pod&nbsp;vi\u0161\u0148ovkou 1622\/23, 140&nbsp;00 Praga 4. Mo\u017cna si\u0119 z&nbsp;nami skontaktowa\u0107 pod&nbsp;adresem Mark2 Corporation Czech a.s., Vladislavova 17, 110&nbsp;00 Praga 1.<\/p>\n\n\n\n<p>Poniewa\u017c wymaga tego zakres naszej pozosta\u0142ej dzia\u0142alno\u015bci, wyznaczyli\u015bmy r\u00f3wnie\u017c inspektora ochrony danych. Mo\u017cesz r\u00f3wnie\u017c z&nbsp;niego skorzysta\u0107:<br><em>Kontakt z&nbsp;inspektorem ochrony danych:\u00a0<\/em><a href=\"https:\/\/web.archive.org\/web\/20230326092528\/mailto:cz.dpo@m2c.eu\" target=\"_blank\" rel=\"noopener\"><em>cz.dpo@m2c.eu<\/em><\/a><em>.<\/em><\/p>\n\n\n\n<p>Twoje imi\u0119 i&nbsp;nazwisko, adres i&nbsp;inne dane kontaktowe nie s\u0105 rejestrowane, chyba \u017ce sam nam je przeka\u017cesz za&nbsp;po\u015brednictwem jednego z&nbsp;formularzy znajduj\u0105cych si\u0119 na&nbsp;naszej stronie internetowej. W&nbsp;szczeg\u00f3lno\u015bci rejestrujemy nast\u0119puj\u0105ce dane, gdy u\u017cytkownik nas odwiedza:<\/p>\n\n\n\n<p>Gdy u\u017cytkownik odwiedza nasz\u0105 stron\u0119 internetow\u0105, nasze serwery internetowe tymczasowo przechowuj\u0105 dane po\u0142\u0105czenia urz\u0105dzenia pytaj\u0105cego.<\/p>\n\n\n\n<ul class=\"wp-block-list\">\n<li>Data i&nbsp;godzina wizyty na&nbsp;naszej stronie internetowej,<\/li>\n\n\n\n<li>odwiedzana witryna,<\/li>\n\n\n\n<li>informacje o&nbsp;typie przegl\u0105darki i&nbsp;systemie operacyjnym,<\/li>\n\n\n\n<li>stron\u0119 internetow\u0105, za&nbsp;po\u015brednictwem kt\u00f3rej u\u017cytkownik odwiedzi\u0142 nasz\u0105 witryn\u0119.<\/li>\n<\/ul>\n\n\n\n<p>W przypadku przetwarzania przez inne narz\u0119dzia internetowe, przetwarzane mog\u0105 by\u0107 r\u00f3wnie\u017c inne dane; ich zakres jest w\u00f3wczas okre\u015blony w&nbsp;indywidualnych informacjach dla danego narz\u0119dzia internetowego.<\/p>\n\n\n\n<p>Przetwarzanie zebranych danych osobowych odbywa si\u0119 na&nbsp;podstawie konieczno\u015bci do&nbsp;cel\u00f3w wynikaj\u0105cych z&nbsp;naszych uzasadnionych interes\u00f3w, kt\u00f3rymi s\u0105 bezpiecze\u0144stwo systemu, administracja techniczna i&nbsp;optymalizacja dzia\u0142ania naszej strony internetowej i&nbsp;jej wyszukiwania, a&nbsp;tak\u017ce na&nbsp;podstawie zgody u\u017cytkownika wynikaj\u0105cej z&nbsp;ustawie\u0144 przegl\u0105darki do&nbsp;cel\u00f3w zaawansowanej oferty naszych us\u0142ug i&nbsp;oceny statystyk ruchu.&nbsp; &nbsp;<\/p>\n\n\n\n<p>Czas przechowywania danych osobowych wygenerowanych podczas wizyty jest okre\u015blony przez indywidualne cele ich przetwarzania, ale&nbsp;zawsze tylko przez czas absolutnie niezb\u0119dny.&nbsp;<\/p>\n\n\n\n<p>Nie przekazujemy danych osobowych do&nbsp;pa\u0144stw trzecich ani&nbsp;innych odbiorc\u00f3w, z&nbsp;wyj\u0105tkiem naszych zewn\u0119trznych podmiot\u00f3w przetwarzaj\u0105cych, z&nbsp;kt\u00f3rych korzystamy w&nbsp;celu zapewnienia bezpiecze\u0144stwa systemu, administracji technicznej i&nbsp;obs\u0142ugi naszej strony internetowej oraz&nbsp;reklam online. Zobowi\u0105zujemy r\u00f3wnie\u017c te podmioty przetwarzaj\u0105ce do&nbsp;przestrzegania wszystkich zasad przetwarzania danych i&nbsp;zachowania poufno\u015bci.<\/p>\n\n\n\n<h2 class=\"wp-block-heading\"><strong>Prawa u\u017cytkownika jako&nbsp;osoby, kt\u00f3rej dane dotycz\u0105<\/strong><\/h2>\n\n\n\n<p>Jako osoba, kt\u00f3rej dane dotycz\u0105, masz prawo dost\u0119pu do&nbsp;swoich danych osobowych przetwarzanych przez nas jako&nbsp;administratora. U\u017cytkownik ma prawo za\u017c\u0105da\u0107 sprostowania, sprzeciwi\u0107 si\u0119 przetwarzaniu lub&nbsp;za\u017c\u0105da\u0107 ograniczenia przetwarzania, je\u015bli stwierdzi, \u017ce dane s\u0105 nieprawid\u0142owe lub&nbsp;przetwarzane z&nbsp;naruszeniem prawa. W&nbsp;niekt\u00f3rych przypadkach u\u017cytkownik mo\u017ce r\u00f3wnie\u017c za\u017c\u0105da\u0107 od&nbsp;nas dostarczenia danych osobowych w&nbsp;ustrukturyzowanym, powszechnie u\u017cywanym i&nbsp;nadaj\u0105cym si\u0119 do&nbsp;odczytu maszynowego formacie oraz&nbsp;przekazania ich innemu administratorowi. U\u017cytkownik ma prawo nie podlega\u0107 decyzji opartej wy\u0142\u0105cznie na&nbsp;zautomatyzowanej decyzji bez&nbsp;udzia\u0142u cz\u0142owieka. U\u017cytkownik mo\u017ce skorzysta\u0107 ze&nbsp;wszystkich swoich praw, kontaktuj\u0105c si\u0119 z&nbsp;inspektorem ochrony danych pod&nbsp;adresem e-mail podanym powy\u017cej lub&nbsp;pisz\u0105c do&nbsp;naszego administratora danych.<\/p>\n\n\n\n<p>Przetwarzaj\u0105c powy\u017csze dane osobowe, zawsze zapewniamy zgodno\u015b\u0107 z&nbsp;podstawowymi zasadami art. 6 RODO. Bezpiecze\u0144stwo danych osobowych zapewniaj\u0105 \u015brodki organizacyjne i&nbsp;techniczne podj\u0119te zgodnie z&nbsp;przepisami prawa w&nbsp;celu zapewnienia, \u017ce nie dojdzie do&nbsp;przypadkowego lub&nbsp;niezgodnego z&nbsp;prawem zniszczenia, utraty, zmiany, nieuprawnionego ujawnienia lub&nbsp;uzyskania dost\u0119pu do&nbsp;danych osobowych przesy\u0142anych, przechowywanych lub&nbsp;przetwarzanych w&nbsp;inny spos\u00f3b. Wszyscy nasi pracownicy s\u0105 zobowi\u0105zani do&nbsp;zachowania poufno\u015bci w&nbsp;odniesieniu do&nbsp;fakt\u00f3w, kt\u00f3re odkryli w&nbsp;trakcie swojej pracy. Witryna korzysta z&nbsp;bezpiecznej komunikacji (protok\u00f3\u0142 HTTPS).<\/p>\n\n\n\n<p>Je\u015bli uwa\u017casz, \u017ce przetwarzanie danych osobowych narusza RODO, masz prawo z\u0142o\u017cy\u0107 skarg\u0119 do&nbsp;Urz\u0119du Ochrony Danych Osobowych pod&nbsp;adresem Pplk. Sochora 27, 170&nbsp;00 Praga 7, Republika Czeska.<\/p>\n\n\n\n<h2 class=\"wp-block-heading\"><strong>Korzystanie z&nbsp;plik\u00f3w cookie<\/strong><\/h2>\n\n\n\n<p>Nasza strona internetowa wykorzystuje pliki cookie, kt\u00f3re s\u0105 ma\u0142ymi plikami tekstowymi przechowywanymi na&nbsp;komputerze u\u017cytkownika przez niekt\u00f3re strony internetowe. Celem umieszczania plik\u00f3w cookie na&nbsp;naszej stronie internetowej jest usprawnienie korzystania z&nbsp;naszej strony internetowej, zwi\u0119kszenie komfortu u\u017cytkownika i&nbsp;wydajno\u015bci, tj.&nbsp;zapewnienie optymalnego korzystania z&nbsp;naszej strony internetowej. Zawarto\u015b\u0107 pliku cookie jest ograniczona do&nbsp;numeru identyfikacyjnego; dane osobowe, takie jak imi\u0119 i&nbsp;nazwisko, adres IP itp. nie b\u0119d\u0105 przechowywane za&nbsp;jego po\u015brednictwem.<\/p>\n\n\n\n<p>U\u017cytkownik mo\u017ce korzysta\u0107 z&nbsp;naszej witryny bez&nbsp;plik\u00f3w cookie, wy\u0142\u0105czaj\u0105c je w&nbsp;przegl\u0105darce, ograniczaj\u0105c pliki cookie do&nbsp;okre\u015blonych witryn lub&nbsp;otrzymuj\u0105c powiadomienie o&nbsp;wys\u0142aniu pliku cookie. Mo\u017cliwe jest r\u00f3wnie\u017c usuni\u0119cie plik\u00f3w cookie z&nbsp;komputera lub&nbsp;innego urz\u0105dzenia ko\u0144cowego. Ograniczaj\u0105c korzystanie z&nbsp;plik\u00f3w cookie przez nasz\u0105 witryn\u0119, nale\u017cy jednak spodziewa\u0107 si\u0119 ograniczonej prezentacji strony i&nbsp;ograniczonych instrukcji dla u\u017cytkownika.<\/p>\n\n\n\n<h2 class=\"wp-block-heading\"><strong>\u0141\u0105cza do&nbsp;sieci spo\u0142eczno\u015bciowych<\/strong><\/h2>\n\n\n\n<p>Korzystaj\u0105c z&nbsp;link\u00f3w do&nbsp;sieci spo\u0142eczno\u015bciowych &#8211; np. Facebook, Twitter, Google Plus&nbsp;itp. &#8211; u\u017cytkownik przekazuje dostawcom tych sieci spo\u0142eczno\u015bciowych swoje dane osobowe (niekt\u00f3rzy dostawcy maj\u0105 r\u00f3wnie\u017c siedzib\u0119 w&nbsp;krajach trzecich, np. w&nbsp;USA). Na&nbsp;naszej stronie internetowej nie ma interakcji z&nbsp;tymi sieciami spo\u0142eczno\u015bciowymi, a&nbsp;u\u017cyte piktogramy s\u0105 jedynie linkami u\u0142atwiaj\u0105cymi dost\u0119p do&nbsp;naszych profili.&nbsp;<\/p>\n\n\n\n<h2 class=\"wp-block-heading\">\u0141\u0105cza do&nbsp;stron internetowych os\u00f3b trzecich<\/h2>\n\n\n\n<p>Nasza strona internetowa mo\u017ce zawiera\u0107 linki do&nbsp;stron internetowych os\u00f3b trzecich. Chocia\u017c strony te zosta\u0142y dok\u0142adnie sprawdzone przed umieszczeniem linku do&nbsp;nich, M2C nie ma wp\u0142ywu na&nbsp;zawarto\u015b\u0107 tych stron, a&nbsp;zatem nie mo\u017ce wykluczy\u0107 jakichkolwiek zmian w&nbsp;ich tre\u015bci.<\/p>\n\n\n\n<p>Skorzystanie z&nbsp;linku do&nbsp;strony internetowej osoby trzeciej mo\u017ce skutkowa\u0107 ujawnieniem danych osobowych u\u017cytkownika operatorowi tej strony. M2C nie ma wp\u0142ywu na&nbsp;takie gromadzenie danych osobowych na&nbsp;stronach internetowych os\u00f3b trzecich i&nbsp;nie mo\u017ce zagwarantowa\u0107 zgodno\u015bci z&nbsp;prawem przetwarzania danych osobowych na&nbsp;takich stronach internetowych.<\/p>\n\n\n\n<h2 class=\"wp-block-heading\"><strong>Google Analytics<\/strong><\/h2>\n\n\n\n<p>Nasza witryna korzysta r\u00f3wnie\u017c z&nbsp;us\u0142ugi Google Analytics, kt\u00f3ra jednak r\u00f3wnie\u017c nie wykorzystuje bezpo\u015brednio danych osobowych u\u017cytkownika. Wi\u0119cej informacji na&nbsp;temat tej us\u0142ugi i&nbsp;opcji ustawie\u0144 mo\u017cna znale\u017a\u0107 na&nbsp;stronie&nbsp;<a href=\"https:\/\/web.archive.org\/web\/20230326092528\/https:\/\/support.google.com\/analytics\/answer\/6004245?hl=cs&amp;ref_topic=2919631\" target=\"_blank\" rel=\"noreferrer noopener\">https:\/\/support.google.com\/analytics\/answer\/6004245?hl=cs&amp;ref_topic=2919631<\/a><\/p>\n\n\n\n<h2 class=\"wp-block-heading\"><strong>Retargeting<\/strong><\/h2>\n\n\n\n<p>Nasza strona internetowa korzysta z&nbsp;technologii retargetingu firmy Sklik obs\u0142ugiwanej przez Seznam.cz, a.s.. Pozwala nam to&nbsp;wy\u015bwietla\u0107 odwiedzaj\u0105cym, kt\u00f3rzy ju\u017c wykazali zainteresowanie naszymi produktami, nasze reklamy w&nbsp;sieci reklamowej Seznam.cz, a.s. Wed\u0142ug Seznam.cz, a.s. w&nbsp;tym procesie nie s\u0105 gromadzone \u017cadne dane osobowe. Wi\u0119cej informacji mo\u017cna znale\u017a\u0107 tutaj&nbsp;<a href=\"https:\/\/web.archive.org\/web\/20230326092528\/http:\/\/www.imedia.cz\/\" target=\"_blank\" rel=\"noreferrer noopener\">http:\/\/www.imedia.cz\/<\/a><br>Mo\u017cesz r\u00f3wnie\u017c odwiedzi\u0107 stron\u0119&nbsp;<a href=\"https:\/\/web.archive.org\/web\/20230326092528\/http:\/\/www.youronlinechoices.com\/\" target=\"_blank\" rel=\"noreferrer noopener\">http:\/\/www.youronlinechoices.com\/<\/a> , aby&nbsp;uzyska\u0107 wi\u0119cej informacji i&nbsp;dowiedzie\u0107 si\u0119, jak zrezygnowa\u0107 z&nbsp;reklam behawioralnych.<\/p>\n\n\n\n<div style=\"height:100px\" aria-hidden=\"true\" class=\"wp-block-spacer\"><\/div>\n<\/div>\n","protected":false},"excerpt":{"rendered":"","protected":false},"author":7,"featured_media":0,"parent":0,"menu_order":0,"comment_status":"closed","ping_status":"open","template":"","meta":{"_acf_changed":false,"inline_featured_image":false,"footnotes":""},"class_list":["post-5249","page","type-page","status-publish","hentry"],"acf":[],"_links":{"self":[{"href":"https:\/\/innovis.ai\/pl\/wp-json\/wp\/v2\/pages\/5249","targetHints":{"allow":["GET"]}}],"collection":[{"href":"https:\/\/innovis.ai\/pl\/wp-json\/wp\/v2\/pages"}],"about":[{"href":"https:\/\/innovis.ai\/pl\/wp-json\/wp\/v2\/types\/page"}],"author":[{"embeddable":true,"href":"https:\/\/innovis.ai\/pl\/wp-json\/wp\/v2\/users\/7"}],"replies":[{"embeddable":true,"href":"https:\/\/innovis.ai\/pl\/wp-json\/wp\/v2\/comments?post=5249"}],"version-history":[{"count":2,"href":"https:\/\/innovis.ai\/pl\/wp-json\/wp\/v2\/pages\/5249\/revisions"}],"predecessor-version":[{"id":6601,"href":"https:\/\/innovis.ai\/pl\/wp-json\/wp\/v2\/pages\/5249\/revisions\/6601"}],"wp:attachment":[{"href":"https:\/\/innovis.ai\/pl\/wp-json\/wp\/v2\/media?parent=5249"}],"curies":[{"name":"wp","href":"https:\/\/api.w.org\/{rel}","templated":true}]}}