{"id":5636,"date":"2023-03-24T05:07:21","date_gmt":"2023-03-24T05:07:21","guid":{"rendered":"http:\/\/innovis.dev8.kancl.goodsailors.cz\/?page_id=5636"},"modified":"2024-02-21T07:49:36","modified_gmt":"2024-02-21T07:49:36","slug":"branze","status":"publish","type":"page","link":"https:\/\/innovis.ai\/pl\/branze\/","title":{"rendered":"Bran\u017ce"},"content":{"rendered":"\n<div class=\"section\">\n<div class=\"headline\"><h1><span class=\"thin\">W JAKICH OBSZARACH<\/span><br><span class=\"underline\">MO\u017bEMY<\/span> POM\u00d3C<\/h1><\/div>\n\n\n\n<div class=\"list js-more\"><div class=\"list__grid\">\n<div class=\"list__item color-1 undefined\"><a href=\"\/pl\/logistyka-i-przemysl\/\" class=\"list__link\"><div class=\"list__bg\"><img decoding=\"async\" src=\"https:\/\/innovis.ai\/wp-content\/uploads\/2023\/09\/logistika-a-prumysl.jpg\" alt=\"\" width=\"1920\" height=\"898\" loading=\"lazy\"\/><\/div><div class=\"list__main\"><div class=\"list__name\"><span class=\"list__line\"><\/span><span class=\"list__head\">Logistyka i&nbsp;przemys\u0142 <\/span><\/div><div class=\"list__desc\">Zapewnij wi\u0119ksz\u0105 wydajno\u015b\u0107, \u0142atwiejsze planowanie, p\u0142ynne operacje i&nbsp;kontrol\u0119 nad&nbsp;wydatkami w&nbsp;swojej firmie. Dzi\u0119ki naszej najnowocze\u015bniejszej technologii usprawnisz swoje operacje biznesowe i&nbsp;zyskasz przewag\u0119 nad&nbsp;konkurencj\u0105.<\/div><span class=\"list__btn\"><svg xmlns=\"http:\/\/www.w3.org\/2000\/svg\" width=\"14\" height=\"24\" viewBox=\"0 0 14 24\"><path d=\"M0.710203334,0.469210767 C0.950675478,0.228771278 1.34053138,0.22879775 1.58097087,0.469269894 L12.9149405,11.8047788 C13.1553684,12.0452394 13.1553552,12.4350725 12.9149109,12.6755168 L2.05966799,23.5307597 C1.81921217,23.7712155 1.42935627,23.7712155 1.18890045,23.5307597 C0.948444632,23.2903039 0.948444632,22.9004479 1.18890045,22.6599921 L11.6087371,12.2399791 L0.710144207,1.33997831 C0.477719368,1.1075219 0.46999661,0.735474667 0.686957606,0.493741704 L0.710203334,0.469210767 Z\"><\/path><\/svg><\/span><\/div><\/a><\/div>\n\n\n\n<div class=\"list__item color-4 \"><a href=\"\/pl\/handel-detaliczny\/\" class=\"list__link\"><div class=\"list__bg\"><img decoding=\"async\" src=\"https:\/\/innovis.ai\/wp-content\/uploads\/2023\/09\/retail.jpg\" alt=\"\" width=\"1920\" height=\"898\" loading=\"lazy\"\/><\/div><div class=\"list__main\"><div class=\"list__name\"><span class=\"list__line\"><\/span><span class=\"list__head\">Handel detaliczny<\/span><\/div><div class=\"list__desc\">Zadbaj o&nbsp;p\u0142ynne i&nbsp;bezpieczne dzia\u0142anie swoich sklep\u00f3w, zoptymalizuj koszty operacyjne, zmniejsz wska\u017aniki przest\u0119pczo\u015bci i&nbsp;uzyskaj unikalny wgl\u0105d w&nbsp;swoj\u0105 dzia\u0142alno\u015b\u0107 dzi\u0119ki gromadzeniu i&nbsp;analizie kompleksowych danych.<\/div><span class=\"list__btn\"><svg xmlns=\"http:\/\/www.w3.org\/2000\/svg\" width=\"14\" height=\"24\" viewBox=\"0 0 14 24\"><path d=\"M0.710203334,0.469210767 C0.950675478,0.228771278 1.34053138,0.22879775 1.58097087,0.469269894 L12.9149405,11.8047788 C13.1553684,12.0452394 13.1553552,12.4350725 12.9149109,12.6755168 L2.05966799,23.5307597 C1.81921217,23.7712155 1.42935627,23.7712155 1.18890045,23.5307597 C0.948444632,23.2903039 0.948444632,22.9004479 1.18890045,22.6599921 L11.6087371,12.2399791 L0.710144207,1.33997831 C0.477719368,1.1075219 0.46999661,0.735474667 0.686957606,0.493741704 L0.710203334,0.469210767 Z\"><\/path><\/svg><\/span><\/div><\/a><\/div>\n\n\n\n<div class=\"list__item color-2 undefined\"><a href=\"\/pl\/centra-handlowe\/\" class=\"list__link\"><div class=\"list__bg\"><img decoding=\"async\" src=\"https:\/\/innovis.ai\/wp-content\/uploads\/2023\/09\/nakupni-centra.jpg\" alt=\"\" width=\"1920\" height=\"898\" loading=\"lazy\"\/><\/div><div class=\"list__main\"><div class=\"list__name\"><span class=\"list__line\"><\/span><span class=\"list__head\">Centra handlowe<\/span><\/div><div class=\"list__desc\">Zapewnij p\u0142ynne i&nbsp;bezpieczne dzia\u0142anie swojego centrum handlowego, zoptymalizuj koszty operacyjne i&nbsp;uzyskaj unikalny wgl\u0105d w&nbsp;swoj\u0105 dzia\u0142alno\u015b\u0107 dzi\u0119ki gromadzeniu i&nbsp;analizie kompleksowych danych.<\/div><span class=\"list__btn\"><svg xmlns=\"http:\/\/www.w3.org\/2000\/svg\" width=\"14\" height=\"24\" viewBox=\"0 0 14 24\"><path d=\"M0.710203334,0.469210767 C0.950675478,0.228771278 1.34053138,0.22879775 1.58097087,0.469269894 L12.9149405,11.8047788 C13.1553684,12.0452394 13.1553552,12.4350725 12.9149109,12.6755168 L2.05966799,23.5307597 C1.81921217,23.7712155 1.42935627,23.7712155 1.18890045,23.5307597 C0.948444632,23.2903039 0.948444632,22.9004479 1.18890045,22.6599921 L11.6087371,12.2399791 L0.710144207,1.33997831 C0.477719368,1.1075219 0.46999661,0.735474667 0.686957606,0.493741704 L0.710203334,0.469210767 Z\"><\/path><\/svg><\/span><\/div><\/a><\/div>\n\n\n\n<div class=\"list__item color-3 js-more-item is-hidden\"><a href=\"\/pl\/budynki-biurowe\/\" class=\"list__link\"><div class=\"list__bg\"><img decoding=\"async\" src=\"https:\/\/innovis.ai\/wp-content\/uploads\/2023\/09\/kancelarske-budovy.jpg\" alt=\"\" width=\"1920\" height=\"898\" loading=\"lazy\"\/><\/div><div class=\"list__main\"><div class=\"list__name\"><span class=\"list__line\"><\/span><span class=\"list__head\">Budynki biurowe<\/span><\/div><div class=\"list__desc\">Zyskaj kontrol\u0119 nad&nbsp;pe\u0142nym funkcjonowaniem swoich budynk\u00f3w biurowych i&nbsp;obni\u017c koszty. Dzi\u0119ki inteligentnej technologii zmniejszysz koszty operacyjne oraz&nbsp;zwi\u0119kszysz atrakcyjno\u015b\u0107 i&nbsp;komfort budynku dla obecnych i&nbsp;potencjalnych najemc\u00f3w.<\/div><span class=\"list__btn\"><svg xmlns=\"http:\/\/www.w3.org\/2000\/svg\" width=\"14\" height=\"24\" viewBox=\"0 0 14 24\"><path d=\"M0.710203334,0.469210767 C0.950675478,0.228771278 1.34053138,0.22879775 1.58097087,0.469269894 L12.9149405,11.8047788 C13.1553684,12.0452394 13.1553552,12.4350725 12.9149109,12.6755168 L2.05966799,23.5307597 C1.81921217,23.7712155 1.42935627,23.7712155 1.18890045,23.5307597 C0.948444632,23.2903039 0.948444632,22.9004479 1.18890045,22.6599921 L11.6087371,12.2399791 L0.710144207,1.33997831 C0.477719368,1.1075219 0.46999661,0.735474667 0.686957606,0.493741704 L0.710203334,0.469210767 Z\"><\/path><\/svg><\/span><\/div><\/a><\/div>\n\n\n\n<div class=\"list__item color-5 js-more-item is-hidden\"><a href=\"\/pl\/salony-samochodowe\/\" class=\"list__link\"><div class=\"list__bg\"><img decoding=\"async\" src=\"https:\/\/innovis.ai\/wp-content\/uploads\/2023\/09\/retail-autosalony.jpg\" alt=\"\" width=\"1920\" height=\"898\" loading=\"lazy\"\/><\/div><div class=\"list__main\"><div class=\"list__name\"><span class=\"list__line\"><\/span><span class=\"list__head\">Salony samochodowe<\/span><\/div><div class=\"list__desc\">Mo\u017cemy pom\u00f3c przenie\u015b\u0107 wydajno\u015b\u0107 salon\u00f3w samochodowych na&nbsp;wy\u017cszy poziom. Dzi\u0119ki dok\u0142adnej analizie zachowa\u0144 odwiedzaj\u0105cych, technologiom bezpiecze\u0144stwa i&nbsp;lepszemu do\u015bwiadczeniu klienta, Twoje salony b\u0119d\u0105 dzia\u0142a\u0107 jak dobrze dostrojony silnik.<\/div><span class=\"list__btn\"><svg xmlns=\"http:\/\/www.w3.org\/2000\/svg\" width=\"14\" height=\"24\" viewBox=\"0 0 14 24\"><path d=\"M0.710203334,0.469210767 C0.950675478,0.228771278 1.34053138,0.22879775 1.58097087,0.469269894 L12.9149405,11.8047788 C13.1553684,12.0452394 13.1553552,12.4350725 12.9149109,12.6755168 L2.05966799,23.5307597 C1.81921217,23.7712155 1.42935627,23.7712155 1.18890045,23.5307597 C0.948444632,23.2903039 0.948444632,22.9004479 1.18890045,22.6599921 L11.6087371,12.2399791 L0.710144207,1.33997831 C0.477719368,1.1075219 0.46999661,0.735474667 0.686957606,0.493741704 L0.710203334,0.469210767 Z\"><\/path><\/svg><\/span><\/div><\/a><\/div>\n\n\n\n<div class=\"list__item color-6 js-more-item is-hidden\"><a href=\"\/pl\/plac-budowy\/\" class=\"list__link\"><div class=\"list__bg\"><img decoding=\"async\" src=\"https:\/\/innovis.ai\/wp-content\/uploads\/2023\/09\/stavba.jpg\" alt=\"\" width=\"1920\" height=\"898\" loading=\"lazy\"\/><\/div><div class=\"list__main\"><div class=\"list__name\"><span class=\"list__line\"><\/span><span class=\"list__head\">Plac budowy<\/span><\/div><div class=\"list__desc\">Pozw\u00f3l rozwija\u0107 si\u0119 budynkowi, a&nbsp;nie kosztom eksploatacji obiektu. Zapewnimy ochron\u0119 i&nbsp;pomo\u017cemy obni\u017cy\u0107 koszty dzi\u0119ki inteligentnym technologiom, kt\u00f3re obejmuj\u0105 ruch pojazd\u00f3w, zast\u0119puj\u0105 ochron\u0119 fizyczn\u0105 i&nbsp;monitoruj\u0105 zgodno\u015b\u0107 z&nbsp;przepisami bezpiecze\u0144stwa w&nbsp;miejscu pracy.<\/div><span class=\"list__btn\"><svg xmlns=\"http:\/\/www.w3.org\/2000\/svg\" width=\"14\" height=\"24\" viewBox=\"0 0 14 24\"><path d=\"M0.710203334,0.469210767 C0.950675478,0.228771278 1.34053138,0.22879775 1.58097087,0.469269894 L12.9149405,11.8047788 C13.1553684,12.0452394 13.1553552,12.4350725 12.9149109,12.6755168 L2.05966799,23.5307597 C1.81921217,23.7712155 1.42935627,23.7712155 1.18890045,23.5307597 C0.948444632,23.2903039 0.948444632,22.9004479 1.18890045,22.6599921 L11.6087371,12.2399791 L0.710144207,1.33997831 C0.477719368,1.1075219 0.46999661,0.735474667 0.686957606,0.493741704 L0.710203334,0.469210767 Z\"><\/path><\/svg><\/span><\/div><\/a><\/div>\n\n\n\n<div class=\"list__item color-7 js-more-item is-hidden\"><a href=\"\/pl\/miasta-i-gminy\/\" class=\"list__link\"><div class=\"list__bg\"><img decoding=\"async\" src=\"https:\/\/innovis.ai\/wp-content\/uploads\/2023\/09\/mesta.jpg\" alt=\"\" width=\"1920\" height=\"898\" loading=\"lazy\"\/><\/div><div class=\"list__main\"><div class=\"list__name\"><span class=\"list__line\"><\/span><span class=\"list__head\">MIASTA I&nbsp;GMINY<\/span><\/div><div class=\"list__desc\">B\u0105d\u017a o&nbsp;krok do&nbsp;przodu w&nbsp;zabezpieczaniu zasob\u00f3w miasta, zwi\u0119kszaniu komfortu mieszka\u0144c\u00f3w i&nbsp;ograniczaniu przest\u0119pczo\u015bci. Pozw\u00f3l nam pom\u00f3c Ci obni\u017cy\u0107 koszty i&nbsp;zwi\u0119kszy\u0107 atrakcyjno\u015b\u0107 Twojej miejscowo\u015bci dzi\u0119ki inteligentnej technologii.<\/div><span class=\"list__btn\"><svg xmlns=\"http:\/\/www.w3.org\/2000\/svg\" width=\"14\" height=\"24\" viewBox=\"0 0 14 24\"><path d=\"M0.710203334,0.469210767 C0.950675478,0.228771278 1.34053138,0.22879775 1.58097087,0.469269894 L12.9149405,11.8047788 C13.1553684,12.0452394 13.1553552,12.4350725 12.9149109,12.6755168 L2.05966799,23.5307597 C1.81921217,23.7712155 1.42935627,23.7712155 1.18890045,23.5307597 C0.948444632,23.2903039 0.948444632,22.9004479 1.18890045,22.6599921 L11.6087371,12.2399791 L0.710144207,1.33997831 C0.477719368,1.1075219 0.46999661,0.735474667 0.686957606,0.493741704 L0.710203334,0.469210767 Z\"><\/path><\/svg><\/span><\/div><\/a><\/div>\n<\/div><div class=\"list__more\"><a href=\"#\" class=\"btn js-more-trigger\"><span class=\"btn__txt\">POKA\u017b WI\u0118CEJ<\/span><span class=\"btn__icon\"><svg xmlns=\"http:\/\/www.w3.org\/2000\/svg\" width=\"40\" height=\"40\" viewBox=\"0 0 40 40\"><g transform=\"translate(11.51 11.51)\"><path d=\"M8.5,0 C8.77614237,0 9,0.219065566 9,0.489296636 L9,16.4892966 C9,16.7595277 8.77614237,16.9785933 8.5,16.9785933 C8.22385763,16.9785933 8,16.7595277 8,16.4892966 L8,0.489296636 C8,0.219065566 8.22385763,0 8.5,0 Z\"><\/path><path d=\"M16.4892966,8 C16.7595277,8 16.9785933,8.22385763 16.9785933,8.5 C16.9785933,8.77614237 16.7595277,9 16.4892966,9 L0.489296636,9 C0.219065566,9 0,8.77614237 0,8.5 C0,8.22385763 0.219065566,8 0.489296636,8 L16.4892966,8 Z\"><\/path><\/g><\/svg><\/span><\/a><\/div><\/div>\n<\/div>\n","protected":false},"excerpt":{"rendered":"","protected":false},"author":7,"featured_media":0,"parent":0,"menu_order":0,"comment_status":"closed","ping_status":"closed","template":"","meta":{"_acf_changed":false,"inline_featured_image":false,"footnotes":""},"class_list":["post-5636","page","type-page","status-publish","hentry"],"acf":[],"_links":{"self":[{"href":"https:\/\/innovis.ai\/pl\/wp-json\/wp\/v2\/pages\/5636","targetHints":{"allow":["GET"]}}],"collection":[{"href":"https:\/\/innovis.ai\/pl\/wp-json\/wp\/v2\/pages"}],"about":[{"href":"https:\/\/innovis.ai\/pl\/wp-json\/wp\/v2\/types\/page"}],"author":[{"embeddable":true,"href":"https:\/\/innovis.ai\/pl\/wp-json\/wp\/v2\/users\/7"}],"replies":[{"embeddable":true,"href":"https:\/\/innovis.ai\/pl\/wp-json\/wp\/v2\/comments?post=5636"}],"version-history":[{"count":3,"href":"https:\/\/innovis.ai\/pl\/wp-json\/wp\/v2\/pages\/5636\/revisions"}],"predecessor-version":[{"id":6520,"href":"https:\/\/innovis.ai\/pl\/wp-json\/wp\/v2\/pages\/5636\/revisions\/6520"}],"wp:attachment":[{"href":"https:\/\/innovis.ai\/pl\/wp-json\/wp\/v2\/media?parent=5636"}],"curies":[{"name":"wp","href":"https:\/\/api.w.org\/{rel}","templated":true}]}}