{"id":6584,"date":"2023-03-31T03:34:01","date_gmt":"2023-03-31T03:34:01","guid":{"rendered":"http:\/\/innovis.dev8.kancl.goodsailors.cz\/?page_id=6584"},"modified":"2024-02-28T08:01:27","modified_gmt":"2024-02-28T08:01:27","slug":"404-page","status":"publish","type":"page","link":"https:\/\/innovis.ai\/pl\/404-page\/","title":{"rendered":"404 page"},"content":{"rendered":"\n<div class=\"section\">\n<div class=\"headline\"><h1><span class=\"thin\">404<\/span><br><span class=\"underline\">NIE ZNALEZIONO<\/span> STRONY<\/h1><\/div>\n\n\n\n<p>Niestety, szukana zawarto\u015b\u0107 jest niedost\u0119pna lub&nbsp;nie istnieje. <br>Sprawd\u017a, czy mo\u017cesz znale\u017a\u0107 co\u015b innego.<\/p>\n\n\n\n<div class=\"list js-more\"><div class=\"list__grid\">\n<div class=\"list__item color-1 undefined\"><a href=\"\/pl\/logistyka-i-przemysl\/\" class=\"list__link\"><div class=\"list__bg\"><img decoding=\"async\" src=\"https:\/\/innovis.ai\/wp-content\/uploads\/2023\/07\/logistika-a-prumysl.jpg\" alt=\"\" width=\"1920\" height=\"898\" loading=\"lazy\"\/><\/div><div class=\"list__main\"><div class=\"list__name\"><span class=\"list__line\"><\/span><span class=\"list__head\">LOGISTYKA I&nbsp;PRZEMYS\u0141<\/span><\/div><div class=\"list__desc\">Zapewnij wi\u0119ksz\u0105 wydajno\u015b\u0107, \u0142atwiejsze planowanie, p\u0142ynniejsze operacje i&nbsp;kontrol\u0119 nad&nbsp;wydatkami w&nbsp;swojej firmie. Dzi\u0119ki naszej najnowocze\u015bniejszej technologii usprawnisz swoje operacje biznesowe i&nbsp;zyskasz przewag\u0119 konkurencyjn\u0105.<\/div><span class=\"list__btn\"><svg xmlns=\"http:\/\/www.w3.org\/2000\/svg\" width=\"14\" height=\"24\" viewBox=\"0 0 14 24\"><path d=\"M0.710203334,0.469210767 C0.950675478,0.228771278 1.34053138,0.22879775 1.58097087,0.469269894 L12.9149405,11.8047788 C13.1553684,12.0452394 13.1553552,12.4350725 12.9149109,12.6755168 L2.05966799,23.5307597 C1.81921217,23.7712155 1.42935627,23.7712155 1.18890045,23.5307597 C0.948444632,23.2903039 0.948444632,22.9004479 1.18890045,22.6599921 L11.6087371,12.2399791 L0.710144207,1.33997831 C0.477719368,1.1075219 0.46999661,0.735474667 0.686957606,0.493741704 L0.710203334,0.469210767 Z\"><\/path><\/svg><\/span><\/div><\/a><\/div>\n\n\n\n<div class=\"list__item color-2 undefined\"><a href=\"\/pl\/centra-handlowe\/\" class=\"list__link\"><div class=\"list__bg\"><img decoding=\"async\" src=\"https:\/\/innovis.ai\/wp-content\/uploads\/2023\/07\/nakupni-centra.jpg\" alt=\"\" width=\"1920\" height=\"898\" loading=\"lazy\"\/><\/div><div class=\"list__main\"><div class=\"list__name\"><span class=\"list__line\"><\/span><span class=\"list__head\">CENTRA HANDLOWE<\/span><\/div><div class=\"list__desc\">Zapewnij p\u0142ynne i&nbsp;bezpieczne dzia\u0142anie centrum handlowego, zoptymalizuj koszty operacyjne i&nbsp;uzyskaj unikalny wgl\u0105d w&nbsp;swoj\u0105 dzia\u0142alno\u015b\u0107 dzi\u0119ki gromadzeniu i&nbsp;ocenie kompleksowych danych.<\/div><span class=\"list__btn\"><svg xmlns=\"http:\/\/www.w3.org\/2000\/svg\" width=\"14\" height=\"24\" viewBox=\"0 0 14 24\"><path d=\"M0.710203334,0.469210767 C0.950675478,0.228771278 1.34053138,0.22879775 1.58097087,0.469269894 L12.9149405,11.8047788 C13.1553684,12.0452394 13.1553552,12.4350725 12.9149109,12.6755168 L2.05966799,23.5307597 C1.81921217,23.7712155 1.42935627,23.7712155 1.18890045,23.5307597 C0.948444632,23.2903039 0.948444632,22.9004479 1.18890045,22.6599921 L11.6087371,12.2399791 L0.710144207,1.33997831 C0.477719368,1.1075219 0.46999661,0.735474667 0.686957606,0.493741704 L0.710203334,0.469210767 Z\"><\/path><\/svg><\/span><\/div><\/a><\/div>\n\n\n\n<div class=\"list__item color-3 undefined\"><a href=\"\/pl\/budynki-biurowe\/\" class=\"list__link\"><div class=\"list__bg\"><img decoding=\"async\" src=\"https:\/\/innovis.ai\/wp-content\/uploads\/2023\/07\/kancelarske-budovy.jpg\" alt=\"\" width=\"1920\" height=\"898\" loading=\"lazy\"\/><\/div><div class=\"list__main\"><div class=\"list__name\"><span class=\"list__line\"><\/span><span class=\"list__head\">BUDYNKI BIUROWE<\/span><\/div><div class=\"list__desc\">Zyskaj kontrol\u0119 nad&nbsp;pe\u0142nym funkcjonowaniem swoich budynk\u00f3w biurowych i&nbsp;oszcz\u0119dzaj na&nbsp;kosztach. Dzi\u0119ki inteligentnej technologii zmniejszysz koszty operacyjne oraz&nbsp;zwi\u0119kszysz atrakcyjno\u015b\u0107 i&nbsp;komfort budynku dla obecnych i&nbsp;potencjalnych najemc\u00f3w.<\/div><span class=\"list__btn\"><svg xmlns=\"http:\/\/www.w3.org\/2000\/svg\" width=\"14\" height=\"24\" viewBox=\"0 0 14 24\"><path d=\"M0.710203334,0.469210767 C0.950675478,0.228771278 1.34053138,0.22879775 1.58097087,0.469269894 L12.9149405,11.8047788 C13.1553684,12.0452394 13.1553552,12.4350725 12.9149109,12.6755168 L2.05966799,23.5307597 C1.81921217,23.7712155 1.42935627,23.7712155 1.18890045,23.5307597 C0.948444632,23.2903039 0.948444632,22.9004479 1.18890045,22.6599921 L11.6087371,12.2399791 L0.710144207,1.33997831 C0.477719368,1.1075219 0.46999661,0.735474667 0.686957606,0.493741704 L0.710203334,0.469210767 Z\"><\/path><\/svg><\/span><\/div><\/a><\/div>\n\n\n\n<div class=\"list__item color-4 undefined\"><a href=\"\/pl\/handel-detaliczny\/\" class=\"list__link\"><div class=\"list__bg\"><img decoding=\"async\" src=\"https:\/\/innovis.ai\/wp-content\/uploads\/2023\/07\/retail-1.jpg\" alt=\"\" width=\"1920\" height=\"898\" loading=\"lazy\"\/><\/div><div class=\"list__main\"><div class=\"list__name\"><span class=\"list__line\"><\/span><span class=\"list__head\">HANDEL DETALICZNY<\/span><\/div><div class=\"list__desc\">Upewnij si\u0119, \u017ce Twoje sklepy dzia\u0142aj\u0105 p\u0142ynnie i&nbsp;bezpiecznie, zoptymalizuj koszty operacyjne, zmniejsz wska\u017aniki przest\u0119pczo\u015bci i&nbsp;uzyskaj unikalny wgl\u0105d w&nbsp;swoj\u0105 dzia\u0142alno\u015b\u0107 poprzez gromadzenie i&nbsp;ocen\u0119 z\u0142o\u017conych danych.<\/div><span class=\"list__btn\"><svg xmlns=\"http:\/\/www.w3.org\/2000\/svg\" width=\"14\" height=\"24\" viewBox=\"0 0 14 24\"><path d=\"M0.710203334,0.469210767 C0.950675478,0.228771278 1.34053138,0.22879775 1.58097087,0.469269894 L12.9149405,11.8047788 C13.1553684,12.0452394 13.1553552,12.4350725 12.9149109,12.6755168 L2.05966799,23.5307597 C1.81921217,23.7712155 1.42935627,23.7712155 1.18890045,23.5307597 C0.948444632,23.2903039 0.948444632,22.9004479 1.18890045,22.6599921 L11.6087371,12.2399791 L0.710144207,1.33997831 C0.477719368,1.1075219 0.46999661,0.735474667 0.686957606,0.493741704 L0.710203334,0.469210767 Z\"><\/path><\/svg><\/span><\/div><\/a><\/div>\n\n\n\n<div class=\"list__item color-5 undefined\"><a href=\"\/pl\/salony-samochodowe\/\" class=\"list__link\"><div class=\"list__bg\"><img decoding=\"async\" src=\"https:\/\/innovis.ai\/wp-content\/uploads\/2023\/07\/retail-autosalony.jpg\" alt=\"\" width=\"1920\" height=\"898\" loading=\"lazy\"\/><\/div><div class=\"list__main\"><div class=\"list__name\"><span class=\"list__line\"><\/span><span class=\"list__head\">SALONY SAMOCHODOWE<\/span><\/div><div class=\"list__desc\">Mo\u017cemy pom\u00f3c w&nbsp;podniesieniu wydajno\u015bci salon\u00f3w samochodowych. Dzi\u0119ki dok\u0142adnej analizie zachowa\u0144 odwiedzaj\u0105cych, technologiom bezpiecze\u0144stwa i&nbsp;lepszemu do\u015bwiadczeniu klienta, Twoje salony b\u0119d\u0105 dzia\u0142a\u0107 jak dobrze naoliwiona maszyna.<\/div><span class=\"list__btn\"><svg xmlns=\"http:\/\/www.w3.org\/2000\/svg\" width=\"14\" height=\"24\" viewBox=\"0 0 14 24\"><path d=\"M0.710203334,0.469210767 C0.950675478,0.228771278 1.34053138,0.22879775 1.58097087,0.469269894 L12.9149405,11.8047788 C13.1553684,12.0452394 13.1553552,12.4350725 12.9149109,12.6755168 L2.05966799,23.5307597 C1.81921217,23.7712155 1.42935627,23.7712155 1.18890045,23.5307597 C0.948444632,23.2903039 0.948444632,22.9004479 1.18890045,22.6599921 L11.6087371,12.2399791 L0.710144207,1.33997831 C0.477719368,1.1075219 0.46999661,0.735474667 0.686957606,0.493741704 L0.710203334,0.469210767 Z\"><\/path><\/svg><\/span><\/div><\/a><\/div>\n\n\n\n<div class=\"list__item color-6 undefined\"><a href=\"\/pl\/plac-budowy\/\" class=\"list__link\"><div class=\"list__bg\"><img decoding=\"async\" src=\"https:\/\/innovis.ai\/wp-content\/uploads\/2023\/07\/stavba-1.jpg\" alt=\"\" width=\"1920\" height=\"898\" loading=\"lazy\"\/><\/div><div class=\"list__main\"><div class=\"list__name\"><span class=\"list__line\"><\/span><span class=\"list__head\">PLAC BUDOWY<\/span><\/div><div class=\"list__desc\">Pozw\u00f3l rosn\u0105\u0107 budynkowi, a&nbsp;nie kosztom eksploatacji obiektu. Zapewnimy bezpiecze\u0144stwo i&nbsp;pomo\u017cemy obni\u017cy\u0107 koszty dzi\u0119ki inteligentnym technologiom, kt\u00f3re obs\u0142uguj\u0105 ruch pojazd\u00f3w, zast\u0119puj\u0105 ochron\u0119 fizyczn\u0105 i&nbsp;monitoruj\u0105 zgodno\u015b\u0107 z&nbsp;przepisami bezpiecze\u0144stwa w&nbsp;miejscu pracy.<\/div><span class=\"list__btn\"><svg xmlns=\"http:\/\/www.w3.org\/2000\/svg\" width=\"14\" height=\"24\" viewBox=\"0 0 14 24\"><path d=\"M0.710203334,0.469210767 C0.950675478,0.228771278 1.34053138,0.22879775 1.58097087,0.469269894 L12.9149405,11.8047788 C13.1553684,12.0452394 13.1553552,12.4350725 12.9149109,12.6755168 L2.05966799,23.5307597 C1.81921217,23.7712155 1.42935627,23.7712155 1.18890045,23.5307597 C0.948444632,23.2903039 0.948444632,22.9004479 1.18890045,22.6599921 L11.6087371,12.2399791 L0.710144207,1.33997831 C0.477719368,1.1075219 0.46999661,0.735474667 0.686957606,0.493741704 L0.710203334,0.469210767 Z\"><\/path><\/svg><\/span><\/div><\/a><\/div>\n\n\n\n<div class=\"list__item color-7 undefined\"><a href=\"\/pl\/miasta-i-gminy\/\" class=\"list__link\"><div class=\"list__bg\"><img decoding=\"async\" src=\"https:\/\/innovis.ai\/wp-content\/uploads\/2023\/07\/mesta-1.jpg\" alt=\"\" width=\"1920\" height=\"898\" loading=\"lazy\"\/><\/div><div class=\"list__main\"><div class=\"list__name\"><span class=\"list__line\"><\/span><span class=\"list__head\">MIASTA I&nbsp;GMINY<\/span><\/div><div class=\"list__desc\">B\u0105d\u017a o&nbsp;krok przed konkurencj\u0105, zabezpieczaj\u0105c aktywa swojego miasta, zwi\u0119kszaj\u0105c wygod\u0119 mieszka\u0144c\u00f3w i&nbsp;ograniczaj\u0105c przest\u0119pczo\u015b\u0107. Mo\u017cemy pom\u00f3c Ci obni\u017cy\u0107 koszty i&nbsp;zwi\u0119kszy\u0107 atrakcyjno\u015b\u0107 Twojej gminy dzi\u0119ki inteligentnej technologii.<\/div><span class=\"list__btn\"><svg xmlns=\"http:\/\/www.w3.org\/2000\/svg\" width=\"14\" height=\"24\" viewBox=\"0 0 14 24\"><path d=\"M0.710203334,0.469210767 C0.950675478,0.228771278 1.34053138,0.22879775 1.58097087,0.469269894 L12.9149405,11.8047788 C13.1553684,12.0452394 13.1553552,12.4350725 12.9149109,12.6755168 L2.05966799,23.5307597 C1.81921217,23.7712155 1.42935627,23.7712155 1.18890045,23.5307597 C0.948444632,23.2903039 0.948444632,22.9004479 1.18890045,22.6599921 L11.6087371,12.2399791 L0.710144207,1.33997831 C0.477719368,1.1075219 0.46999661,0.735474667 0.686957606,0.493741704 L0.710203334,0.469210767 Z\"><\/path><\/svg><\/span><\/div><\/a><\/div>\n<\/div><\/div>\n<\/div>\n","protected":false},"excerpt":{"rendered":"","protected":false},"author":7,"featured_media":0,"parent":0,"menu_order":0,"comment_status":"closed","ping_status":"closed","template":"","meta":{"_acf_changed":false,"inline_featured_image":false,"footnotes":""},"class_list":["post-6584","page","type-page","status-publish","hentry"],"acf":[],"_links":{"self":[{"href":"https:\/\/innovis.ai\/pl\/wp-json\/wp\/v2\/pages\/6584","targetHints":{"allow":["GET"]}}],"collection":[{"href":"https:\/\/innovis.ai\/pl\/wp-json\/wp\/v2\/pages"}],"about":[{"href":"https:\/\/innovis.ai\/pl\/wp-json\/wp\/v2\/types\/page"}],"author":[{"embeddable":true,"href":"https:\/\/innovis.ai\/pl\/wp-json\/wp\/v2\/users\/7"}],"replies":[{"embeddable":true,"href":"https:\/\/innovis.ai\/pl\/wp-json\/wp\/v2\/comments?post=6584"}],"version-history":[{"count":2,"href":"https:\/\/innovis.ai\/pl\/wp-json\/wp\/v2\/pages\/6584\/revisions"}],"predecessor-version":[{"id":6603,"href":"https:\/\/innovis.ai\/pl\/wp-json\/wp\/v2\/pages\/6584\/revisions\/6603"}],"wp:attachment":[{"href":"https:\/\/innovis.ai\/pl\/wp-json\/wp\/v2\/media?parent=6584"}],"curies":[{"name":"wp","href":"https:\/\/api.w.org\/{rel}","templated":true}]}}