{"id":5755,"date":"2023-03-24T05:07:21","date_gmt":"2023-03-24T05:07:21","guid":{"rendered":"http:\/\/innovis.dev8.kancl.goodsailors.cz\/?page_id=5755"},"modified":"2024-03-06T07:41:08","modified_gmt":"2024-03-06T07:41:08","slug":"unde-folositi-expertiza-noastra","status":"publish","type":"page","link":"https:\/\/innovis.ai\/ro\/unde-folositi-expertiza-noastra\/","title":{"rendered":"Ramuri"},"content":{"rendered":"\n<div class=\"section\">\n<div class=\"headline\"><h1><span class=\"thin\">CE DOMENII V\u0102<\/span><br><span class=\"underline\">PUTEM<\/span> REZOLVA<\/h1><\/div>\n\n\n\n<div class=\"list js-more\"><div class=\"list__grid\">\n<div class=\"list__item color-1 undefined\"><a href=\"\/ro\/logistica-si-industrie\/\" class=\"list__link\"><div class=\"list__bg\"><img decoding=\"async\" src=\"https:\/\/innovis.ai\/wp-content\/uploads\/2023\/09\/logistika-a-prumysl.jpg\" alt=\"\" width=\"1920\" height=\"898\" loading=\"lazy\"\/><\/div><div class=\"list__main\"><div class=\"list__name\"><span class=\"list__line\"><\/span><span class=\"list__head\">Logistic\u0103 \u0219i industrie<\/span><\/div><div class=\"list__desc\">Asigura\u021bi o&nbsp;eficien\u021b\u0103 mai mare, planificare mai u\u0219oar\u0103, opera\u021biuni f\u0103r\u0103 probleme \u0219i control asupra cheltuielilor \u00een afacerea dvs. Datorit\u0103 tehnologiilor noastre de ultim\u0103 or\u0103, ve\u021bi \u00eembun\u0103t\u0103\u021bi func\u021bionarea afacerii dumneavoastr\u0103 \u0219i ve\u021bi ob\u021bine un avantaj competitiv.<\/div><span class=\"list__btn\"><svg xmlns=\"http:\/\/www.w3.org\/2000\/svg\" width=\"14\" height=\"24\" viewBox=\"0 0 14 24\"><path d=\"M0.710203334,0.469210767 C0.950675478,0.228771278 1.34053138,0.22879775 1.58097087,0.469269894 L12.9149405,11.8047788 C13.1553684,12.0452394 13.1553552,12.4350725 12.9149109,12.6755168 L2.05966799,23.5307597 C1.81921217,23.7712155 1.42935627,23.7712155 1.18890045,23.5307597 C0.948444632,23.2903039 0.948444632,22.9004479 1.18890045,22.6599921 L11.6087371,12.2399791 L0.710144207,1.33997831 C0.477719368,1.1075219 0.46999661,0.735474667 0.686957606,0.493741704 L0.710203334,0.469210767 Z\"><\/path><\/svg><\/span><\/div><\/a><\/div>\n\n\n\n<div class=\"list__item color-4 \"><a href=\"\/ro\/retail\/\" class=\"list__link\"><div class=\"list__bg\"><img decoding=\"async\" src=\"https:\/\/innovis.ai\/wp-content\/uploads\/2023\/09\/retail.jpg\" alt=\"\" width=\"1920\" height=\"898\" loading=\"lazy\"\/><\/div><div class=\"list__main\"><div class=\"list__name\"><span class=\"list__line\"><\/span><span class=\"list__head\">Retail<\/span><\/div><div class=\"list__desc\">Asigura\u021bi func\u021bionarea f\u0103r\u0103 probleme \u0219i \u00een siguran\u021b\u0103 a&nbsp;magazinelor dvs., optimiza\u021bi costurile opera\u021bionale, reduce\u021bi ratele criminalit\u0103\u021bii \u0219i ob\u021bine\u021bi o&nbsp;perspectiv\u0103 unic\u0103 asupra afacerii dvs. prin colectarea \u0219i evaluarea datelor complexe.<\/div><span class=\"list__btn\"><svg xmlns=\"http:\/\/www.w3.org\/2000\/svg\" width=\"14\" height=\"24\" viewBox=\"0 0 14 24\"><path d=\"M0.710203334,0.469210767 C0.950675478,0.228771278 1.34053138,0.22879775 1.58097087,0.469269894 L12.9149405,11.8047788 C13.1553684,12.0452394 13.1553552,12.4350725 12.9149109,12.6755168 L2.05966799,23.5307597 C1.81921217,23.7712155 1.42935627,23.7712155 1.18890045,23.5307597 C0.948444632,23.2903039 0.948444632,22.9004479 1.18890045,22.6599921 L11.6087371,12.2399791 L0.710144207,1.33997831 C0.477719368,1.1075219 0.46999661,0.735474667 0.686957606,0.493741704 L0.710203334,0.469210767 Z\"><\/path><\/svg><\/span><\/div><\/a><\/div>\n\n\n\n<div class=\"list__item color-2 undefined\"><a href=\"\/ro\/centre-de-cumparaturi\/\" class=\"list__link\"><div class=\"list__bg\"><img decoding=\"async\" src=\"https:\/\/innovis.ai\/wp-content\/uploads\/2023\/09\/nakupni-centra.jpg\" alt=\"\" width=\"1920\" height=\"898\" loading=\"lazy\"\/><\/div><div class=\"list__main\"><div class=\"list__name\"><span class=\"list__line\"><\/span><span class=\"list__head\">Centre de cump\u0103rare<\/span><\/div><div class=\"list__desc\">Asigura\u021bi func\u021bionarea f\u0103r\u0103 probleme \u0219i \u00een siguran\u021b\u0103 a&nbsp;centrului dvs. de afaceri, optimiza\u021bi costurile de operare \u0219i ob\u021bine\u021bi o&nbsp;perspectiv\u0103 unic\u0103 asupra afacerii dvs. prin colectarea \u0219i evaluarea datelor complexe.<\/div><span class=\"list__btn\"><svg xmlns=\"http:\/\/www.w3.org\/2000\/svg\" width=\"14\" height=\"24\" viewBox=\"0 0 14 24\"><path d=\"M0.710203334,0.469210767 C0.950675478,0.228771278 1.34053138,0.22879775 1.58097087,0.469269894 L12.9149405,11.8047788 C13.1553684,12.0452394 13.1553552,12.4350725 12.9149109,12.6755168 L2.05966799,23.5307597 C1.81921217,23.7712155 1.42935627,23.7712155 1.18890045,23.5307597 C0.948444632,23.2903039 0.948444632,22.9004479 1.18890045,22.6599921 L11.6087371,12.2399791 L0.710144207,1.33997831 C0.477719368,1.1075219 0.46999661,0.735474667 0.686957606,0.493741704 L0.710203334,0.469210767 Z\"><\/path><\/svg><\/span><\/div><\/a><\/div>\n\n\n\n<div class=\"list__item color-3 js-more-item is-hidden\"><a href=\"\/ro\/cladiri-de-birouri\/\" class=\"list__link\"><div class=\"list__bg\"><img decoding=\"async\" src=\"https:\/\/innovis.ai\/wp-content\/uploads\/2023\/09\/kancelarske-budovy.jpg\" alt=\"\" width=\"1920\" height=\"898\" loading=\"lazy\"\/><\/div><div class=\"list__main\"><div class=\"list__name\"><span class=\"list__line\"><\/span><span class=\"list__head\">Cl\u0103diri de birouri<\/span><\/div><div class=\"list__desc\">Ob\u021bine\u021bi controlul asupra func\u021bion\u0103rii complete a&nbsp;cl\u0103dirilor dvs. de birouri \u0219i economisi\u021bi cheltuielile. Datorit\u0103 tehnologiilor inteligente, vei reduce cheltuielile de exploatare \u0219i vei cre\u0219te atractivitatea \u0219i confortul cl\u0103dirii pentru&nbsp;chiria\u0219ii existen\u021bi \u0219i poten\u021biali.<\/div><span class=\"list__btn\"><svg xmlns=\"http:\/\/www.w3.org\/2000\/svg\" width=\"14\" height=\"24\" viewBox=\"0 0 14 24\"><path d=\"M0.710203334,0.469210767 C0.950675478,0.228771278 1.34053138,0.22879775 1.58097087,0.469269894 L12.9149405,11.8047788 C13.1553684,12.0452394 13.1553552,12.4350725 12.9149109,12.6755168 L2.05966799,23.5307597 C1.81921217,23.7712155 1.42935627,23.7712155 1.18890045,23.5307597 C0.948444632,23.2903039 0.948444632,22.9004479 1.18890045,22.6599921 L11.6087371,12.2399791 L0.710144207,1.33997831 C0.477719368,1.1075219 0.46999661,0.735474667 0.686957606,0.493741704 L0.710203334,0.469210767 Z\"><\/path><\/svg><\/span><\/div><\/a><\/div>\n\n\n\n<div class=\"list__item color-5 js-more-item is-hidden\"><a href=\"\/ro\/saloane-auto\/\" class=\"list__link\"><div class=\"list__bg\"><img decoding=\"async\" src=\"https:\/\/innovis.ai\/wp-content\/uploads\/2023\/09\/retail-autosalony.jpg\" alt=\"\" width=\"1920\" height=\"898\" loading=\"lazy\"\/><\/div><div class=\"list__main\"><div class=\"list__name\"><span class=\"list__line\"><\/span><span class=\"list__head\">Saloane auto<\/span><\/div><div class=\"list__desc\">V\u0103 vom ajuta s\u0103 v\u0103 duce\u021bi salonul dvs. auto la&nbsp;urm\u0103torul nivel. Datorit\u0103 analizelor precise ale&nbsp;comportamentului vizitatorilor, tehnologiilor de securitate \u0219i confortului sporit al clien\u021bilor, showroom-urile dumneavoastr\u0103 vor&nbsp;func\u021biona ca pe&nbsp;roate.<\/div><span class=\"list__btn\"><svg xmlns=\"http:\/\/www.w3.org\/2000\/svg\" width=\"14\" height=\"24\" viewBox=\"0 0 14 24\"><path d=\"M0.710203334,0.469210767 C0.950675478,0.228771278 1.34053138,0.22879775 1.58097087,0.469269894 L12.9149405,11.8047788 C13.1553684,12.0452394 13.1553552,12.4350725 12.9149109,12.6755168 L2.05966799,23.5307597 C1.81921217,23.7712155 1.42935627,23.7712155 1.18890045,23.5307597 C0.948444632,23.2903039 0.948444632,22.9004479 1.18890045,22.6599921 L11.6087371,12.2399791 L0.710144207,1.33997831 C0.477719368,1.1075219 0.46999661,0.735474667 0.686957606,0.493741704 L0.710203334,0.469210767 Z\"><\/path><\/svg><\/span><\/div><\/a><\/div>\n\n\n\n<div class=\"list__item color-6 js-more-item is-hidden\"><a href=\"\/ro\/santier\/\" class=\"list__link\"><div class=\"list__bg\"><img decoding=\"async\" src=\"https:\/\/innovis.ai\/wp-content\/uploads\/2023\/09\/stavba.jpg\" alt=\"\" width=\"1920\" height=\"898\" loading=\"lazy\"\/><\/div><div class=\"list__main\"><div class=\"list__name\"><span class=\"list__line\"><\/span><span class=\"list__head\">\u0218antier<\/span><\/div><div class=\"list__desc\">Cre\u0219te\u021bi-v\u0103 construc\u021bia, nu costul de func\u021bionare a&nbsp;site-ului. V\u0103 vom asigura siguran\u021ba \u0219i v\u0103 vom ajuta s\u0103 economisi\u021bi cheltuielile cu ajutorul tehnologiilor inteligente care vor&nbsp;rezolva deplasarea vehiculelor, vor&nbsp;\u00eenlocui activitatea de securitate fizic\u0103 \u0219i vor&nbsp;monitoriza respectarea siguran\u021bei muncii.<\/div><span class=\"list__btn\"><svg xmlns=\"http:\/\/www.w3.org\/2000\/svg\" width=\"14\" height=\"24\" viewBox=\"0 0 14 24\"><path d=\"M0.710203334,0.469210767 C0.950675478,0.228771278 1.34053138,0.22879775 1.58097087,0.469269894 L12.9149405,11.8047788 C13.1553684,12.0452394 13.1553552,12.4350725 12.9149109,12.6755168 L2.05966799,23.5307597 C1.81921217,23.7712155 1.42935627,23.7712155 1.18890045,23.5307597 C0.948444632,23.2903039 0.948444632,22.9004479 1.18890045,22.6599921 L11.6087371,12.2399791 L0.710144207,1.33997831 C0.477719368,1.1075219 0.46999661,0.735474667 0.686957606,0.493741704 L0.710203334,0.469210767 Z\"><\/path><\/svg><\/span><\/div><\/a><\/div>\n\n\n\n<div class=\"list__item color-7 js-more-item is-hidden\"><a href=\"\/ro\/orase-si-municipalitati\/\" class=\"list__link\"><div class=\"list__bg\"><img decoding=\"async\" src=\"https:\/\/innovis.ai\/wp-content\/uploads\/2023\/09\/mesta.jpg\" alt=\"\" width=\"1920\" height=\"898\" loading=\"lazy\"\/><\/div><div class=\"list__main\"><div class=\"list__name\"><span class=\"list__line\"><\/span><span class=\"list__head\">ORA\u0218E &amp; MUNICIPALIT\u0102\u021aI<\/span><\/div><div class=\"list__desc\">Fi\u021bi cu un pas \u00eenainte \u00een asigurarea siguran\u021bei bunurilor ora\u0219ului dvs., cre\u0219terea confortului cet\u0103\u021benilor \u0219i reducerea criminalit\u0103\u021bii. Datorit\u0103 tehnologiilor inteligente, v\u0103 vom ajuta s\u0103 economisi\u021bi cheltuieli \u0219i s\u0103 cre\u0219te\u021bi atractivitatea municipiului dumneavoastr\u0103.<\/div><span class=\"list__btn\"><svg xmlns=\"http:\/\/www.w3.org\/2000\/svg\" width=\"14\" height=\"24\" viewBox=\"0 0 14 24\"><path d=\"M0.710203334,0.469210767 C0.950675478,0.228771278 1.34053138,0.22879775 1.58097087,0.469269894 L12.9149405,11.8047788 C13.1553684,12.0452394 13.1553552,12.4350725 12.9149109,12.6755168 L2.05966799,23.5307597 C1.81921217,23.7712155 1.42935627,23.7712155 1.18890045,23.5307597 C0.948444632,23.2903039 0.948444632,22.9004479 1.18890045,22.6599921 L11.6087371,12.2399791 L0.710144207,1.33997831 C0.477719368,1.1075219 0.46999661,0.735474667 0.686957606,0.493741704 L0.710203334,0.469210767 Z\"><\/path><\/svg><\/span><\/div><\/a><\/div>\n<\/div><div class=\"list__more\"><a href=\"#\" class=\"btn js-more-trigger\"><span class=\"btn__txt\">AFI\u0218EAZ\u0102 MAI MULT<\/span><span class=\"btn__icon\"><svg xmlns=\"http:\/\/www.w3.org\/2000\/svg\" width=\"40\" height=\"40\" viewBox=\"0 0 40 40\"><g transform=\"translate(11.51 11.51)\"><path d=\"M8.5,0 C8.77614237,0 9,0.219065566 9,0.489296636 L9,16.4892966 C9,16.7595277 8.77614237,16.9785933 8.5,16.9785933 C8.22385763,16.9785933 8,16.7595277 8,16.4892966 L8,0.489296636 C8,0.219065566 8.22385763,0 8.5,0 Z\"><\/path><path d=\"M16.4892966,8 C16.7595277,8 16.9785933,8.22385763 16.9785933,8.5 C16.9785933,8.77614237 16.7595277,9 16.4892966,9 L0.489296636,9 C0.219065566,9 0,8.77614237 0,8.5 C0,8.22385763 0.219065566,8 0.489296636,8 L16.4892966,8 Z\"><\/path><\/g><\/svg><\/span><\/a><\/div><\/div>\n<\/div>\n","protected":false},"excerpt":{"rendered":"","protected":false},"author":7,"featured_media":0,"parent":0,"menu_order":0,"comment_status":"closed","ping_status":"closed","template":"","meta":{"_acf_changed":false,"inline_featured_image":false,"footnotes":""},"class_list":["post-5755","page","type-page","status-publish","hentry"],"acf":[],"_links":{"self":[{"href":"https:\/\/innovis.ai\/ro\/wp-json\/wp\/v2\/pages\/5755","targetHints":{"allow":["GET"]}}],"collection":[{"href":"https:\/\/innovis.ai\/ro\/wp-json\/wp\/v2\/pages"}],"about":[{"href":"https:\/\/innovis.ai\/ro\/wp-json\/wp\/v2\/types\/page"}],"author":[{"embeddable":true,"href":"https:\/\/innovis.ai\/ro\/wp-json\/wp\/v2\/users\/7"}],"replies":[{"embeddable":true,"href":"https:\/\/innovis.ai\/ro\/wp-json\/wp\/v2\/comments?post=5755"}],"version-history":[{"count":3,"href":"https:\/\/innovis.ai\/ro\/wp-json\/wp\/v2\/pages\/5755\/revisions"}],"predecessor-version":[{"id":6737,"href":"https:\/\/innovis.ai\/ro\/wp-json\/wp\/v2\/pages\/5755\/revisions\/6737"}],"wp:attachment":[{"href":"https:\/\/innovis.ai\/ro\/wp-json\/wp\/v2\/media?parent=5755"}],"curies":[{"name":"wp","href":"https:\/\/api.w.org\/{rel}","templated":true}]}}