{"id":5767,"date":"2023-04-19T14:32:32","date_gmt":"2023-04-19T14:32:32","guid":{"rendered":"http:\/\/innovis.dev8.kancl.goodsailors.cz\/?page_id=5767"},"modified":"2024-03-06T12:42:36","modified_gmt":"2024-03-06T12:42:36","slug":"centre-de-cumparaturi","status":"publish","type":"page","link":"https:\/\/innovis.ai\/ro\/centre-de-cumparaturi\/","title":{"rendered":"Centre de cump\u0103r\u0103turi"},"content":{"rendered":"\n<div class=\"hero\"><div class=\"hero__main\"><div class=\"hero__article\"><h1>Centre de cump\u0103r\u0103turi<\/h1><p>Asigura\u021bi func\u021bionarea f\u0103r\u0103 probleme \u0219i \u00een siguran\u021b\u0103 a&nbsp;centrului dvs. de afaceri, optimiza\u021bi costurile de operare \u0219i ob\u021bine\u021bi o&nbsp;perspectiv\u0103 unic\u0103 asupra afacerii dvs. prin colectarea \u0219i evaluarea datelor complexe.<\/p><\/div><\/div><div class=\"hero__fig color-2\"><img loading=\"lazy\" decoding=\"async\" src=\"https:\/\/innovis.ai\/wp-content\/uploads\/2023\/07\/nakupni-centra.jpg\" alt=\"\" width=\"1920\" height=\"898\"\/><\/div><\/div>\n\n\n\n<div class=\"section\">\n<div class=\"boxes\"><div class=\"boxes__item\"><div class=\"boxes__box boxes__box1\"><p class=\"xl\">27 km\u00b2<\/p><p class=\"sm__sub\">suprafe\u021be comerciale acoperite de tehnologiile noastre<\/p><\/div><\/div><div class=\"boxes__item\"><div class=\"boxes__box boxes__box2\"><p class=\"xl\">24\/7<\/p><p class=\"sm__sub\">monitorizare de la&nbsp;distan\u021b\u0103<\/p><\/div><\/div><div class=\"boxes__item\"><div class=\"boxes__box boxes__box3\"><p class=\"xl\">30 +<\/p><p class=\"sm__sub\">peste de ani&nbsp;experien\u021b\u0103 pe&nbsp;pia\u021b\u0103<\/p><\/div><\/div><\/div>\n\n\n\n<div class=\"heading\"><h2>SOLU\u021aIA,<br><span class=\"thin\">PE CARE PO\u021aI&nbsp;<span class=\"underline\">CONTA<\/span><\/span><\/h2><\/div>\n\n\n<div class=\"list js-more\"><div class=\"list__grid\" id=\"product-grid\"><div class=\"list__item\"><div class=\"post post--dark\"><div class=\"post__image\"><img decoding=\"async\" src=\"https:\/\/innovis.ai\/wp-content\/uploads\/2023\/04\/sluzby-marketingova-data-o-navstevnosti-nahled.jpg\" alt=\"Date despre vizitare \u0219i mi\u0219carea persoanelor\" width=\"430\" height=\"320\" loading=\"lazy\" class=\"attachment-sluzby-grid size-sluzby-grid wp-post-image\" \/><\/div><div class=\"post__main\"><div class=\"post__content\"><div class=\"post__tags\"><div class=\"tag\"><\/div><\/div><h2>Date despre vizitare \u0219i mi\u0219carea persoanelor<\/h2><p>Ob\u021bine\u021bi date demografice clare, precise \u0219i p\u0103trunz\u0103toare despre vizitatorii magazinului dvs. cu ajutorul analizelor detaliate.<\/p><\/div><div class=\"post__footer\"><div class=\"post__more\"><a href=\"https:\/\/innovis.ai\/ro\/serviciu\/date-despre-vizitare-si-miscarea-persoanelor\/\" class=\"post__link\"><svg xmlns=\"http:\/\/www.w3.org\/2000\/svg\" width=\"14\" height=\"24\" viewBox=\"0 0 14 24\"><path d=\"M0.710203334,0.469210767 C0.950675478,0.228771278 1.34053138,0.22879775 1.58097087,0.469269894 L12.9149405,11.8047788 C13.1553684,12.0452394 13.1553552,12.4350725 12.9149109,12.6755168 L2.05966799,23.5307597 C1.81921217,23.7712155 1.42935627,23.7712155 1.18890045,23.5307597 C0.948444632,23.2903039 0.948444632,22.9004479 1.18890045,22.6599921 L11.6087371,12.2399791 L0.710144207,1.33997831 C0.477719368,1.1075219 0.46999661,0.735474667 0.686957606,0.493741704 L0.710203334,0.469210767 Z\"><\/path><\/svg><\/a><\/div><\/div><\/div><\/div><\/div><div class=\"list__item\"><div class=\"post post--dark\"><div class=\"post__image\"><img decoding=\"async\" src=\"https:\/\/innovis.ai\/wp-content\/uploads\/2023\/04\/vzdaleny-monitoring-nahled.jpg\" alt=\"Monitorizare de la&nbsp;distan\u021b\u0103\" width=\"430\" height=\"320\" loading=\"lazy\" class=\"attachment-sluzby-grid size-sluzby-grid wp-post-image\" \/><\/div><div class=\"post__main\"><div class=\"post__content\"><div class=\"post__tags\"><div class=\"tag\"><\/div><\/div><h2>Monitorizare de la&nbsp;distan\u021b\u0103<\/h2><p>Proteja\u021bi-v\u0103 afacerea cu ajutorul tehnologiei de ultim\u0103 genera\u021bie. Noi v\u0103 oferim o&nbsp;monitorizare rentabil\u0103, de la&nbsp;distan\u021b\u0103, 24 de ore din 24, 7 zile din 7.<\/p><\/div><div class=\"post__footer\"><div class=\"post__more\"><a href=\"https:\/\/innovis.ai\/ro\/serviciu\/monitorizare-de-la-distanta\/\" class=\"post__link\"><svg xmlns=\"http:\/\/www.w3.org\/2000\/svg\" width=\"14\" height=\"24\" viewBox=\"0 0 14 24\"><path d=\"M0.710203334,0.469210767 C0.950675478,0.228771278 1.34053138,0.22879775 1.58097087,0.469269894 L12.9149405,11.8047788 C13.1553684,12.0452394 13.1553552,12.4350725 12.9149109,12.6755168 L2.05966799,23.5307597 C1.81921217,23.7712155 1.42935627,23.7712155 1.18890045,23.5307597 C0.948444632,23.2903039 0.948444632,22.9004479 1.18890045,22.6599921 L11.6087371,12.2399791 L0.710144207,1.33997831 C0.477719368,1.1075219 0.46999661,0.735474667 0.686957606,0.493741704 L0.710203334,0.469210767 Z\"><\/path><\/svg><\/a><\/div><\/div><\/div><\/div><\/div><div class=\"list__item\"><div class=\"post post--dark\"><div class=\"post__image\"><img decoding=\"async\" src=\"https:\/\/innovis.ai\/wp-content\/uploads\/2023\/04\/efektivni-provoz-budovy-nahled.jpg\" alt=\"Optimizarea energetic\u0103 a&nbsp;func\u021bion\u0103rii cl\u0103dirilor\" width=\"430\" height=\"320\" loading=\"lazy\" class=\"attachment-sluzby-grid size-sluzby-grid wp-post-image\" \/><\/div><div class=\"post__main\"><div class=\"post__content\"><div class=\"post__tags\"><div class=\"tag\"><\/div><\/div><h2>Optimizarea energetic\u0103 a&nbsp;func\u021bion\u0103rii cl\u0103dirilor<\/h2><p>Optimiza\u021bi fluxul \u0219i consumul de energie cu ajutorul unui software inteligent \u0219i autonom care v\u0103 ajut\u0103 s\u0103 reduce\u021bi costurile de operare \u0219i amprenta de carbon.<\/p><\/div><div class=\"post__footer\"><div class=\"post__more\"><a href=\"https:\/\/innovis.ai\/ro\/serviciu\/optimizarea-energetica-a-functionarii-cladirilor\/\" class=\"post__link\"><svg xmlns=\"http:\/\/www.w3.org\/2000\/svg\" width=\"14\" height=\"24\" viewBox=\"0 0 14 24\"><path d=\"M0.710203334,0.469210767 C0.950675478,0.228771278 1.34053138,0.22879775 1.58097087,0.469269894 L12.9149405,11.8047788 C13.1553684,12.0452394 13.1553552,12.4350725 12.9149109,12.6755168 L2.05966799,23.5307597 C1.81921217,23.7712155 1.42935627,23.7712155 1.18890045,23.5307597 C0.948444632,23.2903039 0.948444632,22.9004479 1.18890045,22.6599921 L11.6087371,12.2399791 L0.710144207,1.33997831 C0.477719368,1.1075219 0.46999661,0.735474667 0.686957606,0.493741704 L0.710203334,0.469210767 Z\"><\/path><\/svg><\/a><\/div><\/div><\/div><\/div><\/div><div class=\"list__item js-more-item is-hidden\"><div class=\"post post--dark\"><div class=\"post__image\"><img decoding=\"async\" src=\"https:\/\/innovis.ai\/wp-content\/uploads\/2023\/08\/bezpecnostni-sluzby.jpg\" alt=\"Tehnologie de securitate\" width=\"430\" height=\"320\" loading=\"lazy\" class=\"attachment-sluzby-grid size-sluzby-grid wp-post-image\" \/><\/div><div class=\"post__main\"><div class=\"post__content\"><div class=\"post__tags\"><div class=\"tag\"><\/div><\/div><h2>Tehnologie de securitate<\/h2><p>V\u0103 putem ajuta s\u0103 v\u0103 proteja\u021bi facilit\u0103\u021bile \u0219i bunurile care v\u0103 sunt \u00eencredin\u021bate. Oferim solu\u021bii complete de securitate pentru&nbsp;proiecte \u0219i cl\u0103diri finalizate &#8211; de la&nbsp;analiza nevoilor \u0219i a&nbsp;riscurilor p\u00e2n\u0103 la&nbsp;proiectarea solu\u021biei tehnologice \u0219i implementarea la&nbsp;cheie.<\/p><\/div><div class=\"post__footer\"><div class=\"post__more\"><a href=\"https:\/\/innovis.ai\/ro\/serviciu\/tehnologie-de-securitate\/\" class=\"post__link\"><svg xmlns=\"http:\/\/www.w3.org\/2000\/svg\" width=\"14\" height=\"24\" viewBox=\"0 0 14 24\"><path d=\"M0.710203334,0.469210767 C0.950675478,0.228771278 1.34053138,0.22879775 1.58097087,0.469269894 L12.9149405,11.8047788 C13.1553684,12.0452394 13.1553552,12.4350725 12.9149109,12.6755168 L2.05966799,23.5307597 C1.81921217,23.7712155 1.42935627,23.7712155 1.18890045,23.5307597 C0.948444632,23.2903039 0.948444632,22.9004479 1.18890045,22.6599921 L11.6087371,12.2399791 L0.710144207,1.33997831 C0.477719368,1.1075219 0.46999661,0.735474667 0.686957606,0.493741704 L0.710203334,0.469210767 Z\"><\/path><\/svg><\/a><\/div><\/div><\/div><\/div><\/div><div class=\"list__item js-more-item is-hidden\"><div class=\"post post--dark\"><div class=\"post__image\"><img decoding=\"async\" src=\"https:\/\/innovis.ai\/wp-content\/uploads\/2023\/04\/centralni-rizeni-bms-1024x635.png\" alt=\"Management central BMS\" width=\"430\" height=\"320\" loading=\"lazy\" class=\"attachment-sluzby-grid size-sluzby-grid wp-post-image\" \/><\/div><div class=\"post__main\"><div class=\"post__content\"><div class=\"post__tags\"><div class=\"tag\"><\/div><\/div><h2>Management central BMS<\/h2><p>\u00cencredin\u021ba\u021bi gestionarea cl\u0103dirilor unit\u0103\u021bilor dvs. de v\u00e2nzare unei echipe de exper\u021bi \u0219i economisi\u021bi la&nbsp;opera\u021biuni. Un BMS (sistem de management al cl\u0103dirii &#8211; MAR) central utilizeaz\u0103 controlul \u0219i monitorizarea tehnologiei de la&nbsp;distan\u021b\u0103 dintr-o loca\u021bie central\u0103 de c\u0103tre echipa noastr\u0103 de profesioni\u0219ti.<\/p><\/div><div class=\"post__footer\"><div class=\"post__more\"><a href=\"https:\/\/innovis.ai\/ro\/serviciu\/management-central-bms\/\" class=\"post__link\"><svg xmlns=\"http:\/\/www.w3.org\/2000\/svg\" width=\"14\" height=\"24\" viewBox=\"0 0 14 24\"><path d=\"M0.710203334,0.469210767 C0.950675478,0.228771278 1.34053138,0.22879775 1.58097087,0.469269894 L12.9149405,11.8047788 C13.1553684,12.0452394 13.1553552,12.4350725 12.9149109,12.6755168 L2.05966799,23.5307597 C1.81921217,23.7712155 1.42935627,23.7712155 1.18890045,23.5307597 C0.948444632,23.2903039 0.948444632,22.9004479 1.18890045,22.6599921 L11.6087371,12.2399791 L0.710144207,1.33997831 C0.477719368,1.1075219 0.46999661,0.735474667 0.686957606,0.493741704 L0.710203334,0.469210767 Z\"><\/path><\/svg><\/a><\/div><\/div><\/div><\/div><\/div><div class=\"list__item js-more-item is-hidden\"><div class=\"post post--dark\"><div class=\"post__image\"><img decoding=\"async\" src=\"https:\/\/innovis.ai\/wp-content\/uploads\/2023\/04\/digitalizace-auditnich-cinnosti-nahled.jpg\" alt=\"Digitalizarea activit\u0103\u021bii de audit\" width=\"430\" height=\"320\" loading=\"lazy\" class=\"attachment-sluzby-grid size-sluzby-grid wp-post-image\" \/><\/div><div class=\"post__main\"><div class=\"post__content\"><div class=\"post__tags\"><div class=\"tag\"><\/div><\/div><h2>Digitalizarea activit\u0103\u021bii de audit<\/h2><p>Simplifica\u021bi conformitatea cu supravegherea automatizat\u0103, auditurile \u0219i standardele unificate \u00een \u00eentreaga dvs. re\u021bea de showroom-uri.<\/p><\/div><div class=\"post__footer\"><div class=\"post__more\"><a href=\"https:\/\/innovis.ai\/ro\/serviciu\/digitalizarea-activitatii-de-audit\/\" class=\"post__link\"><svg xmlns=\"http:\/\/www.w3.org\/2000\/svg\" width=\"14\" height=\"24\" viewBox=\"0 0 14 24\"><path d=\"M0.710203334,0.469210767 C0.950675478,0.228771278 1.34053138,0.22879775 1.58097087,0.469269894 L12.9149405,11.8047788 C13.1553684,12.0452394 13.1553552,12.4350725 12.9149109,12.6755168 L2.05966799,23.5307597 C1.81921217,23.7712155 1.42935627,23.7712155 1.18890045,23.5307597 C0.948444632,23.2903039 0.948444632,22.9004479 1.18890045,22.6599921 L11.6087371,12.2399791 L0.710144207,1.33997831 C0.477719368,1.1075219 0.46999661,0.735474667 0.686957606,0.493741704 L0.710203334,0.469210767 Z\"><\/path><\/svg><\/a><\/div><\/div><\/div><\/div><\/div><div class=\"list__item js-more-item is-hidden\"><div class=\"post post--dark\"><div class=\"post__image\"><img decoding=\"async\" src=\"https:\/\/innovis.ai\/wp-content\/uploads\/2023\/04\/pult-centralni-ochrany-product-nahled.jpg\" alt=\"Punct central de protec\u021bie\" width=\"430\" height=\"320\" loading=\"lazy\" class=\"attachment-sluzby-grid size-sluzby-grid wp-post-image\" \/><\/div><div class=\"post__main\"><div class=\"post__content\"><div class=\"post__tags\"><div class=\"tag\"><\/div><\/div><h2>Punct central de protec\u021bie<\/h2><p>Asigura\u021bi-v\u0103 securitatea cu serviciul nostru central de securitate, de unde monitoriz\u0103m \u0219i evalu\u0103m de la&nbsp;distan\u021b\u0103 semnalele de alarm\u0103 24 de ore din 24, 7 zile din 7.&nbsp;\u00cen cazul unui risc sau al unui incident de securitate, trimitem unit\u0103\u021bile noastre de interven\u021bie experimentate.<\/p><\/div><div class=\"post__footer\"><div class=\"post__more\"><a href=\"https:\/\/innovis.ai\/ro\/serviciu\/punct-central-de-protectie\/\" class=\"post__link\"><svg xmlns=\"http:\/\/www.w3.org\/2000\/svg\" width=\"14\" height=\"24\" viewBox=\"0 0 14 24\"><path d=\"M0.710203334,0.469210767 C0.950675478,0.228771278 1.34053138,0.22879775 1.58097087,0.469269894 L12.9149405,11.8047788 C13.1553684,12.0452394 13.1553552,12.4350725 12.9149109,12.6755168 L2.05966799,23.5307597 C1.81921217,23.7712155 1.42935627,23.7712155 1.18890045,23.5307597 C0.948444632,23.2903039 0.948444632,22.9004479 1.18890045,22.6599921 L11.6087371,12.2399791 L0.710144207,1.33997831 C0.477719368,1.1075219 0.46999661,0.735474667 0.686957606,0.493741704 L0.710203334,0.469210767 Z\"><\/path><\/svg><\/a><\/div><\/div><\/div><\/div><\/div><\/div><div class=\"list__more\"><a href=\"#\" class=\"btn  js-more-trigger\"><span class=\"btn__txt\">AFI\u0218EAZ\u0102 MAI MULT<\/span><span class=\"btn__icon\"><svg xmlns=\"http:\/\/www.w3.org\/2000\/svg\" width=\"40\" height=\"40\" viewBox=\"0 0 40 40\"><g transform=\"translate(11.51 11.51)\"><path d=\"M8.5,0 C8.77614237,0 9,0.219065566 9,0.489296636 L9,16.4892966 C9,16.7595277 8.77614237,16.9785933 8.5,16.9785933 C8.22385763,16.9785933 8,16.7595277 8,16.4892966 L8,0.489296636 C8,0.219065566 8.22385763,0 8.5,0 Z\"><\/path><path d=\"M16.4892966,8 C16.7595277,8 16.9785933,8.22385763 16.9785933,8.5 C16.9785933,8.77614237 16.7595277,9 16.4892966,9 L0.489296636,9 C0.219065566,9 0,8.77614237 0,8.5 C0,8.22385763 0.219065566,8 0.489296636,8 L16.4892966,8 Z\"><\/path><\/g><\/svg><\/span><\/a><\/div><\/div><\/div>\n\n\n\n<div class=\"banner color-2\" id=\"banner\"><div class=\"banner__main\"><div class=\"banner__article\"><h2><span class=\"thin\">VIZUALIZA\u021aI HARTA<\/span><br>INTERACTIV\u0102 A&nbsp;SERVICIILOR NOASTRE<\/h2><a href=\"https:\/\/innovis.ai\/interactive-map\/shopping-centre\" class=\"btn btn--transparent\"><span class=\"btn__txt\">Vizualiza\u021bi harta<\/span><span class=\"btn__icon\"><svg xmlns=\"http:\/\/www.w3.org\/2000\/svg\" width=\"14\" height=\"24\" viewBox=\"0 0 14 24\"><path d=\"M0.710203334,0.469210767 C0.950675478,0.228771278 1.34053138,0.22879775 1.58097087,0.469269894 L12.9149405,11.8047788 C13.1553684,12.0452394 13.1553552,12.4350725 12.9149109,12.6755168 L2.05966799,23.5307597 C1.81921217,23.7712155 1.42935627,23.7712155 1.18890045,23.5307597 C0.948444632,23.2903039 0.948444632,22.9004479 1.18890045,22.6599921 L11.6087371,12.2399791 L0.710144207,1.33997831 C0.477719368,1.1075219 0.46999661,0.735474667 0.686957606,0.493741704 L0.710203334,0.469210767 Z\"><\/path><\/svg><\/span><\/a><\/div><\/div><div class=\"banner__fig\"><img loading=\"lazy\" decoding=\"async\" src=\"https:\/\/innovis.ai\/wp-content\/uploads\/2023\/07\/mapa-sluzeb.jpg\" alt=\"\" width=\"1920\" height=\"898\"\/><\/div><\/div>\n\n\n\n<div class=\"section\">\n<div class=\"heading\"><h2><span class=\"thin\">CE SPUN<\/span>&nbsp;EXPER\u021aII NO\u0218TRI<\/h2><\/div>\n\n\n\n<div class=\"quote\"><div class=\"quote__item\"><div class=\"quote__aside\"><div class=\"quote__img\"><img decoding=\"async\" src=\"https:\/\/innovis.ai\/wp-content\/uploads\/2023\/04\/kuliskova.png\" alt=\"\" width=\"106\" height=\"132\" loading=\"lazy\"\/><\/div><\/div><div class=\"quote__main\">\n<p><em>\u201eFolosirea tehnologiilor avansate de securitate, inclusiv monitorizarea de la&nbsp;distan\u021b\u0103 \u0219i suplimentul de software CCTV analitic, nu v\u0103 va oferi doar siguran\u021ba protec\u021biei fiabile, ci \u0219i date analitice extrem de precise despre comportamentul clien\u021bilor, care pot fi extrem de valoroase.\u201d<\/em><\/p>\n\n\n\n<p><strong>Kate\u0159ina Kul\u00ed\u0161kov\u00e1 | <strong>Coordonator de dezvoltare a&nbsp;afacerilor<\/strong><\/strong><\/p>\n<\/div><div class=\"quote__arrow\"><\/div><\/div><\/div>\n<\/div>\n\n\n\n<div class=\"light-bg\"><div class=\"section\">\n<div class=\"heading\"><h2><span class=\"thin\">NEGOCIA\u021aI<\/span><br>CONSULT\u0102RI F\u0102R\u0102 OBLIGA\u021aII<\/h2><\/div>\n\n\n  <p>* C\u00e2mp necesar<\/p>\n  <form id=\"contact-form-wrap\" method=\"post\" data-type=\"contact\" data-email=\"\" novalidate=\"\">\n      <div class=\"contact-form-wrap\">\n          <div class=\"contact-form-wrap-inner\">\n              <div class=\"contact-form-line\">\n                  <div class=\"contact-form-line-full\">\n                      <label for=\"name\">Nume*<\/label>\n                      <input type=\"text\" id=\"contact-form-name\" pattern=\"[A-Za-z]+\" name=\"name\" class=\"input-type-text form-input require\" placeholder=\"Nume\" onfocusout=\"validateName()\" \/>\n\n                      <div id=\"contact-form-name-errors\" class=\"contact-form_errors-box\">\n                          <div id=\"contact-form-error-name_missing\">Completa\u021bi numele dvs.<\/div>\n                          <div id=\"contact-form-error-name_bad-characters\">Numai literele A-Z.<\/div>\n                          <div id=\"contact-form-error-name_count-characters\">Minim 2 caractere.<\/div>\n                      <\/div>\n                  <\/div>\n              <\/div>\n\n              <div class=\"contact-form-line\">\n                  <div class=\"contact-form-line-full\">\n                      <label for=\"companyname\">Numele companiei<\/label>\n                      <input type=\"text\" id=\"contact-form-companyname\" pattern=\"[A-Za-z]+\" name=\"companyname\" class=\"input-type-text form-input\" placeholder=\"Numele companiei\" onfocusout=\"validateCompanyName()\" \/>\n\n                      <div id=\"contact-form-companyname-errors\" class=\"contact-form_errors-box\">\n                          <div id=\"contact-form-error-companyname_bad-characters\">Numai literele A-Z.<\/div>\n                          <div id=\"contact-form-error-companyname_count-characters\">Minim 2 caractere.<\/div>\n                      <\/div>\n                  <\/div>\n              <\/div>\n\n              <div class=\"contact-form-line\">\n                  <div class=\"contact-form-line-full\">\n                      <label for=\"name\">E-mail*<\/label>\n                      <input type=\"email\" id=\"contact-form-email\" name=\"email\" class=\"input-type-email form-input require\" placeholder=\"E-mail\" onfocusout=\"validateEmail()\" \/>\n                      <div id=\"contact-form-email-errors\" class=\"contact-form_errors-box\">\n                          <div id=\"contact-form-error-email_missing\">Completa\u021bi E-mail-ul dvs.<\/div>\n                          <div id=\"contact-form-error-email_bad-format\">E-mail-ul este \u00een format gre\u0219it.<\/div>\n                      <\/div>\n                  <\/div>\n              <\/div>\n\n              <div class=\"contact-form-line\">\n                  <div class=\"contact-form-line-full\">\n                      <label for=\"Phone\">Telefon*<\/label>\n                      <input type=\"text\" id=\"contact-form-phone\" pattern=\"\\d{9}\" name=\"phone\" class=\"input-type-text form-input require\" placeholder=\"Telefon\" onfocusout=\"validatePhone()\" \/>\n                      <div id=\"contact-form-phone-errors\" class=\"contact-form_errors-box\">\n                          <div id=\"contact-form-error-phone_missing\">Completa\u021bi num\u0103rul de telefon.<\/div>\n                          <div id=\"contact-form-error-phone_bad-characters\">Caractere nepermise.<\/div>\n                          <div id=\"contact-form-error-phone_count-characters\">Numai num\u0103r din 9 cifre.<\/div>\n                      <\/div>\n                  <\/div>\n              <\/div>\n\n              <div class=\"contact-form-line\">\n                  <div class=\"contact-form-line-full\">\n                      <label for=\"file\">Ata\u0219a\u021bi fi\u0219ier<\/label>\n\n                      <div class=\"file-upload\">\n                          <input type=\"file\" name=\"file\" id=\"file\" class=\"inputfile\" data-multiple-caption=\"{count} files selected\" multiple=\"\" placeholder=\"Fi\u0219ier neselectat\">\n\n                              <label for=\"file\" class=\"btn btn--secondary\">\n                                  <span class=\"btn__txt\">\u00cenc\u0103rca\u021bi ata\u0219ament<\/span>\n                                  <span class=\"btn__icon\">\n                                      <svg xmlns=\"http:\/\/www.w3.org\/2000\/svg\" viewBox=\"0 0 24 24\" width=\"16\" height=\"16\"><path d=\"M4 19H20V12H22V20C22 20.5523 21.5523 21 21 21H3C2.44772 21 2 20.5523 2 20V12H4V19ZM13 9V16H11V9H6L12 3L18 9H13Z\"><\/path><\/svg>\n                                  <\/span>\n                              <\/label>\n                      <\/div>\n                  <\/div>\n              <\/div>\n\n              <div class=\"contact-form-line\">\n                  <div class=\"contact-form-line-full\">\n                      <label for=\"name\">Mesaj<\/label>\n                      <textarea name=\"message\" id=\"contact-form-message\" pattern=\"[A-Za-z0-9]+\" class=\"form-input require\" placeholder=\"Scrie\u021bi un mesaj..\" onfocusout=\"validateMessage()\"><\/textarea>\n                      <div id=\"contact-form-message-errors\" class=\"contact-form_errors-box\">\n                          <div id=\"contact-form-error-message_missing\">Mesajul trebuie s\u0103 con\u021bin\u0103 cel pu\u021bin 10 caractere<\/div>\n                      <\/div>\n                  <\/div>\n              <\/div>\n\n              <div class=\"contact-form-line\">\n                  <div class=\"contact-form-line-full contact-form-terms\">\n                      <input type=\"checkbox\" name=\"terms\" class=\"input-type-terms form-input require\" id=\"contact-form-terms\" \/>\n                      <label for=\"name\">Sunt de acord cu&nbsp;<a href=\"https:\/\/innovis.ai\/ro\/informace-o-zpracovani-osobnich-udaju\/\" target=\"_blank\"> prelucrarea datelor cu caracter personal<\/a><\/label>\n                  <\/div>\n\n                  <div id=\"contact-form-term-errors\" class=\"contact-form_errors-box\">\n                      <div id=\"contact-form-error-terms_missing\">Trebuie s\u0103 fi\u021bi de acord cu prelucrarea datelor cu caracter personal<\/div>\n                  <\/div>\n              <\/div>\n\n               <div class=\"contact-form-line captcha\">\n                  <div class=\"g-recaptcha\" id=\"contact-form-captcha\"\n                    data-sitekey=\"6Lf0FWIpAAAAALyo7t7ZoM4Mkn4PQjBjp0-cODtw\"><\/div>\n\n                  <div id=\"contact-form-term-errors\" class=\"contact-form_errors-box\">\n                      <div id=\"contact-form-error-captcha_missing\">Pros\u00edm ov\u011b\u0159te, \u017ee&nbsp;nejste robot!<\/div>\n                  <\/div>\n              <\/div>\n\n              <div class=\"contact-form-line\" id=\"error-response\" style=\"display:none\"><\/div>\n              <div class=\"contact-form-line\" id=\"success-response\" style=\"display:none\">\n                  Formularul a&nbsp;fost trimis cu succes.              <\/div>\n\n\n              <div class=\"contact-form-line\">\n                  <div class=\"contact-form-line-full contact-form-send-containter\" \/>\n                  <span id=\"send-message\">\n                      <button type=\"submit\" class=\"btn btn--secondary\">\n                          <span class=\"btn__txt\">Trimite\u021bi<\/span>\n                          <span class=\"btn__icon\">\n                              <svg xmlns=\"http:\/\/www.w3.org\/2000\/svg\" width=\"40\" height=\"40\" viewBox=\"0 0 40 40\"><g transform=\"translate(11.5 13.456)\"><path d=\"M10.1478819 6.144593C10.3409094 5.95160773 10.6538346 5.95164197 10.8468199 6.14466946L16.4933263 11.7924115C16.6863116 11.985439 16.6862774 12.2983642 16.4932499 12.4913494 16.3002224 12.6843347 15.9872972 12.6843005 15.7943119 12.491273L10.1478055 6.84353094C9.95482019 6.65050345 9.95485442 6.33757827 10.1478819 6.144593ZM6.14710235 6.14463123C6.34010873 5.95162485 6.65303391 5.95162485 6.84604029 6.14463123 7.03904668 6.33763762 7.03904668 6.65056279 6.84604029 6.84356918L1.1216936 12.5679159C.928687213 12.7609223.615762036 12.7609223.422755653 12.5679159.229749269 12.3749095.229749269 12.0619843.422755653 11.8689779L6.14710235 6.14463123Z\"><\/path><path d=\"M15.8697193,0.420284534 C16.0627256,0.22727815 16.3756508,0.22727815 16.5686572,0.420284534 C16.7616636,0.613290918 16.7616636,0.926216094 16.5686572,1.11922248 L9.51049321,8.17738549 C8.95048985,8.73927438 8.041572,8.73927438 7.48024036,8.17794274 L0.422725066,1.11919189 C0.229735576,0.926168612 0.229762966,0.613243437 0.422786242,0.420253947 C0.615809519,0.227264457 0.928734694,0.227291847 1.12172418,0.420315123 L8.17920889,7.47903538 C8.35430123,7.65412773 8.63646264,7.65412773 8.81096842,7.47903538 L15.8697193,0.420284534 Z\"><\/path><path d=\"M15.5532217,4.54747351e-13 L1.43572002,4.54747351e-13 C0.642597269,4.54747351e-13 0,0.642597269 0,1.43572002 L0,11.5537159 C0,12.3459297 0.642923363,12.989436 1.43572002,12.989436 L15.5532217,12.989436 C16.3460184,12.989436 16.9889417,12.3459297 16.9889417,11.5537159 L16.9889417,1.43572002 C16.9889417,0.642597269 16.3463445,4.54747351e-13 15.5532217,4.54747351e-13 Z M15.5532217,0.98844752 C15.80044,0.98844752 16.0004942,1.18850176 16.0004942,1.43572002 L16.0004942,11.5537159 C16.0004942,11.8002256 15.7999133,12.0009884 15.5532217,12.0009884 L1.43572002,12.0009884 C1.18902847,12.0009884 0.98844752,11.8002256 0.98844752,11.5537159 L0.98844752,1.43572002 C0.98844752,1.18850176 1.18850176,0.98844752 1.43572002,0.98844752 L15.5532217,0.98844752 Z\"><\/path><\/g><\/svg>\n                          <\/span>\n                      <\/button>\n                  <\/span>\n              <\/div>\n          <\/div>\n      <\/div>\n  <\/div>\n  <\/form>\n\n  <\/div><\/div>\n","protected":false},"excerpt":{"rendered":"","protected":false},"author":7,"featured_media":0,"parent":0,"menu_order":0,"comment_status":"closed","ping_status":"closed","template":"","meta":{"_acf_changed":false,"inline_featured_image":false,"footnotes":""},"class_list":["post-5767","page","type-page","status-publish","hentry"],"acf":[],"_links":{"self":[{"href":"https:\/\/innovis.ai\/ro\/wp-json\/wp\/v2\/pages\/5767","targetHints":{"allow":["GET"]}}],"collection":[{"href":"https:\/\/innovis.ai\/ro\/wp-json\/wp\/v2\/pages"}],"about":[{"href":"https:\/\/innovis.ai\/ro\/wp-json\/wp\/v2\/types\/page"}],"author":[{"embeddable":true,"href":"https:\/\/innovis.ai\/ro\/wp-json\/wp\/v2\/users\/7"}],"replies":[{"embeddable":true,"href":"https:\/\/innovis.ai\/ro\/wp-json\/wp\/v2\/comments?post=5767"}],"version-history":[{"count":3,"href":"https:\/\/innovis.ai\/ro\/wp-json\/wp\/v2\/pages\/5767\/revisions"}],"predecessor-version":[{"id":6771,"href":"https:\/\/innovis.ai\/ro\/wp-json\/wp\/v2\/pages\/5767\/revisions\/6771"}],"wp:attachment":[{"href":"https:\/\/innovis.ai\/ro\/wp-json\/wp\/v2\/media?parent=5767"}],"curies":[{"name":"wp","href":"https:\/\/api.w.org\/{rel}","templated":true}]}}