{"id":5875,"date":"2023-07-26T19:40:20","date_gmt":"2023-07-26T19:40:20","guid":{"rendered":"http:\/\/innovis.dev8.kancl.goodsailors.cz\/?page_id=5875"},"modified":"2024-02-08T13:49:40","modified_gmt":"2024-02-08T13:49:40","slug":"cariera","status":"publish","type":"page","link":"https:\/\/innovis.ai\/ro\/cariera\/","title":{"rendered":"Carier\u0103"},"content":{"rendered":"\n<div class=\"hero\"><div class=\"hero__main\"><div class=\"hero__article hero__article--midi\"><h1>AL\u0102TURA\u021aI-V\u0102 ECHIPEI NOASTRE DE TALENTE EXCEP\u021aIONALE<\/h1><p>La INNOVIS, ne d\u0103m seama c\u0103 oamenii no\u0219tri sunt fundamentul succesului nostru. Expertiza, pasiunea \u0219i previziunea echipei noastre ne conduc mai departe. C\u0103ut\u0103m mereu persoane talentate &#8211; f\u0103 primul pas \u0219i descoperi oportunit\u0103\u021bi de carier\u0103 cu INNOVIS!<\/p><\/div><\/div><div class=\"hero__fig is-dark\"><img loading=\"lazy\" decoding=\"async\" src=\"http:\/\/innovis.ai\/wp-content\/uploads\/2023\/07\/join-us.jpg\" alt=\"\" width=\"1920\" height=\"898\"\/><\/div><\/div>\n\n\n\n<div class=\"section\"><div class=\"entry\"><div class=\"heading heading--small\"><h2>DE CE INNOVIS?<\/h2><\/div><p><strong>La INNOVIS, pre\u021buim oamenii no\u0219tri. F\u0103r\u0103 cuno\u0219tin\u021bele, entuziasmul \u0219i eforturile lor, nu ne-am fi putut atinge obiectivele. Sus\u021binem un mediu \u00een care fiecare persoan\u0103 are un loc de munc\u0103 semnificativ \u0219i oportunit\u0103\u021bi de dezvoltare \u00een carier\u0103. Al\u0103tura\u021bi-v\u0103 nou\u0103 \u0219i deveni\u021bi o&nbsp;parte important\u0103 a&nbsp;echipei noastre dinamice.<\/strong><\/p><\/div><\/div>\n\n\n\n<div class=\"talent\"><div class=\"talent__section\"><div class=\"talent__main\"><div class=\"heading heading--small\"><h2>C\u0102UT\u0102M TALENTE C\u00c2T MAI DIVERSE<\/h2><\/div>\n<p><strong>C\u0103ut\u0103m absolven\u021bi, colegi tineri \u0219i cu experien\u021b\u0103, profesioni\u0219ti care au un ochi pentru&nbsp;detalii, sunt creativi \u0219i orienta\u021bi c\u0103tre clien\u021bi. \u00cempreun\u0103 oferim clien\u021bilor no\u0219tri servicii excep\u021bionale.<\/strong><\/p>\n\n\n\n<p><strong>Cultura companiei:<\/strong><br>Construim o&nbsp;cultur\u0103 a&nbsp;companiei bazat\u0103 pe&nbsp;independen\u021b\u0103 \u0219i cre\u0219tere agil\u0103. Avem un mediu dinamic \u0219i ne adapt\u0103m rapid la&nbsp;situa\u021bii noi. Fiecare membru al echipei aduce o&nbsp;combina\u021bie unic\u0103 de abilit\u0103\u021bi, experien\u021b\u0103 \u0219i expertiz\u0103 care contribuie la&nbsp;succesul comun.<\/p>\n<\/div><div class=\"talent__fig\"><img decoding=\"async\" src=\"http:\/\/innovis.ai\/wp-content\/uploads\/2023\/07\/talent.png\" alt=\"\" width=\"1250\" height=\"897\" loading=\"lazy\"\/><\/div><\/div><\/div>\n\n\n\n<div class=\"light-bg\"><div class=\"section\">\n<div class=\"heading heading--small\"><h2>PLECA\u021aI LA&nbsp;DRUM&nbsp;CU INNOVIS<\/h2><\/div><article class=\"article\">\n<p><strong>Explora\u021bi posturile noastre vacante actuale. Al\u0103tura\u021bi-v\u0103 nou\u0103 \u0219i participa\u021bi la&nbsp;construirea tehnologiilor viitorului.<\/strong><\/p>\n\n\n\n<p><strong>Completa\u021bi formularul de contact \u0219i scrie\u021bi un mesaj scurt despre motivul pentru&nbsp;care a\u021bi fi potrivit pentru&nbsp;echipa noastr\u0103. A\u0219tept\u0103m s\u0103 auzim de voi<\/strong>.<\/p>\n<\/article>\n\n\n  <p>* C\u00e2mp necesar<\/p>\n  <form id=\"contact-form-wrap\" method=\"post\" data-type=\"contact\" data-email=\"\" novalidate=\"\">\n      <div class=\"contact-form-wrap\">\n          <div class=\"contact-form-wrap-inner\">\n              <div class=\"contact-form-line\">\n                  <div class=\"contact-form-line-full\">\n                      <label for=\"name\">Nume*<\/label>\n                      <input type=\"text\" id=\"contact-form-name\" pattern=\"[A-Za-z]+\" name=\"name\" class=\"input-type-text form-input require\" placeholder=\"Nume\" onfocusout=\"validateName()\" \/>\n\n                      <div id=\"contact-form-name-errors\" class=\"contact-form_errors-box\">\n                          <div id=\"contact-form-error-name_missing\">Completa\u021bi numele dvs.<\/div>\n                          <div id=\"contact-form-error-name_bad-characters\">Numai literele A-Z.<\/div>\n                          <div id=\"contact-form-error-name_count-characters\">Minim 2 caractere.<\/div>\n                      <\/div>\n                  <\/div>\n              <\/div>\n\n              <div class=\"contact-form-line\">\n                  <div class=\"contact-form-line-full\">\n                      <label for=\"companyname\">Numele companiei<\/label>\n                      <input type=\"text\" id=\"contact-form-companyname\" pattern=\"[A-Za-z]+\" name=\"companyname\" class=\"input-type-text form-input\" placeholder=\"Numele companiei\" onfocusout=\"validateCompanyName()\" \/>\n\n                      <div id=\"contact-form-companyname-errors\" class=\"contact-form_errors-box\">\n                          <div id=\"contact-form-error-companyname_bad-characters\">Numai literele A-Z.<\/div>\n                          <div id=\"contact-form-error-companyname_count-characters\">Minim 2 caractere.<\/div>\n                      <\/div>\n                  <\/div>\n              <\/div>\n\n              <div class=\"contact-form-line\">\n                  <div class=\"contact-form-line-full\">\n                      <label for=\"name\">E-mail*<\/label>\n                      <input type=\"email\" id=\"contact-form-email\" name=\"email\" class=\"input-type-email form-input require\" placeholder=\"E-mail\" onfocusout=\"validateEmail()\" \/>\n                      <div id=\"contact-form-email-errors\" class=\"contact-form_errors-box\">\n                          <div id=\"contact-form-error-email_missing\">Completa\u021bi E-mail-ul dvs.<\/div>\n                          <div id=\"contact-form-error-email_bad-format\">E-mail-ul este \u00een format gre\u0219it.<\/div>\n                      <\/div>\n                  <\/div>\n              <\/div>\n\n              <div class=\"contact-form-line\">\n                  <div class=\"contact-form-line-full\">\n                      <label for=\"Phone\">Telefon*<\/label>\n                      <input type=\"text\" id=\"contact-form-phone\" pattern=\"\\d{9}\" name=\"phone\" class=\"input-type-text form-input require\" placeholder=\"Telefon\" onfocusout=\"validatePhone()\" \/>\n                      <div id=\"contact-form-phone-errors\" class=\"contact-form_errors-box\">\n                          <div id=\"contact-form-error-phone_missing\">Completa\u021bi num\u0103rul de telefon.<\/div>\n                          <div id=\"contact-form-error-phone_bad-characters\">Caractere nepermise.<\/div>\n                          <div id=\"contact-form-error-phone_count-characters\">Numai num\u0103r din 9 cifre.<\/div>\n                      <\/div>\n                  <\/div>\n              <\/div>\n\n              <div class=\"contact-form-line\">\n                  <div class=\"contact-form-line-full\">\n                      <label for=\"file\">Ata\u0219a\u021bi fi\u0219ier<\/label>\n\n                      <div class=\"file-upload\">\n                          <input type=\"file\" name=\"file\" id=\"file\" class=\"inputfile\" data-multiple-caption=\"{count} files selected\" multiple=\"\" placeholder=\"Fi\u0219ier neselectat\">\n\n                              <label for=\"file\" class=\"btn btn--secondary\">\n                                  <span class=\"btn__txt\">\u00cenc\u0103rca\u021bi ata\u0219ament<\/span>\n                                  <span class=\"btn__icon\">\n                                      <svg xmlns=\"http:\/\/www.w3.org\/2000\/svg\" viewBox=\"0 0 24 24\" width=\"16\" height=\"16\"><path d=\"M4 19H20V12H22V20C22 20.5523 21.5523 21 21 21H3C2.44772 21 2 20.5523 2 20V12H4V19ZM13 9V16H11V9H6L12 3L18 9H13Z\"><\/path><\/svg>\n                                  <\/span>\n                              <\/label>\n                      <\/div>\n                  <\/div>\n              <\/div>\n\n              <div class=\"contact-form-line\">\n                  <div class=\"contact-form-line-full\">\n                      <label for=\"name\">Mesaj<\/label>\n                      <textarea name=\"message\" id=\"contact-form-message\" pattern=\"[A-Za-z0-9]+\" class=\"form-input require\" placeholder=\"Scrie\u021bi un mesaj..\" onfocusout=\"validateMessage()\"><\/textarea>\n                      <div id=\"contact-form-message-errors\" class=\"contact-form_errors-box\">\n                          <div id=\"contact-form-error-message_missing\">Mesajul trebuie s\u0103 con\u021bin\u0103 cel pu\u021bin 10 caractere<\/div>\n                      <\/div>\n                  <\/div>\n              <\/div>\n\n              <div class=\"contact-form-line\">\n                  <div class=\"contact-form-line-full contact-form-terms\">\n                      <input type=\"checkbox\" name=\"terms\" class=\"input-type-terms form-input require\" id=\"contact-form-terms\" \/>\n                      <label for=\"name\">Sunt de acord cu&nbsp;<a href=\"https:\/\/innovis.ai\/ro\/informace-o-zpracovani-osobnich-udaju\/\" target=\"_blank\"> prelucrarea datelor cu caracter personal<\/a><\/label>\n                  <\/div>\n\n                  <div id=\"contact-form-term-errors\" class=\"contact-form_errors-box\">\n                      <div id=\"contact-form-error-terms_missing\">Trebuie s\u0103 fi\u021bi de acord cu prelucrarea datelor cu caracter personal<\/div>\n                  <\/div>\n              <\/div>\n\n               <div class=\"contact-form-line captcha\">\n                  <div class=\"g-recaptcha\" id=\"contact-form-captcha\"\n                    data-sitekey=\"6Lf0FWIpAAAAALyo7t7ZoM4Mkn4PQjBjp0-cODtw\"><\/div>\n\n                  <div id=\"contact-form-term-errors\" class=\"contact-form_errors-box\">\n                      <div id=\"contact-form-error-captcha_missing\">Pros\u00edm ov\u011b\u0159te, \u017ee&nbsp;nejste robot!<\/div>\n                  <\/div>\n              <\/div>\n\n              <div class=\"contact-form-line\" id=\"error-response\" style=\"display:none\"><\/div>\n              <div class=\"contact-form-line\" id=\"success-response\" style=\"display:none\">\n                  Formularul a&nbsp;fost trimis cu succes.              <\/div>\n\n\n              <div class=\"contact-form-line\">\n                  <div class=\"contact-form-line-full contact-form-send-containter\" \/>\n                  <span id=\"send-message\">\n                      <button type=\"submit\" class=\"btn btn--secondary\">\n                          <span class=\"btn__txt\">Trimite\u021bi<\/span>\n                          <span class=\"btn__icon\">\n                              <svg xmlns=\"http:\/\/www.w3.org\/2000\/svg\" width=\"40\" height=\"40\" viewBox=\"0 0 40 40\"><g transform=\"translate(11.5 13.456)\"><path d=\"M10.1478819 6.144593C10.3409094 5.95160773 10.6538346 5.95164197 10.8468199 6.14466946L16.4933263 11.7924115C16.6863116 11.985439 16.6862774 12.2983642 16.4932499 12.4913494 16.3002224 12.6843347 15.9872972 12.6843005 15.7943119 12.491273L10.1478055 6.84353094C9.95482019 6.65050345 9.95485442 6.33757827 10.1478819 6.144593ZM6.14710235 6.14463123C6.34010873 5.95162485 6.65303391 5.95162485 6.84604029 6.14463123 7.03904668 6.33763762 7.03904668 6.65056279 6.84604029 6.84356918L1.1216936 12.5679159C.928687213 12.7609223.615762036 12.7609223.422755653 12.5679159.229749269 12.3749095.229749269 12.0619843.422755653 11.8689779L6.14710235 6.14463123Z\"><\/path><path d=\"M15.8697193,0.420284534 C16.0627256,0.22727815 16.3756508,0.22727815 16.5686572,0.420284534 C16.7616636,0.613290918 16.7616636,0.926216094 16.5686572,1.11922248 L9.51049321,8.17738549 C8.95048985,8.73927438 8.041572,8.73927438 7.48024036,8.17794274 L0.422725066,1.11919189 C0.229735576,0.926168612 0.229762966,0.613243437 0.422786242,0.420253947 C0.615809519,0.227264457 0.928734694,0.227291847 1.12172418,0.420315123 L8.17920889,7.47903538 C8.35430123,7.65412773 8.63646264,7.65412773 8.81096842,7.47903538 L15.8697193,0.420284534 Z\"><\/path><path d=\"M15.5532217,4.54747351e-13 L1.43572002,4.54747351e-13 C0.642597269,4.54747351e-13 0,0.642597269 0,1.43572002 L0,11.5537159 C0,12.3459297 0.642923363,12.989436 1.43572002,12.989436 L15.5532217,12.989436 C16.3460184,12.989436 16.9889417,12.3459297 16.9889417,11.5537159 L16.9889417,1.43572002 C16.9889417,0.642597269 16.3463445,4.54747351e-13 15.5532217,4.54747351e-13 Z M15.5532217,0.98844752 C15.80044,0.98844752 16.0004942,1.18850176 16.0004942,1.43572002 L16.0004942,11.5537159 C16.0004942,11.8002256 15.7999133,12.0009884 15.5532217,12.0009884 L1.43572002,12.0009884 C1.18902847,12.0009884 0.98844752,11.8002256 0.98844752,11.5537159 L0.98844752,1.43572002 C0.98844752,1.18850176 1.18850176,0.98844752 1.43572002,0.98844752 L15.5532217,0.98844752 Z\"><\/path><\/g><\/svg>\n                          <\/span>\n                      <\/button>\n                  <\/span>\n              <\/div>\n          <\/div>\n      <\/div>\n  <\/div>\n  <\/form>\n\n  <\/div><\/div>\n","protected":false},"excerpt":{"rendered":"","protected":false},"author":7,"featured_media":0,"parent":0,"menu_order":0,"comment_status":"closed","ping_status":"closed","template":"","meta":{"_acf_changed":false,"inline_featured_image":false,"footnotes":""},"class_list":["post-5875","page","type-page","status-publish","hentry"],"acf":[],"_links":{"self":[{"href":"https:\/\/innovis.ai\/ro\/wp-json\/wp\/v2\/pages\/5875","targetHints":{"allow":["GET"]}}],"collection":[{"href":"https:\/\/innovis.ai\/ro\/wp-json\/wp\/v2\/pages"}],"about":[{"href":"https:\/\/innovis.ai\/ro\/wp-json\/wp\/v2\/types\/page"}],"author":[{"embeddable":true,"href":"https:\/\/innovis.ai\/ro\/wp-json\/wp\/v2\/users\/7"}],"replies":[{"embeddable":true,"href":"https:\/\/innovis.ai\/ro\/wp-json\/wp\/v2\/comments?post=5875"}],"version-history":[{"count":1,"href":"https:\/\/innovis.ai\/ro\/wp-json\/wp\/v2\/pages\/5875\/revisions"}],"predecessor-version":[{"id":5876,"href":"https:\/\/innovis.ai\/ro\/wp-json\/wp\/v2\/pages\/5875\/revisions\/5876"}],"wp:attachment":[{"href":"https:\/\/innovis.ai\/ro\/wp-json\/wp\/v2\/media?parent=5875"}],"curies":[{"name":"wp","href":"https:\/\/api.w.org\/{rel}","templated":true}]}}