{"id":5879,"date":"2023-03-13T21:29:09","date_gmt":"2023-03-13T21:29:09","guid":{"rendered":"http:\/\/innovis.dev8.kancl.goodsailors.cz\/?page_id=5879"},"modified":"2024-03-06T10:21:45","modified_gmt":"2024-03-06T10:21:45","slug":"informatii-despre-prelucrarea-datelor-cu-caracter-personal","status":"publish","type":"page","link":"https:\/\/innovis.ai\/ro\/informatii-despre-prelucrarea-datelor-cu-caracter-personal\/","title":{"rendered":"Informa\u021bii despre prelucrarea datelor cu caracter personal"},"content":{"rendered":"\n<div class=\"section\">\n<div class=\"headline\"><h1>Informa\u021bii privind prelucrarea datelor cu caracter personal<\/h1><\/div>\n\n\n\n<p>conform Regulamentului (UE) 2016\/679 al Parlamentului European \u0219i al Consiliului, regulament general privind protec\u021bia datelor cu caracter personal (denumit \u00een continuare \u201eGDPR\u201d)<\/p>\n\n\n\n<p>Dragi vizitatori ai site-ului web al corpora\u021biei Mark2 (denumit \u00een continuare M2C), v\u0103 mul\u021bumim pentru&nbsp;interesul acordat activit\u0103\u021bilor \u0219i serviciilor noastre. Pentru&nbsp;a&nbsp;ne asigura c\u0103 sunte\u021bi pe&nbsp;deplin informat, v\u0103 permitem s\u0103 \u00eemp\u0103rt\u0103\u0219i\u021bi informa\u021bii despre datele care sunt colectate atunci c\u00e2nd vizita\u021bi site-ul nostru web \u0219i \u00een ce scop \u0219i cum sunt prelucrate.<\/p>\n\n\n\n<h2 class=\"wp-block-heading\"><strong>Informa\u021bii de baz\u0103 privind prelucrarea datelor cu caracter personal:<\/strong><\/h2>\n\n\n\n<p>Administratorul datelor cu caracter personal ob\u021binute \u00een urma vizitei dumneavoastr\u0103 pe&nbsp;site-ul nostru web suntem noi, compania Mark2 Corporation Czech a.s., ID: 257&nbsp;19&nbsp;751, cu sediul social la&nbsp;Pod&nbsp;vi\u0161\u0148ovkou 1622\/23, 140&nbsp;00 Praga 4. Ne pute\u021bi contacta la&nbsp;Mark2 Corporation Czech a.s., Vladislavova 17, 110&nbsp;00 Praga 1.<\/p>\n\n\n\n<p>Deoarece sfera celorlalte activit\u0103\u021bi ale&nbsp;noastre o&nbsp;impune, am desemnat \u0219i un responsabil cu protec\u021bia datelor. \u00cel pute\u021bi folosi \u0219i:<br><em>Contacta\u021bi responsabilul cu protec\u021bia datelor:\u00a0<\/em><a href=\"https:\/\/web.archive.org\/web\/20230326092528\/mailto:cz.dpo@m2c.eu\" target=\"_blank\" rel=\"noopener\"><em>cz.dpo@m2c.eu<\/em><\/a><em>.<\/em><\/p>\n\n\n\n<p>Numele, adresa \u0219i alte detalii de contact nu sunt \u00eenregistrate dec\u00e2t dac\u0103 ni le furniza\u021bi personal prin intermediul unuia dintre formularele de pe&nbsp;site-ul nostru. \u00cen timpul vizitei dumneavoastr\u0103, \u00eenregistr\u0103m \u00een special urm\u0103toarele date:<\/p>\n\n\n\n<p>C\u00e2nd vizita\u021bi site-ul nostru web, serverele noastre web stocheaz\u0103 temporar datele de conectare ale&nbsp;dispozitivului care solicit\u0103 informa\u021bii.<\/p>\n\n\n\n<ul class=\"wp-block-list\">\n<li>Data \u0219i ora vizitei dumneavoastr\u0103 pe&nbsp;site-ul nostru web,<\/li>\n\n\n\n<li>site-uri web vizitate,<\/li>\n\n\n\n<li>informa\u021bii despre tipul de browser \u0219i sistemul de operare,<\/li>\n\n\n\n<li>site-ul web prin care a\u021bi vizitat site-ul nostru.&nbsp;<\/li>\n<\/ul>\n\n\n\n<p>V\u00cen cazurile de prelucrare cu ajutorul altor instrumente web, pot fi prelucrate \u0219i alte date; domeniul lor de aplicare este apoi specificat pentru&nbsp;informa\u021biile individuale din instrumentul web.<\/p>\n\n\n\n<p>Prelucr\u0103m datele cu caracter personal ob\u021binute \u00een baza necesit\u0103\u021bii \u00een scopurile intereselor noastre legitime, care sunt securitatea sistemului, managementul tehnic \u0219i optimizarea func\u021bion\u0103rii site-ului nostru web \u0219i a&nbsp;c\u0103ut\u0103rii acestuia, precum \u0219i pe&nbsp;baza consim\u021b\u0103m\u00e2ntului dumneavoastr\u0103 rezultat din set\u0103rile browserului dumneavoastr\u0103 \u00een scopul unei oferte mai avansate a&nbsp;serviciilor noastre \u0219i al evalu\u0103rii prezen\u021bei la&nbsp;statistici.&nbsp; &nbsp;<\/p>\n\n\n\n<p>Durata de stocare a&nbsp;datelor cu caracter personal generate \u00een timpul unei vizite este determinat\u0103 de scopurile individuale ale&nbsp;prelucr\u0103rii acestora, dar este \u00eentotdeauna doar pentru&nbsp;timpul necesar. &nbsp;<\/p>\n\n\n\n<p>Nu transfer\u0103m date cu caracter personal c\u0103tre \u021b\u0103ri ter\u021be sau c\u0103tre al\u021bi destinatari, cu excep\u021bia procesatorilor no\u0219tri externi, pe&nbsp;care \u00eei folosim pentru&nbsp;a&nbsp;asigura securitatea sistemului, gestionarea tehnic\u0103 \u0219i func\u021bionarea site-ului nostru web \u0219i publicitatea online. De asemenea, oblig\u0103m ace\u0219ti procesatori s\u0103 respecte toate regulile de prelucrare a&nbsp;datelor cu caracter personal \u0219i s\u0103 p\u0103streze confiden\u021bialitatea.<\/p>\n\n\n\n<h2 class=\"wp-block-heading\"><strong>Drepturile dumneavoastr\u0103 ca persoan\u0103 vizat\u0103<\/strong><\/h2>\n\n\n\n<p>\u00cen calitate de persoan\u0103 vizat\u0103, ave\u021bi dreptul de a&nbsp;accesa datele cu caracter personal care v\u0103 privesc, care sunt prelucrate de noi, \u00een calitate de operator. Ave\u021bi dreptul de a&nbsp;solicita corectarea acestora, de a&nbsp;formula o&nbsp;obiec\u021bie la&nbsp;prelucrare sau de a&nbsp;solicita restric\u021bionarea prelucr\u0103rii dac\u0103 constata\u021bi c\u0103 aceste date sunt incorecte sau sunt prelucrate cu \u00eenc\u0103lcarea reglement\u0103rilor legale. \u00cen unele cazuri, pute\u021bi solicita \u0219i de la&nbsp;noi date personale \u00eentr-un format structurat, utilizat \u00een mod obi\u0219nuit \u0219i care poate fi citit de ma\u0219in\u0103 \u0219i transferul acestora c\u0103tre un alt administrator. Ave\u021bi dreptul de a&nbsp;nu fi supus unei decizii bazate exclusiv pe&nbsp;o&nbsp;decizie automat\u0103 f\u0103r\u0103 interven\u021bie uman\u0103. V\u0103 pute\u021bi exercita toate drepturile cu responsabilul cu protec\u021bia datelor la&nbsp;adresa de e-mail de mai sus sau \u00een scris la&nbsp;adresa de contact a&nbsp;administratorului nostru.<\/p>\n\n\n\n<p>Atunci c\u00e2nd proces\u0103m toate datele cu caracter personal men\u021bionate mai sus, ne asigur\u0103m \u00eentotdeauna c\u0103 respect\u0103m principiile de baz\u0103 conform articolului 6 din GDPR. Securitatea datelor cu caracter personal este asigurat\u0103 prin m\u0103suri organizatorice \u0219i tehnice adoptate \u00een conformitate cu reglement\u0103rile legale pentru&nbsp;a&nbsp;se&nbsp;asigura c\u0103 nu exist\u0103 distrugere accidental\u0103 sau ilegal\u0103, pierdere, modificare, dezv\u0103luire neautorizat\u0103 a&nbsp;datelor cu caracter personal transferate, stocate sau prelucrate \u00een alt mod sau acces neautorizat la&nbsp;ele. To\u021bi angaja\u021bii no\u0219tri sunt obliga\u021bi s\u0103 respecte confiden\u021bialitatea cu privire la&nbsp;informa\u021biile pe&nbsp;care le descoper\u0103 \u00een timpul muncii lor. Site-ul web folose\u0219te comunicare securizat\u0103 (protocol HTTPS).<\/p>\n\n\n\n<p>\u00cen cazul \u00een care considera\u021bi c\u0103 prelucrarea datelor cu caracter personal are ca rezultat o&nbsp;\u00eenc\u0103lcare a&nbsp;GDPR, ave\u021bi dreptul de a&nbsp;depune o&nbsp;pl\u00e2ngere la&nbsp;Oficiul pentru&nbsp;Protec\u021bia Datelor cu Caracter Personal la&nbsp;adresa Pplk. Sochora 27, 170&nbsp;00 Praga 7, Cehia.<\/p>\n\n\n\n<h2 class=\"wp-block-heading\"><strong>Utilizarea Cookie-urilor<\/strong><\/h2>\n\n\n\n<p>Site-ul nostru web folose\u0219te cookie-uri, care sunt fi\u0219iere text mici pe&nbsp;care unele site-uri web le stocheaz\u0103 pe&nbsp;computerul dumneavoastr\u0103. Scopul plas\u0103rii cookie-urilor pe&nbsp;site-ul nostru este de a&nbsp;\u00eembun\u0103t\u0103\u021bi posibilit\u0103\u021bile de utilizare a&nbsp;site-ului nostru, de a&nbsp;cre\u0219te confortul \u0219i eficien\u021ba utilizatorilor, adic\u0103 de a&nbsp;v\u0103 oferi posibilitatea optim\u0103 de a&nbsp;utiliza site-ul nostru. Con\u021binutul fi\u0219ierului cookie este limitat la&nbsp;un num\u0103r de identificare; Datele cu caracter personal precum numele, adresa IP etc. nu vor&nbsp;fi stocate prin intermediul acestuia.<\/p>\n\n\n\n<p>Utilizarea site-ului nostru web este posibil\u0103 \u0219i f\u0103r\u0103 cookie-uri prin dezactivarea acestora prin intermediul browser-ului dumneavoastr\u0103, limit\u00e2nd cookie-urile doar la&nbsp;anumite site-uri web sau prin alertarea dumneavoastr\u0103 cu privire la&nbsp;trimiterea unui fi\u0219ier cookie. Cookie-urile pot fi, de asemenea, \u0219terse de pe&nbsp;computerul dumneavoastr\u0103 sau de pe&nbsp;alt dispozitiv final. C\u00e2nd limita\u021bi utilizarea cookie-urilor de c\u0103tre site-ul nostru, totu\u0219i, este necesar s\u0103 ne a\u0219tept\u0103m la&nbsp;o&nbsp;prezentare limitat\u0103 a&nbsp;paginii \u0219i la&nbsp;o&nbsp;limitare a&nbsp;instruc\u021biunilor de utilizare.<\/p>\n\n\n\n<h2 class=\"wp-block-heading\"><strong>Link-uri c\u0103tre re\u021belele sociale<\/strong><\/h2>\n\n\n\n<p>Prin utilizarea unui link c\u0103tre re\u021belele sociale &#8211; de exemplu Facebook, Twitter, Google Plus&nbsp;etc. &#8211; furniza\u021bi datele dumneavoastr\u0103 cu caracter personal furnizorilor acestor re\u021bele sociale (unii furnizori au sediul \u0219i \u00een \u021b\u0103ri ter\u021be, de exemplu SUA). Nu exist\u0103 nicio interac\u021biune cu aceste re\u021bele sociale pe&nbsp;site-ul nostru, iar pictogramele utilizate servesc doar ca link-uri pentru&nbsp;a&nbsp;facilita accesul la&nbsp;profilurile noastre.&nbsp;<\/p>\n\n\n\n<h2 class=\"wp-block-heading\"><strong>Link-uri c\u0103tre site-uri web ale&nbsp;ter\u021bilor<\/strong><\/h2>\n\n\n\n<p>Site-ul nostru web poate con\u021bine link-uri c\u0103tre site-uri web ale&nbsp;ter\u021bilor. De\u0219i aceste site-uri web au fost verificate minu\u021bios \u00eenainte de a&nbsp;le conecta, M2C nu are nicio influen\u021b\u0103 asupra con\u021binutului acestor site-uri web \u0219i nu poate fi exclus ca con\u021binutul acestora s\u0103 nu se&nbsp;schimbe.<\/p>\n\n\n\n<p>Prin utilizarea unui link c\u0103tre un site web ter\u021b\u0103 parte, datele dumneavoastr\u0103 personale pot fi furnizate operatorului unui astfel de site web. M2C nu are nicio influen\u021b\u0103 asupra unei astfel de colect\u0103ri de date cu caracter personal pe&nbsp;site-urile web ale&nbsp;ter\u021bilor \u0219i, prin urmare, nu poate garanta legalitatea prelucr\u0103rii datelor cu caracter personal pe&nbsp;astfel de site-uri web.<\/p>\n\n\n\n<h2 class=\"wp-block-heading\"><strong>Google Analytics<\/strong><\/h2>\n\n\n\n<p>Site-ul nostru folose\u0219te \u0219i serviciile Google Analytics, dar nu folose\u0219te datele dumneavoastr\u0103 cu caracter personal \u00een mod direct. Mai multe informa\u021bii despre acest serviciu \u0219i op\u021biunile de setare pot fi g\u0103site la&nbsp;<a href=\"https:\/\/web.archive.org\/web\/20230326092528\/https:\/\/support.google.com\/analytics\/answer\/6004245?hl=cs&amp;ref_topic=2919631\" target=\"_blank\" rel=\"noreferrer noopener\">https:\/\/support.google.com\/analytics\/answer\/6004245?hl=cs&amp;ref_topic=2919631<\/a><\/p>\n\n\n\n<h2 class=\"wp-block-heading\"><strong>Retargeting<\/strong><\/h2>\n\n\n\n<p>Site-ul nostru web folose\u0219te tehnologia de retargeting din serviciul Sklik operat de Seznam.cz, a.s. Acest lucru ne permite s\u0103 le ar\u0103t\u0103m vizitatorilor care \u0219i-au ar\u0103tat deja interes pentru&nbsp;produsele noastre reclamele noastre \u00een re\u021beaua de publicitate Seznam.cz, a.s. Potrivit Seznam.cz, a.s. nu sunt colectate date cu caracter personal \u00een acest proces. Pute\u021bi g\u0103si mai multe informa\u021bii aici&nbsp;<a href=\"https:\/\/web.archive.org\/web\/20230326092528\/http:\/\/www.imedia.cz\/\" target=\"_blank\" rel=\"noreferrer noopener\">http:\/\/www.imedia.cz\/<\/a><br>De asemenea, pute\u021bi g\u0103si mai multe informa\u021bii \u0219i op\u021biuni pentru&nbsp;a&nbsp;renun\u021ba la&nbsp;publicitatea comportamental\u0103 la&nbsp;<a href=\"https:\/\/web.archive.org\/web\/20230326092528\/http:\/\/www.youronlinechoices.com\/\" target=\"_blank\" rel=\"noreferrer noopener\">http:\/\/www.youronlinechoices.com\/<\/a>.<\/p>\n\n\n\n<div style=\"height:100px\" aria-hidden=\"true\" class=\"wp-block-spacer\"><\/div>\n<\/div>\n","protected":false},"excerpt":{"rendered":"","protected":false},"author":7,"featured_media":0,"parent":0,"menu_order":0,"comment_status":"closed","ping_status":"open","template":"","meta":{"_acf_changed":false,"inline_featured_image":false,"footnotes":""},"class_list":["post-5879","page","type-page","status-publish","hentry"],"acf":[],"_links":{"self":[{"href":"https:\/\/innovis.ai\/ro\/wp-json\/wp\/v2\/pages\/5879","targetHints":{"allow":["GET"]}}],"collection":[{"href":"https:\/\/innovis.ai\/ro\/wp-json\/wp\/v2\/pages"}],"about":[{"href":"https:\/\/innovis.ai\/ro\/wp-json\/wp\/v2\/types\/page"}],"author":[{"embeddable":true,"href":"https:\/\/innovis.ai\/ro\/wp-json\/wp\/v2\/users\/7"}],"replies":[{"embeddable":true,"href":"https:\/\/innovis.ai\/ro\/wp-json\/wp\/v2\/comments?post=5879"}],"version-history":[{"count":2,"href":"https:\/\/innovis.ai\/ro\/wp-json\/wp\/v2\/pages\/5879\/revisions"}],"predecessor-version":[{"id":6755,"href":"https:\/\/innovis.ai\/ro\/wp-json\/wp\/v2\/pages\/5879\/revisions\/6755"}],"wp:attachment":[{"href":"https:\/\/innovis.ai\/ro\/wp-json\/wp\/v2\/media?parent=5879"}],"curies":[{"name":"wp","href":"https:\/\/api.w.org\/{rel}","templated":true}]}}