{"id":6483,"date":"2023-03-31T03:34:01","date_gmt":"2023-03-31T03:34:01","guid":{"rendered":"http:\/\/innovis.dev8.kancl.goodsailors.cz\/?page_id=6483"},"modified":"2024-03-06T10:05:27","modified_gmt":"2024-03-06T10:05:27","slug":"404-page","status":"publish","type":"page","link":"https:\/\/innovis.ai\/ro\/404-page\/","title":{"rendered":"404 page"},"content":{"rendered":"\n<div class=\"section\">\n<div class=\"headline\"><h1><span class=\"thin\">404<\/span><br>PAGINA <span class=\"underline\">NU A&nbsp;FOST G\u0102SIT\u0102<\/span><\/h1><\/div>\n\n\n\n<p>Din p\u0103cate, con\u021binutul pe&nbsp;care l-a\u021bi c\u0103utat nu este disponibil sau nu exist\u0103. <br>\u00cencerca\u021bi s\u0103 c\u0103uta\u021bi s\u0103 vede\u021bi dac\u0103 pute\u021bi g\u0103si altceva.<\/p>\n\n\n\n<div class=\"list js-more\"><div class=\"list__grid\">\n<div class=\"list__item color-1 undefined\"><a href=\"\/ro\/logistica-si-industrie\/\" class=\"list__link\"><div class=\"list__bg\"><img decoding=\"async\" src=\"https:\/\/innovis.ai\/wp-content\/uploads\/2023\/07\/logistika-a-prumysl.jpg\" alt=\"\" width=\"1920\" height=\"898\" loading=\"lazy\"\/><\/div><div class=\"list__main\"><div class=\"list__name\"><span class=\"list__line\"><\/span><span class=\"list__head\">LOGISTIC\u0102 \u0218I INDUSTRIE<\/span><\/div><div class=\"list__desc\">Asigura\u021bi o&nbsp;eficien\u021b\u0103 mai mare, planificare mai u\u0219oar\u0103, opera\u021biuni f\u0103r\u0103 probleme \u0219i control asupra cheltuielilor \u00een afacerea dvs. Datorit\u0103 tehnologiilor noastre de ultim\u0103 or\u0103, ve\u021bi \u00eembun\u0103t\u0103\u021bi mersul afacerii dumneavoastr\u0103 \u0219i ve\u021bi ob\u021bine un avantaj competitiv.<\/div><span class=\"list__btn\"><svg xmlns=\"http:\/\/www.w3.org\/2000\/svg\" width=\"14\" height=\"24\" viewBox=\"0 0 14 24\"><path d=\"M0.710203334,0.469210767 C0.950675478,0.228771278 1.34053138,0.22879775 1.58097087,0.469269894 L12.9149405,11.8047788 C13.1553684,12.0452394 13.1553552,12.4350725 12.9149109,12.6755168 L2.05966799,23.5307597 C1.81921217,23.7712155 1.42935627,23.7712155 1.18890045,23.5307597 C0.948444632,23.2903039 0.948444632,22.9004479 1.18890045,22.6599921 L11.6087371,12.2399791 L0.710144207,1.33997831 C0.477719368,1.1075219 0.46999661,0.735474667 0.686957606,0.493741704 L0.710203334,0.469210767 Z\"><\/path><\/svg><\/span><\/div><\/a><\/div>\n\n\n\n<div class=\"list__item color-2 undefined\"><a href=\"\/ro\/centre-de-cumparaturi\/\" class=\"list__link\"><div class=\"list__bg\"><img decoding=\"async\" src=\"https:\/\/innovis.ai\/wp-content\/uploads\/2023\/07\/nakupni-centra.jpg\" alt=\"\" width=\"1920\" height=\"898\" loading=\"lazy\"\/><\/div><div class=\"list__main\"><div class=\"list__name\"><span class=\"list__line\"><\/span><span class=\"list__head\">CENTRU DE CUMP\u0102R\u0102TURI<\/span><\/div><div class=\"list__desc\">Asigura\u021bi func\u021bionarea f\u0103r\u0103 probleme \u0219i \u00een siguran\u021b\u0103 a&nbsp;centrului dvs. de afaceri, optimiza\u021bi costurile de operare \u0219i ob\u021bine\u021bi o&nbsp;perspectiv\u0103 unic\u0103 asupra afacerii dvs. prin colectarea \u0219i evaluarea datelor complexe.<\/div><span class=\"list__btn\"><svg xmlns=\"http:\/\/www.w3.org\/2000\/svg\" width=\"14\" height=\"24\" viewBox=\"0 0 14 24\"><path d=\"M0.710203334,0.469210767 C0.950675478,0.228771278 1.34053138,0.22879775 1.58097087,0.469269894 L12.9149405,11.8047788 C13.1553684,12.0452394 13.1553552,12.4350725 12.9149109,12.6755168 L2.05966799,23.5307597 C1.81921217,23.7712155 1.42935627,23.7712155 1.18890045,23.5307597 C0.948444632,23.2903039 0.948444632,22.9004479 1.18890045,22.6599921 L11.6087371,12.2399791 L0.710144207,1.33997831 C0.477719368,1.1075219 0.46999661,0.735474667 0.686957606,0.493741704 L0.710203334,0.469210767 Z\"><\/path><\/svg><\/span><\/div><\/a><\/div>\n\n\n\n<div class=\"list__item color-3 undefined\"><a href=\"\/ro\/cladiri-de-birouri\/\" class=\"list__link\"><div class=\"list__bg\"><img decoding=\"async\" src=\"https:\/\/innovis.ai\/wp-content\/uploads\/2023\/07\/kancelarske-budovy.jpg\" alt=\"\" width=\"1920\" height=\"898\" loading=\"lazy\"\/><\/div><div class=\"list__main\"><div class=\"list__name\"><span class=\"list__line\"><\/span><span class=\"list__head\">CL\u0102DIRI DE BIROURI<\/span><\/div><div class=\"list__desc\">Ob\u021bine\u021bi controlul asupra func\u021bion\u0103rii complete a&nbsp;cl\u0103dirilor dvs. de birouri \u0219i economisi\u021bi cheltuielile. Datorit\u0103 tehnologiilor inteligente, ve\u021bi reduce cheltuielile de exploatare \u0219i ve\u021bi cre\u0219te atractivitatea \u0219i confortul cl\u0103dirii pentru&nbsp;chiria\u0219ii existen\u021bi \u0219i poten\u021biali.<\/div><span class=\"list__btn\"><svg xmlns=\"http:\/\/www.w3.org\/2000\/svg\" width=\"14\" height=\"24\" viewBox=\"0 0 14 24\"><path d=\"M0.710203334,0.469210767 C0.950675478,0.228771278 1.34053138,0.22879775 1.58097087,0.469269894 L12.9149405,11.8047788 C13.1553684,12.0452394 13.1553552,12.4350725 12.9149109,12.6755168 L2.05966799,23.5307597 C1.81921217,23.7712155 1.42935627,23.7712155 1.18890045,23.5307597 C0.948444632,23.2903039 0.948444632,22.9004479 1.18890045,22.6599921 L11.6087371,12.2399791 L0.710144207,1.33997831 C0.477719368,1.1075219 0.46999661,0.735474667 0.686957606,0.493741704 L0.710203334,0.469210767 Z\"><\/path><\/svg><\/span><\/div><\/a><\/div>\n\n\n\n<div class=\"list__item color-4 undefined\"><a href=\"\/ro\/retail\/\" class=\"list__link\"><div class=\"list__bg\"><img decoding=\"async\" src=\"https:\/\/innovis.ai\/wp-content\/uploads\/2023\/07\/retail-1.jpg\" alt=\"\" width=\"1920\" height=\"898\" loading=\"lazy\"\/><\/div><div class=\"list__main\"><div class=\"list__name\"><span class=\"list__line\"><\/span><span class=\"list__head\">Retail<\/span><\/div><div class=\"list__desc\">Asigura\u021bi func\u021bionarea f\u0103r\u0103 probleme \u0219i \u00een siguran\u021b\u0103 a&nbsp;magazinelor dvs., optimiza\u021bi costurile opera\u021bionale, reduce\u021bi rata criminalit\u0103\u021bii \u0219i ob\u021bine\u021bi o&nbsp;perspectiv\u0103 unic\u0103 asupra afacerii dvs. prin colectarea \u0219i evaluarea datelor complexe.<\/div><span class=\"list__btn\"><svg xmlns=\"http:\/\/www.w3.org\/2000\/svg\" width=\"14\" height=\"24\" viewBox=\"0 0 14 24\"><path d=\"M0.710203334,0.469210767 C0.950675478,0.228771278 1.34053138,0.22879775 1.58097087,0.469269894 L12.9149405,11.8047788 C13.1553684,12.0452394 13.1553552,12.4350725 12.9149109,12.6755168 L2.05966799,23.5307597 C1.81921217,23.7712155 1.42935627,23.7712155 1.18890045,23.5307597 C0.948444632,23.2903039 0.948444632,22.9004479 1.18890045,22.6599921 L11.6087371,12.2399791 L0.710144207,1.33997831 C0.477719368,1.1075219 0.46999661,0.735474667 0.686957606,0.493741704 L0.710203334,0.469210767 Z\"><\/path><\/svg><\/span><\/div><\/a><\/div>\n\n\n\n<div class=\"list__item color-5 undefined\"><a href=\"\/ro\/saloane-auto\/\" class=\"list__link\"><div class=\"list__bg\"><img decoding=\"async\" src=\"https:\/\/innovis.ai\/wp-content\/uploads\/2023\/07\/retail-autosalony.jpg\" alt=\"\" width=\"1920\" height=\"898\" loading=\"lazy\"\/><\/div><div class=\"list__main\"><div class=\"list__name\"><span class=\"list__line\"><\/span><span class=\"list__head\">SALOANE AUTO<\/span><\/div><div class=\"list__desc\">V\u0103 vom ajuta s\u0103 duce\u021bi eficien\u021ba showroom-urilor dvs. auto la&nbsp;urm\u0103torul nivel. Datorit\u0103 analizelor precise ale&nbsp;comportamentului vizitatorilor, tehnologiilor de securitate \u0219i confort sporit al clien\u021bilor, showroom-urile dumneavoastr\u0103 vor&nbsp;func\u021biona ca un motor bine reglat.<\/div><span class=\"list__btn\"><svg xmlns=\"http:\/\/www.w3.org\/2000\/svg\" width=\"14\" height=\"24\" viewBox=\"0 0 14 24\"><path d=\"M0.710203334,0.469210767 C0.950675478,0.228771278 1.34053138,0.22879775 1.58097087,0.469269894 L12.9149405,11.8047788 C13.1553684,12.0452394 13.1553552,12.4350725 12.9149109,12.6755168 L2.05966799,23.5307597 C1.81921217,23.7712155 1.42935627,23.7712155 1.18890045,23.5307597 C0.948444632,23.2903039 0.948444632,22.9004479 1.18890045,22.6599921 L11.6087371,12.2399791 L0.710144207,1.33997831 C0.477719368,1.1075219 0.46999661,0.735474667 0.686957606,0.493741704 L0.710203334,0.469210767 Z\"><\/path><\/svg><\/span><\/div><\/a><\/div>\n\n\n\n<div class=\"list__item color-6 undefined\"><a href=\"\/ro\/santier\/\" class=\"list__link\"><div class=\"list__bg\"><img decoding=\"async\" src=\"https:\/\/innovis.ai\/wp-content\/uploads\/2023\/07\/stavba-1.jpg\" alt=\"\" width=\"1920\" height=\"898\" loading=\"lazy\"\/><\/div><div class=\"list__main\"><div class=\"list__name\"><span class=\"list__line\"><\/span><span class=\"list__head\">\u0218ANTIER<\/span><\/div><div class=\"list__desc\">Cre\u0219te\u021bi-v\u0103 construc\u021bia, nu costul de func\u021bionare a&nbsp;\u0219antierului. V\u0103 vom asigura siguran\u021ba \u0219i v\u0103 vom ajuta s\u0103 economisi\u021bi cheltuielile cu ajutorul tehnologiilor inteligente care vor&nbsp;rezolva circula\u021bia vehiculelor, vor&nbsp;\u00eenlocui activitatea de securitate fizic\u0103 \u0219i vor&nbsp;monitoriza respectarea securit\u0103\u021bii muncii.<\/div><span class=\"list__btn\"><svg xmlns=\"http:\/\/www.w3.org\/2000\/svg\" width=\"14\" height=\"24\" viewBox=\"0 0 14 24\"><path d=\"M0.710203334,0.469210767 C0.950675478,0.228771278 1.34053138,0.22879775 1.58097087,0.469269894 L12.9149405,11.8047788 C13.1553684,12.0452394 13.1553552,12.4350725 12.9149109,12.6755168 L2.05966799,23.5307597 C1.81921217,23.7712155 1.42935627,23.7712155 1.18890045,23.5307597 C0.948444632,23.2903039 0.948444632,22.9004479 1.18890045,22.6599921 L11.6087371,12.2399791 L0.710144207,1.33997831 C0.477719368,1.1075219 0.46999661,0.735474667 0.686957606,0.493741704 L0.710203334,0.469210767 Z\"><\/path><\/svg><\/span><\/div><\/a><\/div>\n\n\n\n<div class=\"list__item color-7 undefined\"><a href=\"\/ro\/orase-si-municipalitati\/\" class=\"list__link\"><div class=\"list__bg\"><img decoding=\"async\" src=\"https:\/\/innovis.ai\/wp-content\/uploads\/2023\/07\/mesta-1.jpg\" alt=\"\" width=\"1920\" height=\"898\" loading=\"lazy\"\/><\/div><div class=\"list__main\"><div class=\"list__name\"><span class=\"list__line\"><\/span><span class=\"list__head\">ORA\u0218E &amp; MUNICIPALIT\u0102\u021aI<\/span><\/div><div class=\"list__desc\">Fi\u021bi cu un pas \u00eenainte \u00een asigurarea siguran\u021bei bunurilor ora\u0219ului dvs., cre\u0219terea confortului cet\u0103\u021benilor \u0219i reducerea criminalit\u0103\u021bii. Datorit\u0103 tehnologiilor inteligente, v\u0103 vom ajuta s\u0103 economisi\u021bi cheltuieli \u0219i s\u0103 cre\u0219te\u021bi atractivitatea municipiului dumneavoastr\u0103.<\/div><span class=\"list__btn\"><svg xmlns=\"http:\/\/www.w3.org\/2000\/svg\" width=\"14\" height=\"24\" viewBox=\"0 0 14 24\"><path d=\"M0.710203334,0.469210767 C0.950675478,0.228771278 1.34053138,0.22879775 1.58097087,0.469269894 L12.9149405,11.8047788 C13.1553684,12.0452394 13.1553552,12.4350725 12.9149109,12.6755168 L2.05966799,23.5307597 C1.81921217,23.7712155 1.42935627,23.7712155 1.18890045,23.5307597 C0.948444632,23.2903039 0.948444632,22.9004479 1.18890045,22.6599921 L11.6087371,12.2399791 L0.710144207,1.33997831 C0.477719368,1.1075219 0.46999661,0.735474667 0.686957606,0.493741704 L0.710203334,0.469210767 Z\"><\/path><\/svg><\/span><\/div><\/a><\/div>\n<\/div><\/div>\n<\/div>\n","protected":false},"excerpt":{"rendered":"","protected":false},"author":7,"featured_media":0,"parent":0,"menu_order":0,"comment_status":"closed","ping_status":"closed","template":"","meta":{"_acf_changed":false,"inline_featured_image":false,"footnotes":""},"class_list":["post-6483","page","type-page","status-publish","hentry"],"acf":[],"_links":{"self":[{"href":"https:\/\/innovis.ai\/ro\/wp-json\/wp\/v2\/pages\/6483","targetHints":{"allow":["GET"]}}],"collection":[{"href":"https:\/\/innovis.ai\/ro\/wp-json\/wp\/v2\/pages"}],"about":[{"href":"https:\/\/innovis.ai\/ro\/wp-json\/wp\/v2\/types\/page"}],"author":[{"embeddable":true,"href":"https:\/\/innovis.ai\/ro\/wp-json\/wp\/v2\/users\/7"}],"replies":[{"embeddable":true,"href":"https:\/\/innovis.ai\/ro\/wp-json\/wp\/v2\/comments?post=6483"}],"version-history":[{"count":2,"href":"https:\/\/innovis.ai\/ro\/wp-json\/wp\/v2\/pages\/6483\/revisions"}],"predecessor-version":[{"id":6753,"href":"https:\/\/innovis.ai\/ro\/wp-json\/wp\/v2\/pages\/6483\/revisions\/6753"}],"wp:attachment":[{"href":"https:\/\/innovis.ai\/ro\/wp-json\/wp\/v2\/media?parent=6483"}],"curies":[{"name":"wp","href":"https:\/\/api.w.org\/{rel}","templated":true}]}}