{"id":6001,"date":"2023-04-18T04:47:05","date_gmt":"2023-04-18T04:47:05","guid":{"rendered":"http:\/\/innovis.dev8.kancl.goodsailors.cz\/?page_id=6001"},"modified":"2024-02-12T08:46:28","modified_gmt":"2024-02-12T08:46:28","slug":"sluzby","status":"publish","type":"page","link":"https:\/\/innovis.ai\/sk\/sluzby\/","title":{"rendered":"Slu\u017eby"},"content":{"rendered":"\n<div class=\"section\">\n<div class=\"headline\"><h1><span class=\"thin\">Presk\u00famajte<\/span><br>na\u0161e slu\u017eby<\/h1><\/div>\n\n\n<div class=\"list\"><div class=\"list__grid\" id=\"products-grid\"><div class=\"list__item\"><div class=\"post post--dark\"><div class=\"post__image\"><img decoding=\"async\" src=\"https:\/\/innovis.ai\/wp-content\/themes\/innovis-new\/assets\/images\/sluzby\/recepce.jpg\" alt=\"\" width=\"427\" height=\"320\"  loading=\"lazy\"><\/div><!-- .post__image --><div class=\"post__main\"><div class=\"post__content\"><div class=\"post__tags\"><div class=\"tag\"><\/div><\/div><h2>Automatick\u00e1 recepcia<\/h2><p>Elektronick\u00e1 recep\u010dn\u00e1 (e-Reception) zautomatizuje a zefekt\u00edvni existuj\u00facu recepciu \u010di vstup do are\u00e1lu. M\u00f4\u017ee \u00faplne alebo \u010diasto\u010dne nahradi\u0165 be\u017en\u00e9 procesy recepcie ako odbavenie n\u00e1v\u0161tev a ich identifik\u00e1cia, vedenie doch\u00e1dzkovej knihy, video spojenie s osobami vo vn\u00fatri budovy, vyd\u00e1vanie vstupn\u00fdch kariet alebo generovanie QR k\u00f3dov.<\/p><\/div><div class=\"post__footer\"><div class=\"post__more\"><a href=\"https:\/\/innovis.ai\/sk\/sluzba\/automaticka-recepcia\/\" class=\"post__link\"><svg xmlns=\"http:\/\/www.w3.org\/2000\/svg\" width=\"14\" height=\"24\" viewBox=\"0 0 14 24\"><path d=\"M0.710203334,0.469210767 C0.950675478,0.228771278 1.34053138,0.22879775 1.58097087,0.469269894 L12.9149405,11.8047788 C13.1553684,12.0452394 13.1553552,12.4350725 12.9149109,12.6755168 L2.05966799,23.5307597 C1.81921217,23.7712155 1.42935627,23.7712155 1.18890045,23.5307597 C0.948444632,23.2903039 0.948444632,22.9004479 1.18890045,22.6599921 L11.6087371,12.2399791 L0.710144207,1.33997831 C0.477719368,1.1075219 0.46999661,0.735474667 0.686957606,0.493741704 L0.710203334,0.469210767 Z\"><\/path><\/svg><\/a><\/div><\/div><\/div><!-- .post__main --><\/div><!-- .post --><\/div><!-- .list__item --><div class=\"list__item\"><div class=\"post post--dark\"><div class=\"post__image\"><img decoding=\"async\" src=\"https:\/\/innovis.ai\/wp-content\/uploads\/2023\/04\/automaticka-vratnice-nahled-1.jpg\" alt=\"\" width=\"427\" height=\"320\"  loading=\"lazy\"><\/div><!-- .post__image --><div class=\"post__main\"><div class=\"post__content\"><div class=\"post__tags\"><div class=\"tag\"><\/div><\/div><h2>Automatick\u00e1 vr\u00e1tnica<\/h2><p>U\u0161etrite na n\u00e1kladoch a zaistite vy\u0161\u0161iu efektivitu s automatizovanou kontrolou vstupu a vjazdu na stavenisko.<\/p><\/div><div class=\"post__footer\"><div class=\"post__more\"><a href=\"https:\/\/innovis.ai\/sk\/sluzba\/automaticka-vratnica\/\" class=\"post__link\"><svg xmlns=\"http:\/\/www.w3.org\/2000\/svg\" width=\"14\" height=\"24\" viewBox=\"0 0 14 24\"><path d=\"M0.710203334,0.469210767 C0.950675478,0.228771278 1.34053138,0.22879775 1.58097087,0.469269894 L12.9149405,11.8047788 C13.1553684,12.0452394 13.1553552,12.4350725 12.9149109,12.6755168 L2.05966799,23.5307597 C1.81921217,23.7712155 1.42935627,23.7712155 1.18890045,23.5307597 C0.948444632,23.2903039 0.948444632,22.9004479 1.18890045,22.6599921 L11.6087371,12.2399791 L0.710144207,1.33997831 C0.477719368,1.1075219 0.46999661,0.735474667 0.686957606,0.493741704 L0.710203334,0.469210767 Z\"><\/path><\/svg><\/a><\/div><\/div><\/div><!-- .post__main --><\/div><!-- .post --><\/div><!-- .list__item --><div class=\"list__item\"><div class=\"post post--dark\"><div class=\"post__image\"><img decoding=\"async\" src=\"https:\/\/innovis.ai\/wp-content\/uploads\/2023\/08\/bezpecnostni-sluzby.jpg\" alt=\"\" width=\"427\" height=\"320\"  loading=\"lazy\"><\/div><!-- .post__image --><div class=\"post__main\"><div class=\"post__content\"><div class=\"post__tags\"><div class=\"tag\"><\/div><\/div><h2>Bezpe\u010dnostn\u00e9 technol\u00f3gie<\/h2><p>Pom\u00f4\u017eeme ochr\u00e1ni\u0165 va\u0161e objekty a zveren\u00fd majetok. Zaist\u00edme komplexn\u00e9 bezpe\u010dnostn\u00e9 rie\u0161enie pre projekty aj hotov\u00e9 budovy \u2013 od anal\u00fdzy potrieb a riz\u00edk a\u017e po n\u00e1vrh technologick\u00e9ho rie\u0161enia a samotn\u00fa realiz\u00e1ciu na k\u013e\u00fa\u010d.<\/p><\/div><div class=\"post__footer\"><div class=\"post__more\"><a href=\"https:\/\/innovis.ai\/sk\/sluzba\/bezpecnostne-technologie\/\" class=\"post__link\"><svg xmlns=\"http:\/\/www.w3.org\/2000\/svg\" width=\"14\" height=\"24\" viewBox=\"0 0 14 24\"><path d=\"M0.710203334,0.469210767 C0.950675478,0.228771278 1.34053138,0.22879775 1.58097087,0.469269894 L12.9149405,11.8047788 C13.1553684,12.0452394 13.1553552,12.4350725 12.9149109,12.6755168 L2.05966799,23.5307597 C1.81921217,23.7712155 1.42935627,23.7712155 1.18890045,23.5307597 C0.948444632,23.2903039 0.948444632,22.9004479 1.18890045,22.6599921 L11.6087371,12.2399791 L0.710144207,1.33997831 C0.477719368,1.1075219 0.46999661,0.735474667 0.686957606,0.493741704 L0.710203334,0.469210767 Z\"><\/path><\/svg><\/a><\/div><\/div><\/div><!-- .post__main --><\/div><!-- .post --><\/div><!-- .list__item --><div class=\"list__item\"><div class=\"post post--dark\"><div class=\"post__image\"><img decoding=\"async\" src=\"https:\/\/innovis.ai\/wp-content\/uploads\/2023\/04\/pult-centralni-ochrany-product-nahled.jpg\" alt=\"\" width=\"427\" height=\"320\"  loading=\"lazy\"><\/div><!-- .post__image --><div class=\"post__main\"><div class=\"post__content\"><div class=\"post__tags\"><div class=\"tag\"><\/div><\/div><h2>Pult centr\u00e1lnej ochrany<\/h2><p>Zaistite si bezpe\u010dnos\u0165 so slu\u017ebou centr\u00e1lneho pultu ochrany, z ktor\u00e9ho vzdialene 24\/7 monitorujeme a vyhodnocujeme poplachov\u00e9 sign\u00e1ly. V pr\u00edpade rizika alebo bezpe\u010dnostn\u00e9ho incidentu vysielame na\u0161e sk\u00fasen\u00e9 z\u00e1sahov\u00e9 jednotky.<\/p><\/div><div class=\"post__footer\"><div class=\"post__more\"><a href=\"https:\/\/innovis.ai\/sk\/sluzba\/pult-centralnej-ochrany\/\" class=\"post__link\"><svg xmlns=\"http:\/\/www.w3.org\/2000\/svg\" width=\"14\" height=\"24\" viewBox=\"0 0 14 24\"><path d=\"M0.710203334,0.469210767 C0.950675478,0.228771278 1.34053138,0.22879775 1.58097087,0.469269894 L12.9149405,11.8047788 C13.1553684,12.0452394 13.1553552,12.4350725 12.9149109,12.6755168 L2.05966799,23.5307597 C1.81921217,23.7712155 1.42935627,23.7712155 1.18890045,23.5307597 C0.948444632,23.2903039 0.948444632,22.9004479 1.18890045,22.6599921 L11.6087371,12.2399791 L0.710144207,1.33997831 C0.477719368,1.1075219 0.46999661,0.735474667 0.686957606,0.493741704 L0.710203334,0.469210767 Z\"><\/path><\/svg><\/a><\/div><\/div><\/div><!-- .post__main --><\/div><!-- .post --><\/div><!-- .list__item --><div class=\"list__item\"><div class=\"post post--dark\"><div class=\"post__image\"><img decoding=\"async\" src=\"https:\/\/innovis.ai\/wp-content\/uploads\/2023\/04\/vzdaleny-monitoring-nahled.jpg\" alt=\"\" width=\"427\" height=\"320\"  loading=\"lazy\"><\/div><!-- .post__image --><div class=\"post__main\"><div class=\"post__content\"><div class=\"post__tags\"><div class=\"tag\"><\/div><\/div><h2>Vzdialen\u00fd monitoring<\/h2><p>Ochr\u00e1\u0148te svoje obchody s pomocou \u0161pi\u010dkov\u00fdch technol\u00f3gi\u00ed. Zaist\u00edme pre v\u00e1s cenovo efekt\u00edvny, vzdialen\u00fd 24\/7 monitoring.<\/p><\/div><div class=\"post__footer\"><div class=\"post__more\"><a href=\"https:\/\/innovis.ai\/sk\/sluzba\/vzdialeny-monitoring\/\" class=\"post__link\"><svg xmlns=\"http:\/\/www.w3.org\/2000\/svg\" width=\"14\" height=\"24\" viewBox=\"0 0 14 24\"><path d=\"M0.710203334,0.469210767 C0.950675478,0.228771278 1.34053138,0.22879775 1.58097087,0.469269894 L12.9149405,11.8047788 C13.1553684,12.0452394 13.1553552,12.4350725 12.9149109,12.6755168 L2.05966799,23.5307597 C1.81921217,23.7712155 1.42935627,23.7712155 1.18890045,23.5307597 C0.948444632,23.2903039 0.948444632,22.9004479 1.18890045,22.6599921 L11.6087371,12.2399791 L0.710144207,1.33997831 C0.477719368,1.1075219 0.46999661,0.735474667 0.686957606,0.493741704 L0.710203334,0.469210767 Z\"><\/path><\/svg><\/a><\/div><\/div><\/div><!-- .post__main --><\/div><!-- .post --><\/div><!-- .list__item --><div class=\"list__item\"><div class=\"post post--dark\"><div class=\"post__image\"><img decoding=\"async\" src=\"https:\/\/innovis.ai\/wp-content\/uploads\/2023\/04\/zabezpeceni-arealu-a-budov-nahled.jpg\" alt=\"\" width=\"427\" height=\"320\"  loading=\"lazy\"><\/div><!-- .post__image --><div class=\"post__main\"><div class=\"post__content\"><div class=\"post__tags\"><div class=\"tag\"><\/div><\/div><h2>Zabezpe\u010denie are\u00e1lov a&nbsp;budov<\/h2><p>Zaistite spo\u013eahliv\u00fa ochranu majetku va\u0161ej firmy pomocou inteligentn\u00e9ho vzdialen\u00e9ho zabezpe\u010denia perimetra s nepretr\u017eit\u00fdm doh\u013eadom nad cel\u00fdm objektom vr\u00e1tane pl\u00e1\u0161\u0165a budovy.<\/p><\/div><div class=\"post__footer\"><div class=\"post__more\"><a href=\"https:\/\/innovis.ai\/sk\/sluzba\/zabezpecenie-arealov-a-budov\/\" class=\"post__link\"><svg xmlns=\"http:\/\/www.w3.org\/2000\/svg\" width=\"14\" height=\"24\" viewBox=\"0 0 14 24\"><path d=\"M0.710203334,0.469210767 C0.950675478,0.228771278 1.34053138,0.22879775 1.58097087,0.469269894 L12.9149405,11.8047788 C13.1553684,12.0452394 13.1553552,12.4350725 12.9149109,12.6755168 L2.05966799,23.5307597 C1.81921217,23.7712155 1.42935627,23.7712155 1.18890045,23.5307597 C0.948444632,23.2903039 0.948444632,22.9004479 1.18890045,22.6599921 L11.6087371,12.2399791 L0.710144207,1.33997831 C0.477719368,1.1075219 0.46999661,0.735474667 0.686957606,0.493741704 L0.710203334,0.469210767 Z\"><\/path><\/svg><\/a><\/div><\/div><\/div><!-- .post__main --><\/div><!-- .post --><\/div><!-- .list__item --><div class=\"list__item\"><div class=\"post post--dark\"><div class=\"post__image\"><img decoding=\"async\" src=\"https:\/\/innovis.ai\/wp-content\/uploads\/2023\/04\/zabezpeceni-staveniste-nahled.jpg\" alt=\"\" width=\"427\" height=\"320\"  loading=\"lazy\"><\/div><!-- .post__image --><div class=\"post__main\"><div class=\"post__content\"><div class=\"post__tags\"><div class=\"tag\"><\/div><\/div><h2>Zabezpe\u010denie staveniska<\/h2><p>Zabezpe\u010dte va\u0161e stanovi\u0161te pomocou kamerov\u00fdch syst\u00e9mov s pokro\u010dil\u00fdmi analytick\u00fdmi funkciami.<\/p><\/div><div class=\"post__footer\"><div class=\"post__more\"><a href=\"https:\/\/innovis.ai\/sk\/sluzba\/zabezpecenie-staveniska\/\" class=\"post__link\"><svg xmlns=\"http:\/\/www.w3.org\/2000\/svg\" width=\"14\" height=\"24\" viewBox=\"0 0 14 24\"><path d=\"M0.710203334,0.469210767 C0.950675478,0.228771278 1.34053138,0.22879775 1.58097087,0.469269894 L12.9149405,11.8047788 C13.1553684,12.0452394 13.1553552,12.4350725 12.9149109,12.6755168 L2.05966799,23.5307597 C1.81921217,23.7712155 1.42935627,23.7712155 1.18890045,23.5307597 C0.948444632,23.2903039 0.948444632,22.9004479 1.18890045,22.6599921 L11.6087371,12.2399791 L0.710144207,1.33997831 C0.477719368,1.1075219 0.46999661,0.735474667 0.686957606,0.493741704 L0.710203334,0.469210767 Z\"><\/path><\/svg><\/a><\/div><\/div><\/div><!-- .post__main --><\/div><!-- .post --><\/div><!-- .list__item --><div class=\"list__item\"><div class=\"post post--dark\"><div class=\"post__image\"><img decoding=\"async\" src=\"https:\/\/innovis.ai\/wp-content\/uploads\/2023\/04\/zabezpeceni-verejnych-prostor-nahled.jpg\" alt=\"\" width=\"427\" height=\"320\"  loading=\"lazy\"><\/div><!-- .post__image --><div class=\"post__main\"><div class=\"post__content\"><div class=\"post__tags\"><div class=\"tag\"><\/div><\/div><h2>Zabezpe\u010denie verejn\u00fdch priestorov<\/h2><p>Ochr\u00e1\u0148te mestsk\u00fd majetok s pomocou cenovo efekt\u00edvneho, vzdialen\u00e9ho 24\/7 monitoringu.<\/p><\/div><div class=\"post__footer\"><div class=\"post__more\"><a href=\"https:\/\/innovis.ai\/sk\/sluzba\/zabezpecenie-verejnych-priestorov\/\" class=\"post__link\"><svg xmlns=\"http:\/\/www.w3.org\/2000\/svg\" width=\"14\" height=\"24\" viewBox=\"0 0 14 24\"><path d=\"M0.710203334,0.469210767 C0.950675478,0.228771278 1.34053138,0.22879775 1.58097087,0.469269894 L12.9149405,11.8047788 C13.1553684,12.0452394 13.1553552,12.4350725 12.9149109,12.6755168 L2.05966799,23.5307597 C1.81921217,23.7712155 1.42935627,23.7712155 1.18890045,23.5307597 C0.948444632,23.2903039 0.948444632,22.9004479 1.18890045,22.6599921 L11.6087371,12.2399791 L0.710144207,1.33997831 C0.477719368,1.1075219 0.46999661,0.735474667 0.686957606,0.493741704 L0.710203334,0.469210767 Z\"><\/path><\/svg><\/a><\/div><\/div><\/div><!-- .post__main --><\/div><!-- .post --><\/div><!-- .list__item --><div class=\"list__item\"><div class=\"post post--dark\"><div class=\"post__image\"><img decoding=\"async\" src=\"https:\/\/innovis.ai\/wp-content\/uploads\/2023\/04\/zabezpeceni-zbozi-nahled.jpg\" alt=\"\" width=\"427\" height=\"320\"  loading=\"lazy\"><\/div><!-- .post__image --><div class=\"post__main\"><div class=\"post__content\"><div class=\"post__tags\"><div class=\"tag\"><\/div><\/div><h2>Zabezpe\u010denie tovaru<\/h2><p>Zabezpe\u010dte svoj tovar a ochr\u00e1\u0148te sa pred internou aj externou kriminalitou pomocou inteligentn\u00e9ho kamerov\u00e9ho syst\u00e9mu s anal\u00fdzou v re\u00e1lnom \u010dase a napojen\u00edm na pokladni\u010dn\u00e9 syst\u00e9my.<\/p><\/div><div class=\"post__footer\"><div class=\"post__more\"><a href=\"https:\/\/innovis.ai\/sk\/sluzba\/zabezpecenie-tovaru\/\" class=\"post__link\"><svg xmlns=\"http:\/\/www.w3.org\/2000\/svg\" width=\"14\" height=\"24\" viewBox=\"0 0 14 24\"><path d=\"M0.710203334,0.469210767 C0.950675478,0.228771278 1.34053138,0.22879775 1.58097087,0.469269894 L12.9149405,11.8047788 C13.1553684,12.0452394 13.1553552,12.4350725 12.9149109,12.6755168 L2.05966799,23.5307597 C1.81921217,23.7712155 1.42935627,23.7712155 1.18890045,23.5307597 C0.948444632,23.2903039 0.948444632,22.9004479 1.18890045,22.6599921 L11.6087371,12.2399791 L0.710144207,1.33997831 C0.477719368,1.1075219 0.46999661,0.735474667 0.686957606,0.493741704 L0.710203334,0.469210767 Z\"><\/path><\/svg><\/a><\/div><\/div><\/div><!-- .post__main --><\/div><!-- .post --><\/div><!-- .list__item --><div class=\"list__item\"><div class=\"post post--dark\"><div class=\"post__image\"><img decoding=\"async\" src=\"https:\/\/innovis.ai\/wp-content\/uploads\/2023\/04\/monitoring-bezpecnostnich-pravidel-nahled.jpg\" alt=\"\" width=\"427\" height=\"320\"  loading=\"lazy\"><\/div><!-- .post__image --><div class=\"post__main\"><div class=\"post__content\"><div class=\"post__tags\"><div class=\"tag\"><\/div><\/div><h2>Monitoring bezpe\u010dnostn\u00fdch pravidiel<\/h2><p>Prenechajte doh\u013ead nad dodr\u017eiavan\u00edm bezpe\u010dnostn\u00fdch pravidiel na chytr\u00fdch technol\u00f3gi\u00e1ch a predch\u00e1dzajte rizik\u00e1m bez za\u0165a\u017eovania \u013eudsk\u00fdch zdrojov.<\/p><\/div><div class=\"post__footer\"><div class=\"post__more\"><a href=\"https:\/\/innovis.ai\/sk\/sluzba\/monitoring-bezpecnostnych-pravidiel\/\" class=\"post__link\"><svg xmlns=\"http:\/\/www.w3.org\/2000\/svg\" width=\"14\" height=\"24\" viewBox=\"0 0 14 24\"><path d=\"M0.710203334,0.469210767 C0.950675478,0.228771278 1.34053138,0.22879775 1.58097087,0.469269894 L12.9149405,11.8047788 C13.1553684,12.0452394 13.1553552,12.4350725 12.9149109,12.6755168 L2.05966799,23.5307597 C1.81921217,23.7712155 1.42935627,23.7712155 1.18890045,23.5307597 C0.948444632,23.2903039 0.948444632,22.9004479 1.18890045,22.6599921 L11.6087371,12.2399791 L0.710144207,1.33997831 C0.477719368,1.1075219 0.46999661,0.735474667 0.686957606,0.493741704 L0.710203334,0.469210767 Z\"><\/path><\/svg><\/a><\/div><\/div><\/div><!-- .post__main --><\/div><!-- .post --><\/div><!-- .list__item --><div class=\"list__item\"><div class=\"post post--dark\"><div class=\"post__image\"><img decoding=\"async\" src=\"https:\/\/innovis.ai\/wp-content\/uploads\/2023\/04\/sluzby-marketingova-data-o-navstevnosti-nahled.jpg\" alt=\"\" width=\"427\" height=\"320\"  loading=\"lazy\"><\/div><!-- .post__image --><div class=\"post__main\"><div class=\"post__content\"><div class=\"post__tags\"><div class=\"tag\"><\/div><\/div><h2>D\u00e1ta o&nbsp;n\u00e1v\u0161tevnosti a&nbsp;pohybe os\u00f4b<\/h2><p>Z\u00edskajte o n\u00e1v\u0161tevn\u00edkoch va\u0161ich obchodov jasn\u00e9, presn\u00e9 a preh\u013eadne spracovan\u00e9 demografick\u00e9 d\u00e1ta s podrobnou anal\u00fdzou.<\/p><\/div><div class=\"post__footer\"><div class=\"post__more\"><a href=\"https:\/\/innovis.ai\/sk\/sluzba\/data-o-navstevnosti-a-pohybe-osob\/\" class=\"post__link\"><svg xmlns=\"http:\/\/www.w3.org\/2000\/svg\" width=\"14\" height=\"24\" viewBox=\"0 0 14 24\"><path d=\"M0.710203334,0.469210767 C0.950675478,0.228771278 1.34053138,0.22879775 1.58097087,0.469269894 L12.9149405,11.8047788 C13.1553684,12.0452394 13.1553552,12.4350725 12.9149109,12.6755168 L2.05966799,23.5307597 C1.81921217,23.7712155 1.42935627,23.7712155 1.18890045,23.5307597 C0.948444632,23.2903039 0.948444632,22.9004479 1.18890045,22.6599921 L11.6087371,12.2399791 L0.710144207,1.33997831 C0.477719368,1.1075219 0.46999661,0.735474667 0.686957606,0.493741704 L0.710203334,0.469210767 Z\"><\/path><\/svg><\/a><\/div><\/div><\/div><!-- .post__main --><\/div><!-- .post --><\/div><!-- .list__item --><div class=\"list__item\"><div class=\"post post--dark\"><div class=\"post__image\"><img decoding=\"async\" src=\"https:\/\/innovis.ai\/wp-content\/uploads\/2023\/04\/digitalizace-auditnich-cinnosti-nahled.jpg\" alt=\"\" width=\"427\" height=\"320\"  loading=\"lazy\"><\/div><!-- .post__image --><div class=\"post__main\"><div class=\"post__content\"><div class=\"post__tags\"><div class=\"tag\"><\/div><\/div><h2>Digitaliz\u00e1cia aud\u00edtnej \u010dinnosti<\/h2><p>Zjednodu\u0161te si dodr\u017eiavanie povinnost\u00ed s pomocou automatick\u00e9ho doh\u013eadu nad normami, rev\u00edziami a zjednoten\u00edm \u0161tandardov naprie\u010d celou va\u0161ou sie\u0165ou showroomov.<\/p><\/div><div class=\"post__footer\"><div class=\"post__more\"><a href=\"https:\/\/innovis.ai\/sk\/sluzba\/digitalizacia-auditnej-cinnosti\/\" class=\"post__link\"><svg xmlns=\"http:\/\/www.w3.org\/2000\/svg\" width=\"14\" height=\"24\" viewBox=\"0 0 14 24\"><path d=\"M0.710203334,0.469210767 C0.950675478,0.228771278 1.34053138,0.22879775 1.58097087,0.469269894 L12.9149405,11.8047788 C13.1553684,12.0452394 13.1553552,12.4350725 12.9149109,12.6755168 L2.05966799,23.5307597 C1.81921217,23.7712155 1.42935627,23.7712155 1.18890045,23.5307597 C0.948444632,23.2903039 0.948444632,22.9004479 1.18890045,22.6599921 L11.6087371,12.2399791 L0.710144207,1.33997831 C0.477719368,1.1075219 0.46999661,0.735474667 0.686957606,0.493741704 L0.710203334,0.469210767 Z\"><\/path><\/svg><\/a><\/div><\/div><\/div><!-- .post__main --><\/div><!-- .post --><\/div><!-- .list__item --><\/div><div class=\"pagination-wrap\" id=\"pagination-wrap\" data-post=\"6001\" data-posttype=\"sluzba\"><div class=\"gears-pagination\"><span class=\"pagination-current-item\" id=\"pagination-current-item\" data-page=\"1\">1<\/span><a class=\"pagination-item pagination-item\" data-page=\"2\" href=\"https:\/\/innovis.ai\/sk\/sluzby\/page\/2\">2<\/a><a class=\"pagination-item next pagination-item\" data-page=\"2\" href=\"https:\/\/innovis.ai\/sk\/sluzby\/page\/2\"><svg xmlns=\"http:\/\/www.w3.org\/2000\/svg\" width=\"14\" height=\"24\" viewBox=\"0 0 14 24\"><path d=\"M0.710203334,0.469210767 C0.950675478,0.228771278 1.34053138,0.22879775 1.58097087,0.469269894 L12.9149405,11.8047788 C13.1553684,12.0452394 13.1553552,12.4350725 12.9149109,12.6755168 L2.05966799,23.5307597 C1.81921217,23.7712155 1.42935627,23.7712155 1.18890045,23.5307597 C0.948444632,23.2903039 0.948444632,22.9004479 1.18890045,22.6599921 L11.6087371,12.2399791 L0.710144207,1.33997831 C0.477719368,1.1075219 0.46999661,0.735474667 0.686957606,0.493741704 L0.710203334,0.469210767 Z\"><\/path><\/svg><\/a><\/div><\/div><\/div>\n<\/div>\n","protected":false},"excerpt":{"rendered":"","protected":false},"author":7,"featured_media":0,"parent":0,"menu_order":0,"comment_status":"closed","ping_status":"closed","template":"","meta":{"_acf_changed":false,"inline_featured_image":false,"footnotes":""},"class_list":["post-6001","page","type-page","status-publish","hentry"],"acf":[],"_links":{"self":[{"href":"https:\/\/innovis.ai\/sk\/wp-json\/wp\/v2\/pages\/6001","targetHints":{"allow":["GET"]}}],"collection":[{"href":"https:\/\/innovis.ai\/sk\/wp-json\/wp\/v2\/pages"}],"about":[{"href":"https:\/\/innovis.ai\/sk\/wp-json\/wp\/v2\/types\/page"}],"author":[{"embeddable":true,"href":"https:\/\/innovis.ai\/sk\/wp-json\/wp\/v2\/users\/7"}],"replies":[{"embeddable":true,"href":"https:\/\/innovis.ai\/sk\/wp-json\/wp\/v2\/comments?post=6001"}],"version-history":[{"count":1,"href":"https:\/\/innovis.ai\/sk\/wp-json\/wp\/v2\/pages\/6001\/revisions"}],"predecessor-version":[{"id":6002,"href":"https:\/\/innovis.ai\/sk\/wp-json\/wp\/v2\/pages\/6001\/revisions\/6002"}],"wp:attachment":[{"href":"https:\/\/innovis.ai\/sk\/wp-json\/wp\/v2\/media?parent=6001"}],"curies":[{"name":"wp","href":"https:\/\/api.w.org\/{rel}","templated":true}]}}