{"id":6006,"date":"2023-03-24T05:07:21","date_gmt":"2023-03-24T05:07:21","guid":{"rendered":"http:\/\/innovis.dev8.kancl.goodsailors.cz\/?page_id=6006"},"modified":"2024-03-06T13:53:49","modified_gmt":"2024-03-06T13:53:49","slug":"kde-vyuzijete-nasu-expertizu","status":"publish","type":"page","link":"https:\/\/innovis.ai\/sk\/kde-vyuzijete-nasu-expertizu\/","title":{"rendered":"Odvetvie"},"content":{"rendered":"\n<div class=\"section\">\n<div class=\"headline\"><h1><span class=\"thin\">Ak\u00e9 oblasti v\u00e1m<\/span><br><span class=\"underline\">pom\u00f4\u017eeme<\/span> vyrie\u0161i\u0165<\/h1><\/div>\n\n\n\n<div class=\"list js-more\"><div class=\"list__grid\">\n<div class=\"list__item color-1 undefined\"><a href=\"\/sk\/logistika-a-priemysel\/\" class=\"list__link\"><div class=\"list__bg\"><img decoding=\"async\" src=\"https:\/\/innovis.ai\/wp-content\/uploads\/2023\/09\/logistika-a-prumysl.jpg\" alt=\"\" width=\"1920\" height=\"898\" loading=\"lazy\"\/><\/div><div class=\"list__main\"><div class=\"list__name\"><span class=\"list__line\"><\/span><span class=\"list__head\">Logistika a&nbsp;priemysel<\/span><\/div><div class=\"list__desc\">Zabezpe\u010dte vy\u0161\u0161iu efektivitu, jednoduch\u0161ie pl\u00e1novanie, plynul\u00fd prev\u00e1dzku a&nbsp;kontrolu nad&nbsp;v\u00fddavkami vo va\u0161om podniku. V\u010faka&nbsp;na\u0161im \u0161pi\u010dkov\u00fdm technol\u00f3gi\u00e1m vylep\u0161\u00edte chod v\u00e1\u0161ho biznisu a&nbsp;z\u00edskate konkuren\u010dn\u00fa v\u00fdhodu.<\/div><span class=\"list__btn\"><svg xmlns=\"http:\/\/www.w3.org\/2000\/svg\" width=\"14\" height=\"24\" viewBox=\"0 0 14 24\"><path d=\"M0.710203334,0.469210767 C0.950675478,0.228771278 1.34053138,0.22879775 1.58097087,0.469269894 L12.9149405,11.8047788 C13.1553684,12.0452394 13.1553552,12.4350725 12.9149109,12.6755168 L2.05966799,23.5307597 C1.81921217,23.7712155 1.42935627,23.7712155 1.18890045,23.5307597 C0.948444632,23.2903039 0.948444632,22.9004479 1.18890045,22.6599921 L11.6087371,12.2399791 L0.710144207,1.33997831 C0.477719368,1.1075219 0.46999661,0.735474667 0.686957606,0.493741704 L0.710203334,0.469210767 Z\"><\/path><\/svg><\/span><\/div><\/a><\/div>\n\n\n\n<div class=\"list__item color-4 \"><a href=\"\/sk\/retail\/\" class=\"list__link\"><div class=\"list__bg\"><img decoding=\"async\" src=\"https:\/\/innovis.ai\/wp-content\/uploads\/2023\/09\/retail.jpg\" alt=\"\" width=\"1920\" height=\"898\" loading=\"lazy\"\/><\/div><div class=\"list__main\"><div class=\"list__name\"><span class=\"list__line\"><\/span><span class=\"list__head\">Retail<\/span><\/div><div class=\"list__desc\">Zabezpe\u010dte bezprobl\u00e9mov\u00fd a&nbsp;bezpe\u010dn\u00fd chod va\u0161ich obchodov, optimalizujte prev\u00e1dzkov\u00e9 n\u00e1klady, obmedzte mieru kriminality a&nbsp;z\u00edskajte jedine\u010dn\u00fd vh\u013ead do&nbsp;v\u00e1\u0161ho biznisu pomocou zberu a&nbsp;vyhodnocovania komplexn\u00fdch \u00fadajov.<\/div><span class=\"list__btn\"><svg xmlns=\"http:\/\/www.w3.org\/2000\/svg\" width=\"14\" height=\"24\" viewBox=\"0 0 14 24\"><path d=\"M0.710203334,0.469210767 C0.950675478,0.228771278 1.34053138,0.22879775 1.58097087,0.469269894 L12.9149405,11.8047788 C13.1553684,12.0452394 13.1553552,12.4350725 12.9149109,12.6755168 L2.05966799,23.5307597 C1.81921217,23.7712155 1.42935627,23.7712155 1.18890045,23.5307597 C0.948444632,23.2903039 0.948444632,22.9004479 1.18890045,22.6599921 L11.6087371,12.2399791 L0.710144207,1.33997831 C0.477719368,1.1075219 0.46999661,0.735474667 0.686957606,0.493741704 L0.710203334,0.469210767 Z\"><\/path><\/svg><\/span><\/div><\/a><\/div>\n\n\n\n<div class=\"list__item color-2 undefined\"><a href=\"\/sk\/nakupne-centra\/\" class=\"list__link\"><div class=\"list__bg\"><img decoding=\"async\" src=\"https:\/\/innovis.ai\/wp-content\/uploads\/2023\/09\/nakupni-centra.jpg\" alt=\"\" width=\"1920\" height=\"898\" loading=\"lazy\"\/><\/div><div class=\"list__main\"><div class=\"list__name\"><span class=\"list__line\"><\/span><span class=\"list__head\">N\u00e1kupn\u00e9 centr\u00e1<\/span><\/div><div class=\"list__desc\">Zabezpe\u010dte bezprobl\u00e9mov\u00fd a&nbsp;bezpe\u010dn\u00fd chod v\u00e1\u0161ho obchodn\u00e9ho centra, optimalizujte prev\u00e1dzkov\u00e9 n\u00e1klady a&nbsp;z\u00edskajte jedine\u010dn\u00fd vh\u013ead do&nbsp;v\u00e1\u0161ho biznisu pomocou zberu a&nbsp;vyhodnocovania komplexn\u00fdch \u00fadajov.<\/div><span class=\"list__btn\"><svg xmlns=\"http:\/\/www.w3.org\/2000\/svg\" width=\"14\" height=\"24\" viewBox=\"0 0 14 24\"><path d=\"M0.710203334,0.469210767 C0.950675478,0.228771278 1.34053138,0.22879775 1.58097087,0.469269894 L12.9149405,11.8047788 C13.1553684,12.0452394 13.1553552,12.4350725 12.9149109,12.6755168 L2.05966799,23.5307597 C1.81921217,23.7712155 1.42935627,23.7712155 1.18890045,23.5307597 C0.948444632,23.2903039 0.948444632,22.9004479 1.18890045,22.6599921 L11.6087371,12.2399791 L0.710144207,1.33997831 C0.477719368,1.1075219 0.46999661,0.735474667 0.686957606,0.493741704 L0.710203334,0.469210767 Z\"><\/path><\/svg><\/span><\/div><\/a><\/div>\n\n\n\n<div class=\"list__item color-3 js-more-item is-hidden\"><a href=\"\/sk\/kancelarske-budovy\/\" class=\"list__link\"><div class=\"list__bg\"><img decoding=\"async\" src=\"https:\/\/innovis.ai\/wp-content\/uploads\/2023\/09\/kancelarske-budovy.jpg\" alt=\"\" width=\"1920\" height=\"898\" loading=\"lazy\"\/><\/div><div class=\"list__main\"><div class=\"list__name\"><span class=\"list__line\"><\/span><span class=\"list__head\">Kancel\u00e1rske budovy<\/span><\/div><div class=\"list__desc\">Z\u00edskajte kontrolu nad&nbsp;kompletn\u00fdm chodom va\u0161ich administrat\u00edvnych budov a&nbsp;u\u0161etrite na&nbsp;n\u00e1kladoch. V\u010faka&nbsp;inteligentn\u00fdm technol\u00f3gi\u00e1m zn\u00ed\u017eite v\u00fddavky na&nbsp;prev\u00e1dzku a&nbsp;zv\u00fd\u0161ite atraktivitu a&nbsp;komfort budovy pre&nbsp;s\u00fa\u010dasn\u00fdch aj&nbsp;potenci\u00e1lnych n\u00e1jomcov.<\/div><span class=\"list__btn\"><svg xmlns=\"http:\/\/www.w3.org\/2000\/svg\" width=\"14\" height=\"24\" viewBox=\"0 0 14 24\"><path d=\"M0.710203334,0.469210767 C0.950675478,0.228771278 1.34053138,0.22879775 1.58097087,0.469269894 L12.9149405,11.8047788 C13.1553684,12.0452394 13.1553552,12.4350725 12.9149109,12.6755168 L2.05966799,23.5307597 C1.81921217,23.7712155 1.42935627,23.7712155 1.18890045,23.5307597 C0.948444632,23.2903039 0.948444632,22.9004479 1.18890045,22.6599921 L11.6087371,12.2399791 L0.710144207,1.33997831 C0.477719368,1.1075219 0.46999661,0.735474667 0.686957606,0.493741704 L0.710203334,0.469210767 Z\"><\/path><\/svg><\/span><\/div><\/a><\/div>\n\n\n\n<div class=\"list__item color-5 js-more-item is-hidden\"><a href=\"\/sk\/autosalony\/\" class=\"list__link\"><div class=\"list__bg\"><img decoding=\"async\" src=\"https:\/\/innovis.ai\/wp-content\/uploads\/2023\/09\/retail-autosalony.jpg\" alt=\"\" width=\"1920\" height=\"898\" loading=\"lazy\"\/><\/div><div class=\"list__main\"><div class=\"list__name\"><span class=\"list__line\"><\/span><span class=\"list__head\">Autosal\u00f3ny<\/span><\/div><div class=\"list__desc\">Pom\u00f4\u017eeme v\u00e1m posun\u00fa\u0165 va\u0161e autosal\u00f3ny o&nbsp;\u00farove\u0148 vy\u0161\u0161ie. V\u010faka&nbsp;presn\u00fdm anal\u00fdzam spr\u00e1vania n\u00e1v\u0161tevn\u00edkov, bezpe\u010dnostn\u00fdm technol\u00f3gi\u00e1m a&nbsp;zv\u00fd\u0161en\u00e9mu komfortu z\u00e1kazn\u00edkov bud\u00fa va\u0161e showroomy fungova\u0165 ako&nbsp;dobre vyladen\u00fd motor.<\/div><span class=\"list__btn\"><svg xmlns=\"http:\/\/www.w3.org\/2000\/svg\" width=\"14\" height=\"24\" viewBox=\"0 0 14 24\"><path d=\"M0.710203334,0.469210767 C0.950675478,0.228771278 1.34053138,0.22879775 1.58097087,0.469269894 L12.9149405,11.8047788 C13.1553684,12.0452394 13.1553552,12.4350725 12.9149109,12.6755168 L2.05966799,23.5307597 C1.81921217,23.7712155 1.42935627,23.7712155 1.18890045,23.5307597 C0.948444632,23.2903039 0.948444632,22.9004479 1.18890045,22.6599921 L11.6087371,12.2399791 L0.710144207,1.33997831 C0.477719368,1.1075219 0.46999661,0.735474667 0.686957606,0.493741704 L0.710203334,0.469210767 Z\"><\/path><\/svg><\/span><\/div><\/a><\/div>\n\n\n\n<div class=\"list__item color-6 js-more-item is-hidden\"><a href=\"\/sk\/stavenisko\/\" class=\"list__link\"><div class=\"list__bg\"><img decoding=\"async\" src=\"https:\/\/innovis.ai\/wp-content\/uploads\/2023\/09\/stavba.jpg\" alt=\"\" width=\"1920\" height=\"898\" loading=\"lazy\"\/><\/div><div class=\"list__main\"><div class=\"list__name\"><span class=\"list__line\"><\/span><span class=\"list__head\">Stavenisko<\/span><\/div><div class=\"list__desc\">Nechajte r\u00e1s\u0165 svoju stavbu, nie n\u00e1klady na&nbsp;prev\u00e1dzku staveniska. Zabezpe\u010d\u00edme bezpe\u010dnos\u0165 a&nbsp;pom\u00f4\u017eeme v\u00e1m u\u0161etri\u0165 na&nbsp;v\u00fddavkoch pomocou inteligentn\u00fdch technol\u00f3gi\u00ed, ktor\u00e9 vyrie\u0161ia pohyb vozidiel, zast\u00fapia \u010dinnos\u0165 fyzickej ostrahy a&nbsp;dohliadnu na&nbsp;dodr\u017eiavanie bezpe\u010dnosti pr\u00e1ce.<\/div><span class=\"list__btn\"><svg xmlns=\"http:\/\/www.w3.org\/2000\/svg\" width=\"14\" height=\"24\" viewBox=\"0 0 14 24\"><path d=\"M0.710203334,0.469210767 C0.950675478,0.228771278 1.34053138,0.22879775 1.58097087,0.469269894 L12.9149405,11.8047788 C13.1553684,12.0452394 13.1553552,12.4350725 12.9149109,12.6755168 L2.05966799,23.5307597 C1.81921217,23.7712155 1.42935627,23.7712155 1.18890045,23.5307597 C0.948444632,23.2903039 0.948444632,22.9004479 1.18890045,22.6599921 L11.6087371,12.2399791 L0.710144207,1.33997831 C0.477719368,1.1075219 0.46999661,0.735474667 0.686957606,0.493741704 L0.710203334,0.469210767 Z\"><\/path><\/svg><\/span><\/div><\/a><\/div>\n\n\n\n<div class=\"list__item color-7 js-more-item is-hidden\"><a href=\"\/sk\/mesta-a-municipalit\/\" class=\"list__link\"><div class=\"list__bg\"><img decoding=\"async\" src=\"https:\/\/innovis.ai\/wp-content\/uploads\/2023\/09\/mesta.jpg\" alt=\"\" width=\"1920\" height=\"898\" loading=\"lazy\"\/><\/div><div class=\"list__main\"><div class=\"list__name\"><span class=\"list__line\"><\/span><span class=\"list__head\">Mest\u00e1 &amp; Municipalit<\/span><\/div><div class=\"list__desc\">Bu\u010fte o&nbsp;krok napred pri zabezpe\u010den\u00ed bezpe\u010dnosti majetku v\u00e1\u0161ho mesta, zv\u00fd\u0161en\u00ed komfortu ob\u010danov a&nbsp;zn\u00ed\u017een\u00ed kriminality. Pom\u00f4\u017eeme v\u00e1m v\u010faka&nbsp;inteligentn\u00fdm technol\u00f3gi\u00e1m u\u0161etri\u0165 v\u00fddavky a&nbsp;zv\u00fd\u0161i\u0165 atraktivitu va\u0161ej municipality.<\/div><span class=\"list__btn\"><svg xmlns=\"http:\/\/www.w3.org\/2000\/svg\" width=\"14\" height=\"24\" viewBox=\"0 0 14 24\"><path d=\"M0.710203334,0.469210767 C0.950675478,0.228771278 1.34053138,0.22879775 1.58097087,0.469269894 L12.9149405,11.8047788 C13.1553684,12.0452394 13.1553552,12.4350725 12.9149109,12.6755168 L2.05966799,23.5307597 C1.81921217,23.7712155 1.42935627,23.7712155 1.18890045,23.5307597 C0.948444632,23.2903039 0.948444632,22.9004479 1.18890045,22.6599921 L11.6087371,12.2399791 L0.710144207,1.33997831 C0.477719368,1.1075219 0.46999661,0.735474667 0.686957606,0.493741704 L0.710203334,0.469210767 Z\"><\/path><\/svg><\/span><\/div><\/a><\/div>\n<\/div><div class=\"list__more\"><a href=\"#\" class=\"btn js-more-trigger\"><span class=\"btn__txt\">ZOBRAZI\u0164 VIAC<\/span><span class=\"btn__icon\"><svg xmlns=\"http:\/\/www.w3.org\/2000\/svg\" width=\"40\" height=\"40\" viewBox=\"0 0 40 40\"><g transform=\"translate(11.51 11.51)\"><path d=\"M8.5,0 C8.77614237,0 9,0.219065566 9,0.489296636 L9,16.4892966 C9,16.7595277 8.77614237,16.9785933 8.5,16.9785933 C8.22385763,16.9785933 8,16.7595277 8,16.4892966 L8,0.489296636 C8,0.219065566 8.22385763,0 8.5,0 Z\"><\/path><path d=\"M16.4892966,8 C16.7595277,8 16.9785933,8.22385763 16.9785933,8.5 C16.9785933,8.77614237 16.7595277,9 16.4892966,9 L0.489296636,9 C0.219065566,9 0,8.77614237 0,8.5 C0,8.22385763 0.219065566,8 0.489296636,8 L16.4892966,8 Z\"><\/path><\/g><\/svg><\/span><\/a><\/div><\/div>\n<\/div>\n","protected":false},"excerpt":{"rendered":"","protected":false},"author":7,"featured_media":0,"parent":0,"menu_order":0,"comment_status":"closed","ping_status":"closed","template":"","meta":{"_acf_changed":false,"inline_featured_image":false,"footnotes":""},"class_list":["post-6006","page","type-page","status-publish","hentry"],"acf":[],"_links":{"self":[{"href":"https:\/\/innovis.ai\/sk\/wp-json\/wp\/v2\/pages\/6006","targetHints":{"allow":["GET"]}}],"collection":[{"href":"https:\/\/innovis.ai\/sk\/wp-json\/wp\/v2\/pages"}],"about":[{"href":"https:\/\/innovis.ai\/sk\/wp-json\/wp\/v2\/types\/page"}],"author":[{"embeddable":true,"href":"https:\/\/innovis.ai\/sk\/wp-json\/wp\/v2\/users\/7"}],"replies":[{"embeddable":true,"href":"https:\/\/innovis.ai\/sk\/wp-json\/wp\/v2\/comments?post=6006"}],"version-history":[{"count":4,"href":"https:\/\/innovis.ai\/sk\/wp-json\/wp\/v2\/pages\/6006\/revisions"}],"predecessor-version":[{"id":6789,"href":"https:\/\/innovis.ai\/sk\/wp-json\/wp\/v2\/pages\/6006\/revisions\/6789"}],"wp:attachment":[{"href":"https:\/\/innovis.ai\/sk\/wp-json\/wp\/v2\/media?parent=6006"}],"curies":[{"name":"wp","href":"https:\/\/api.w.org\/{rel}","templated":true}]}}