{"id":6086,"date":"2023-07-26T19:40:20","date_gmt":"2023-07-26T19:40:20","guid":{"rendered":"http:\/\/innovis.dev8.kancl.goodsailors.cz\/?page_id=6086"},"modified":"2024-02-12T12:31:51","modified_gmt":"2024-02-12T12:31:51","slug":"pripoj-sa-k-nam","status":"publish","type":"page","link":"https:\/\/innovis.ai\/sk\/pripoj-sa-k-nam\/","title":{"rendered":"Kari\u00e9ra"},"content":{"rendered":"\n<div class=\"hero\"><div class=\"hero__main\"><div class=\"hero__article hero__article--midi\"><h1>PRIDAJTE SA K&nbsp;N\u00c1\u0160MU T\u00cdMU V\u00ddNIMO\u010cN\u00ddCH TALENTOV<\/h1><p>spolo\u010dnosti INNOVIS si uvedomujeme, \u017ee&nbsp;na\u0161i \u013eudia s\u00fa z\u00e1kladom n\u00e1\u0161ho \u00faspechu. Odbornos\u0165, z\u00e1pal a&nbsp;odhodlanie n\u00e1\u0161ho t\u00edmu n\u00e1s pos\u00fava vpred. Neust\u00e1le h\u013ead\u00e1me talentovan\u00fdch jednotlivcov \u2013 urobte prv\u00fd krok a&nbsp;objavte kari\u00e9rne pr\u00edle\u017eitosti s&nbsp;INNOVIS!<\/p><\/div><\/div><div class=\"hero__fig is-dark\"><img loading=\"lazy\" decoding=\"async\" src=\"http:\/\/innovis.ai\/wp-content\/uploads\/2023\/07\/join-us.jpg\" alt=\"\" width=\"1920\" height=\"898\"\/><\/div><\/div>\n\n\n\n<div class=\"section\"><div class=\"entry\"><div class=\"heading heading--small\"><h2>PRE\u010cO INNOVIS?<\/h2><\/div><p><strong>V spolo\u010dnosti INNOVIS si cen\u00edme na\u0161ich \u013eud\u00ed. Bez&nbsp;ich znalost\u00ed, nad\u0161enia a&nbsp;\u00fasilia by&nbsp;sme nemohli dosiahnu\u0165 na\u0161e ciele. Podporujeme prostredie, v&nbsp;ktorom m\u00e1 ka\u017ed\u00fd \u010dlovek zmyslupln\u00fa n\u00e1pl\u0148 pr\u00e1ce a&nbsp;pr\u00edle\u017eitosti na&nbsp;kari\u00e9rny rast. Pripojte sa k&nbsp;n\u00e1m a&nbsp;sta\u0148te sa d\u00f4le\u017eitou s\u00fa\u010das\u0165ou n\u00e1\u0161ho dynamick\u00e9ho t\u00edmu<\/strong><\/p><\/div><\/div>\n\n\n\n<div class=\"talent\"><div class=\"talent__section\"><div class=\"talent__main\"><div class=\"heading heading--small\"><h2>H\u013dAD\u00c1ME R\u00d4ZNOROD\u00dd TALENT<\/h2><\/div>\n<p><strong>H\u013ead\u00e1me absolventov, mlad\u00fdch aj&nbsp;sk\u00fasen\u00fdch kolegov profesion\u00e1lov, ktor\u00ed maj\u00fa zmysel pre&nbsp;detail, s\u00fa kreat\u00edvni a&nbsp;orientuj\u00fa sa na&nbsp;slu\u017ebu z\u00e1kazn\u00edkom. Spolo\u010dne poskytujeme na\u0161im klientom v\u00fdnimo\u010dn\u00fd servis.<\/strong><\/p>\n\n\n\n<p><strong>Firemn\u00e1 kult\u00fara:<\/strong><br>Budujeme firemn\u00fa kult\u00faru zalo\u017een\u00fa na&nbsp;samostatnosti a&nbsp;agilnom raste. Sved\u010d\u00ed n\u00e1m dynamick\u00e9 prostredie a&nbsp;r\u00fdchlo sa prisp\u00f4sobujeme nov\u00fdm situ\u00e1ci\u00e1m. Ka\u017ed\u00fd \u010dlen t\u00edmu prin\u00e1\u0161a jedine\u010dn\u00fa kombin\u00e1ciu schopnost\u00ed, sk\u00fasenost\u00ed a&nbsp;odborn\u00fdch znalost\u00ed, ktor\u00e9 prispievaj\u00fa k&nbsp;spolo\u010dn\u00e9mu \u00faspechu.<\/p>\n<\/div><div class=\"talent__fig\"><img decoding=\"async\" src=\"http:\/\/innovis.ai\/wp-content\/uploads\/2023\/07\/talent.png\" alt=\"\" width=\"1250\" height=\"897\" loading=\"lazy\"\/><\/div><\/div><\/div>\n\n\n\n<div class=\"light-bg\"><div class=\"section\">\n<div class=\"heading heading--small\"><h2>VYDAJTE SA NA&nbsp;CESTU S&nbsp;INNOVIS<\/h2><\/div><article class=\"article\">\n<p><strong>Pozrite si na\u0161e aktu\u00e1lne vo\u013en\u00e9 miesta. Pripojte sa k&nbsp;n\u00e1m a&nbsp;podie\u013eajte sa na&nbsp;budovan\u00ed technol\u00f3gi\u00ed bud\u00facnosti<\/strong><\/p>\n\n\n\n<p><strong>Vypl\u0148te kontaktn\u00fd formul\u00e1r a&nbsp;nap\u00ed\u0161te kr\u00e1tky odkaz o&nbsp;tom, pre\u010do by&nbsp;ste sa do&nbsp;n\u00e1\u0161ho t\u00edmu hodili. Te\u0161\u00edme sa na&nbsp;va\u0161u spr\u00e1vu<\/strong><\/p>\n<\/article>\n\n\n  <p>* Povinn\u00e9 polia<\/p>\n  <form id=\"contact-form-wrap\" method=\"post\" data-type=\"contact\" data-email=\"\" novalidate=\"\">\n      <div class=\"contact-form-wrap\">\n          <div class=\"contact-form-wrap-inner\">\n              <div class=\"contact-form-line\">\n                  <div class=\"contact-form-line-full\">\n                      <label for=\"name\">Meno*<\/label>\n                      <input type=\"text\" id=\"contact-form-name\" pattern=\"[A-Za-z]+\" name=\"name\" class=\"input-type-text form-input require\" placeholder=\"Meno\" onfocusout=\"validateName()\" \/>\n\n                      <div id=\"contact-form-name-errors\" class=\"contact-form_errors-box\">\n                          <div id=\"contact-form-error-name_missing\">Vypl\u0148te va\u0161e meno.<\/div>\n                          <div id=\"contact-form-error-name_bad-characters\">Pou\u017eite len p\u00edsmen\u00e1 A-Z.<\/div>\n                          <div id=\"contact-form-error-name_count-characters\">Minim\u00e1lne 2 znaky.<\/div>\n                      <\/div>\n                  <\/div>\n              <\/div>\n\n              <div class=\"contact-form-line\">\n                  <div class=\"contact-form-line-full\">\n                      <label for=\"companyname\">N\u00e1zov firmy<\/label>\n                      <input type=\"text\" id=\"contact-form-companyname\" pattern=\"[A-Za-z]+\" name=\"companyname\" class=\"input-type-text form-input\" placeholder=\"N\u00e1zov firmy\" onfocusout=\"validateCompanyName()\" \/>\n\n                      <div id=\"contact-form-companyname-errors\" class=\"contact-form_errors-box\">\n                          <div id=\"contact-form-error-companyname_bad-characters\">Pou\u017eite len p\u00edsmen\u00e1 A-Z.<\/div>\n                          <div id=\"contact-form-error-companyname_count-characters\">Minim\u00e1lne 2 znaky.<\/div>\n                      <\/div>\n                  <\/div>\n              <\/div>\n\n              <div class=\"contact-form-line\">\n                  <div class=\"contact-form-line-full\">\n                      <label for=\"name\">Email*<\/label>\n                      <input type=\"email\" id=\"contact-form-email\" name=\"email\" class=\"input-type-email form-input require\" placeholder=\"Email\" onfocusout=\"validateEmail()\" \/>\n                      <div id=\"contact-form-email-errors\" class=\"contact-form_errors-box\">\n                          <div id=\"contact-form-error-email_missing\">Vypl\u0148te v\u00e1\u0161 e-mail.<\/div>\n                          <div id=\"contact-form-error-email_bad-format\">E-mail je v&nbsp;nespr\u00e1vnom tvare.<\/div>\n                      <\/div>\n                  <\/div>\n              <\/div>\n\n              <div class=\"contact-form-line\">\n                  <div class=\"contact-form-line-full\">\n                      <label for=\"Phone\">Telef\u00f3n*<\/label>\n                      <input type=\"text\" id=\"contact-form-phone\" pattern=\"\\d{9}\" name=\"phone\" class=\"input-type-text form-input require\" placeholder=\"Telef\u00f3n\" onfocusout=\"validatePhone()\" \/>\n                      <div id=\"contact-form-phone-errors\" class=\"contact-form_errors-box\">\n                          <div id=\"contact-form-error-phone_missing\">Vypl\u0148te telef\u00f3nne \u010d\u00edslo.<\/div>\n                          <div id=\"contact-form-error-phone_bad-characters\">Nepovolen\u00e9 znaky.<\/div>\n                          <div id=\"contact-form-error-phone_count-characters\">Pou\u017eite len 9-miestne \u010d\u00edslo.<\/div>\n                      <\/div>\n                  <\/div>\n              <\/div>\n\n              <div class=\"contact-form-line\">\n                  <div class=\"contact-form-line-full\">\n                      <label for=\"file\">Prilo\u017ete s\u00fabory<\/label>\n\n                      <div class=\"file-upload\">\n                          <input type=\"file\" name=\"file\" id=\"file\" class=\"inputfile\" data-multiple-caption=\"{count} files selected\" multiple=\"\" placeholder=\"S\u00fabor nevybran\u00fd\">\n\n                              <label for=\"file\" class=\"btn btn--secondary\">\n                                  <span class=\"btn__txt\">Nahra\u0165 pr\u00edlohu<\/span>\n                                  <span class=\"btn__icon\">\n                                      <svg xmlns=\"http:\/\/www.w3.org\/2000\/svg\" viewBox=\"0 0 24 24\" width=\"16\" height=\"16\"><path d=\"M4 19H20V12H22V20C22 20.5523 21.5523 21 21 21H3C2.44772 21 2 20.5523 2 20V12H4V19ZM13 9V16H11V9H6L12 3L18 9H13Z\"><\/path><\/svg>\n                                  <\/span>\n                              <\/label>\n                      <\/div>\n                  <\/div>\n              <\/div>\n\n              <div class=\"contact-form-line\">\n                  <div class=\"contact-form-line-full\">\n                      <label for=\"name\">Spr\u00e1va*<\/label>\n                      <textarea name=\"message\" id=\"contact-form-message\" pattern=\"[A-Za-z0-9]+\" class=\"form-input require\" placeholder=\"Nap\u00ed\u0161te spr\u00e1vu..\" onfocusout=\"validateMessage()\"><\/textarea>\n                      <div id=\"contact-form-message-errors\" class=\"contact-form_errors-box\">\n                          <div id=\"contact-form-error-message_missing\">Spr\u00e1va mus\u00ed obsahova\u0165 aspo\u0148 10 znakov<\/div>\n                      <\/div>\n                  <\/div>\n              <\/div>\n\n              <div class=\"contact-form-line\">\n                  <div class=\"contact-form-line-full contact-form-terms\">\n                      <input type=\"checkbox\" name=\"terms\" class=\"input-type-terms form-input require\" id=\"contact-form-terms\" \/>\n                      <label for=\"name\">S\u00fahlas\u00edm so&nbsp;<a href=\"https:\/\/innovis.ai\/sk\/informace-o-zpracovani-osobnich-udaju\/\" target=\"_blank\"> spracovan\u00edm osobn\u00fdch \u00fadajov<\/a><\/label>\n                  <\/div>\n\n                  <div id=\"contact-form-term-errors\" class=\"contact-form_errors-box\">\n                      <div id=\"contact-form-error-terms_missing\">Mus\u00edte s\u00fahlasi\u0165 so spracovan\u00edm osobn\u00fdch \u00fadajov<\/div>\n                  <\/div>\n              <\/div>\n\n               <div class=\"contact-form-line captcha\">\n                  <div class=\"g-recaptcha\" id=\"contact-form-captcha\"\n                    data-sitekey=\"6Lf0FWIpAAAAALyo7t7ZoM4Mkn4PQjBjp0-cODtw\"><\/div>\n\n                  <div id=\"contact-form-term-errors\" class=\"contact-form_errors-box\">\n                      <div id=\"contact-form-error-captcha_missing\">Pros\u00edm ov\u011b\u0159te, \u017ee&nbsp;nejste robot!<\/div>\n                  <\/div>\n              <\/div>\n\n              <div class=\"contact-form-line\" id=\"error-response\" style=\"display:none\"><\/div>\n              <div class=\"contact-form-line\" id=\"success-response\" style=\"display:none\">\n                  Formul\u00e1r bol \u00faspe\u0161ne odoslan\u00fd.              <\/div>\n\n\n              <div class=\"contact-form-line\">\n                  <div class=\"contact-form-line-full contact-form-send-containter\" \/>\n                  <span id=\"send-message\">\n                      <button type=\"submit\" class=\"btn btn--secondary\">\n                          <span class=\"btn__txt\">Odosla\u0165<\/span>\n                          <span class=\"btn__icon\">\n                              <svg xmlns=\"http:\/\/www.w3.org\/2000\/svg\" width=\"40\" height=\"40\" viewBox=\"0 0 40 40\"><g transform=\"translate(11.5 13.456)\"><path d=\"M10.1478819 6.144593C10.3409094 5.95160773 10.6538346 5.95164197 10.8468199 6.14466946L16.4933263 11.7924115C16.6863116 11.985439 16.6862774 12.2983642 16.4932499 12.4913494 16.3002224 12.6843347 15.9872972 12.6843005 15.7943119 12.491273L10.1478055 6.84353094C9.95482019 6.65050345 9.95485442 6.33757827 10.1478819 6.144593ZM6.14710235 6.14463123C6.34010873 5.95162485 6.65303391 5.95162485 6.84604029 6.14463123 7.03904668 6.33763762 7.03904668 6.65056279 6.84604029 6.84356918L1.1216936 12.5679159C.928687213 12.7609223.615762036 12.7609223.422755653 12.5679159.229749269 12.3749095.229749269 12.0619843.422755653 11.8689779L6.14710235 6.14463123Z\"><\/path><path d=\"M15.8697193,0.420284534 C16.0627256,0.22727815 16.3756508,0.22727815 16.5686572,0.420284534 C16.7616636,0.613290918 16.7616636,0.926216094 16.5686572,1.11922248 L9.51049321,8.17738549 C8.95048985,8.73927438 8.041572,8.73927438 7.48024036,8.17794274 L0.422725066,1.11919189 C0.229735576,0.926168612 0.229762966,0.613243437 0.422786242,0.420253947 C0.615809519,0.227264457 0.928734694,0.227291847 1.12172418,0.420315123 L8.17920889,7.47903538 C8.35430123,7.65412773 8.63646264,7.65412773 8.81096842,7.47903538 L15.8697193,0.420284534 Z\"><\/path><path d=\"M15.5532217,4.54747351e-13 L1.43572002,4.54747351e-13 C0.642597269,4.54747351e-13 0,0.642597269 0,1.43572002 L0,11.5537159 C0,12.3459297 0.642923363,12.989436 1.43572002,12.989436 L15.5532217,12.989436 C16.3460184,12.989436 16.9889417,12.3459297 16.9889417,11.5537159 L16.9889417,1.43572002 C16.9889417,0.642597269 16.3463445,4.54747351e-13 15.5532217,4.54747351e-13 Z M15.5532217,0.98844752 C15.80044,0.98844752 16.0004942,1.18850176 16.0004942,1.43572002 L16.0004942,11.5537159 C16.0004942,11.8002256 15.7999133,12.0009884 15.5532217,12.0009884 L1.43572002,12.0009884 C1.18902847,12.0009884 0.98844752,11.8002256 0.98844752,11.5537159 L0.98844752,1.43572002 C0.98844752,1.18850176 1.18850176,0.98844752 1.43572002,0.98844752 L15.5532217,0.98844752 Z\"><\/path><\/g><\/svg>\n                          <\/span>\n                      <\/button>\n                  <\/span>\n              <\/div>\n          <\/div>\n      <\/div>\n  <\/div>\n  <\/form>\n\n  <\/div><\/div>\n","protected":false},"excerpt":{"rendered":"","protected":false},"author":7,"featured_media":0,"parent":0,"menu_order":0,"comment_status":"closed","ping_status":"closed","template":"","meta":{"_acf_changed":false,"inline_featured_image":false,"footnotes":""},"class_list":["post-6086","page","type-page","status-publish","hentry"],"acf":[],"_links":{"self":[{"href":"https:\/\/innovis.ai\/sk\/wp-json\/wp\/v2\/pages\/6086","targetHints":{"allow":["GET"]}}],"collection":[{"href":"https:\/\/innovis.ai\/sk\/wp-json\/wp\/v2\/pages"}],"about":[{"href":"https:\/\/innovis.ai\/sk\/wp-json\/wp\/v2\/types\/page"}],"author":[{"embeddable":true,"href":"https:\/\/innovis.ai\/sk\/wp-json\/wp\/v2\/users\/7"}],"replies":[{"embeddable":true,"href":"https:\/\/innovis.ai\/sk\/wp-json\/wp\/v2\/comments?post=6086"}],"version-history":[{"count":2,"href":"https:\/\/innovis.ai\/sk\/wp-json\/wp\/v2\/pages\/6086\/revisions"}],"predecessor-version":[{"id":6090,"href":"https:\/\/innovis.ai\/sk\/wp-json\/wp\/v2\/pages\/6086\/revisions\/6090"}],"wp:attachment":[{"href":"https:\/\/innovis.ai\/sk\/wp-json\/wp\/v2\/media?parent=6086"}],"curies":[{"name":"wp","href":"https:\/\/api.w.org\/{rel}","templated":true}]}}